{"id":692361,"date":"2024-08-17T15:42:34","date_gmt":"2024-08-17T12:42:34","guid":{"rendered":"https:\/\/nbg.eu\/product\/magwell-kmr-l-02-alu-brass\/"},"modified":"2026-05-13T15:10:44","modified_gmt":"2026-05-13T12:10:44","slug":"magwell-kmr-l-02-alu-brass","status":"publish","type":"product","link":"https:\/\/nbg.eu\/mt\/product\/magwell-kmr-l-02-alu-brass\/","title":{"rendered":"KMR Magwell L-02 Ram"},"content":{"rendered":"<h2>Magwell KMR L-02 Brams: A\u0121\u0121ornament ta&#8217; Arma ta&#8217; Pre\u010bi\u017cjoni g\u0127al-Pjattaformi KMR<\/h2>\n<p>Qed nippre\u017centaw il-Magwell KMR L-02 Brams, prodott ta&#8217; kwalit\u00e0 g\u0127olja iddisinjat biex i\u017cid il-prestazzjoni u l-funzjonalit\u00e0 tal-armi kompatibbli mal-KMR tieg\u0127ek. Mag\u0127mul bi pre\u010bi\u017cjoni u b&#8217;attenzjoni g\u0127ad-dettall, dan il-komponent tal-brams huwa in\u0121inerizzat biex jintegra ming\u0127ajr problemi mal-pjattaforma KMR tieg\u0127ek, u jipprovdi a\u0121\u0121ornament stilistiku u b&#8217;sa\u0127\u0127tu.<\/p>\n<p>Mag\u0127mul minn materjali tal-brams ta&#8217; kwalit\u00e0 g\u0127olja, il-Magwell KMR L-02 Brams joffri durabbilt\u00e0 e\u010b\u010bezzjonali u estetika lussu\u017ca li se tg\u0127olli l-\u0127arsa tal-arma tieg\u0127ek. Id-disinn eleganti u l-integrazzjoni bla xkiel tassigura a\u0121\u0121ornament siewi u bla problemi, li jippermettilek i\u017c\u017comm il-prestazzjoni u l-manuvrar li inti mistenna mill-pjattaforma KMR tieg\u0127ek.<\/p>\n<p>G\u0127al Armi KMR<\/p>\n<p>KMR L-02 EMIQ<\/p>\n<p>KMR L-02 EMIQ (OR)<\/p>\n<p>KMR L-02 ORCA SAKEMM 2023<\/p>\n<p>KMR L-02 SPECTRA SAKEMM 2023<\/p>\n<p>Referenza 0531-01101-0316<\/p>\n","protected":false},"excerpt":{"rendered":"<p>Magwell KMR L-02 Ottonu g\u0127all-Armi KMR<\/p>\n","protected":false},"featured_media":720254,"template":"","meta":{"_acf_changed":false},"product_brand":[11500],"product_cat":[14104,14977,14128],"product_tag":[],"class_list":{"0":"post-692361","1":"product","2":"type-product","3":"status-publish","4":"has-post-thumbnail","6":"product_brand-kmr-precision","7":"product_cat-partijiet-tal-pistola","8":"product_cat-pistol-magwells-mt","9":"product_cat-pistola","11":"first","12":"outofstock","13":"taxable","14":"shipping-taxable","15":"product-type-simple"},"acf":[],"_links":{"self":[{"href":"https:\/\/nbg.eu\/mt\/wp-json\/wp\/v2\/product\/692361","targetHints":{"allow":["GET"]}}],"collection":[{"href":"https:\/\/nbg.eu\/mt\/wp-json\/wp\/v2\/product"}],"about":[{"href":"https:\/\/nbg.eu\/mt\/wp-json\/wp\/v2\/types\/product"}],"wp:featuredmedia":[{"embeddable":true,"href":"https:\/\/nbg.eu\/mt\/wp-json\/wp\/v2\/media\/720254"}],"wp:attachment":[{"href":"https:\/\/nbg.eu\/mt\/wp-json\/wp\/v2\/media?parent=692361"}],"wp:term":[{"taxonomy":"product_brand","embeddable":true,"href":"https:\/\/nbg.eu\/mt\/wp-json\/wp\/v2\/product_brand?post=692361"},{"taxonomy":"product_cat","embeddable":true,"href":"https:\/\/nbg.eu\/mt\/wp-json\/wp\/v2\/product_cat?post=692361"},{"taxonomy":"product_tag","embeddable":true,"href":"https:\/\/nbg.eu\/mt\/wp-json\/wp\/v2\/product_tag?post=692361"}],"curies":[{"name":"wp","href":"https:\/\/api.w.org\/{rel}","templated":true}]}}