{"id":692404,"date":"2024-08-18T11:19:05","date_gmt":"2024-08-18T08:19:05","guid":{"rendered":"https:\/\/nbg.eu\/product\/mag-release-button-screw-m3x6-iso-14581-kmr\/"},"modified":"2026-04-16T18:08:19","modified_gmt":"2026-04-16T15:08:19","slug":"mag-release-button-screw-m3x6-iso-14581-kmr","status":"publish","type":"product","link":"https:\/\/nbg.eu\/mt\/product\/mag-release-button-screw-m3x6-iso-14581-kmr\/","title":{"rendered":"KMR Vit tal-Buttuna tar-Rilaxx M3x6 ISO 14581"},"content":{"rendered":"<h2>Viti tal-Buttuna tal-Eliberazzjoni tal-Poxx M3X6 Iso 14581 KMR<\/h2>\n<p>Dan il-Viti tal-Buttuna tal-Eliberazzjoni tal-Poxx M3X6 Iso 14581 huwa komponent essenzjali g\u0127al varjet\u00e0 wiesg\u0127a ta&#8217; armi KMR. Mag\u0127mul biex jissodisfa l-istandards ISO 14581, dan il-viti ji\u017cgura konnessjoni sigura u affidabbli g\u0127all-buttuna tal-eliberazzjoni tal-poxx, li jippermetti operazzjoni u manutenzjoni bla xkiel tal-arma. B&#8217;daqs ta&#8217; M3x6, dan l-a\u010b\u010bessorju huwa essenzjali g\u0127al kull min qed jissera jew i\u0121edded l-armi tieg\u0127u kompatibbli mal-KMR.<\/p>\n<p>G\u0127al Armi KMR<\/p>\n<p>KMR L-02 EMIQ<\/p>\n<p>KMR L-02 EMIQ (OR)<\/p>\n<p>KMR L-02 ORCA MINN 2024<\/p>\n<p>KMR L-02 ORCA SAR 2023<\/p>\n<p>KMR L-02 SPECTRA MINN 2024<\/p>\n<p>KMR L-02 SPECTRA SAR 2023<\/p>\n<p>KMR L-02 UMBRA (OR) SR<\/p>\n<p>KMR S-01 LANCE (OR)<\/p>\n<p>KMR S-02 MINN 2024<\/p>\n<p>KMR S-02 SAR 2023<\/p>\n<p>KMR W-02 CUDA (OR)<\/p>\n<p>KMR W-02 UMBRA<\/p>\n<p>KMR W-02 UMBRA (OR<\/p>\n","protected":false},"excerpt":{"rendered":"<p>Il-Buttuna tal-\u0126all tal-Maga\u017cin M3X6 Iso 14581 KMR g\u0127al diversi armi KMR.<\/p>\n","protected":false},"featured_media":25480,"template":"","meta":{"_acf_changed":false},"product_brand":[11500],"product_cat":[14108],"product_tag":[],"class_list":{"0":"post-692404","1":"product","2":"type-product","3":"status-publish","4":"has-post-thumbnail","6":"product_brand-kmr-precision","7":"product_cat-partijiet-kmr","9":"first","10":"instock","11":"taxable","12":"shipping-taxable","13":"product-type-simple"},"acf":[],"_links":{"self":[{"href":"https:\/\/nbg.eu\/mt\/wp-json\/wp\/v2\/product\/692404","targetHints":{"allow":["GET"]}}],"collection":[{"href":"https:\/\/nbg.eu\/mt\/wp-json\/wp\/v2\/product"}],"about":[{"href":"https:\/\/nbg.eu\/mt\/wp-json\/wp\/v2\/types\/product"}],"wp:featuredmedia":[{"embeddable":true,"href":"https:\/\/nbg.eu\/mt\/wp-json\/wp\/v2\/media\/25480"}],"wp:attachment":[{"href":"https:\/\/nbg.eu\/mt\/wp-json\/wp\/v2\/media?parent=692404"}],"wp:term":[{"taxonomy":"product_brand","embeddable":true,"href":"https:\/\/nbg.eu\/mt\/wp-json\/wp\/v2\/product_brand?post=692404"},{"taxonomy":"product_cat","embeddable":true,"href":"https:\/\/nbg.eu\/mt\/wp-json\/wp\/v2\/product_cat?post=692404"},{"taxonomy":"product_tag","embeddable":true,"href":"https:\/\/nbg.eu\/mt\/wp-json\/wp\/v2\/product_tag?post=692404"}],"curies":[{"name":"wp","href":"https:\/\/api.w.org\/{rel}","templated":true}]}}