{"id":692420,"date":"2024-09-17T08:06:19","date_gmt":"2024-09-17T05:06:19","guid":{"rendered":"https:\/\/nbg.eu\/product\/main-spring-strut-kmr-l\/"},"modified":"2026-04-16T18:06:46","modified_gmt":"2026-04-16T15:06:46","slug":"main-spring-strut-kmr-l","status":"publish","type":"product","link":"https:\/\/nbg.eu\/mt\/product\/main-spring-strut-kmr-l\/","title":{"rendered":"KMR Struttura tal-Molla Prin\u010bipali L"},"content":{"rendered":"<h2>Main Spring Strut KMR L &#8211; Affidabbli A\u0121\u0121ornament tas-Sospensjoni g\u0127al Weapons KMR<\/h2>\n<p>Il-Main Spring Strut KMR L huwa komponenti tas-sospensjoni ta&#8217; kwalit\u00e0 g\u0127olja li \u0121ie ddisinjat biex jipprovdi ri\u0121ka smoota u affidabbli g\u0127al pjattaformi Weapons KMR. B&#8217;kostruzzjoni re\u017ciljenti u in\u0121inerija avvanzata, dan l-istrut huwa a\u0121\u0121ornament essenzjali g\u0127all-utenti li qed ifittxu prestazzjoni u stabbilt\u00e0 mtejba.<\/p>\n<p>In\u0121inerija Pre\u010bi\u017ca: Imfassla b&#8217;mod pre\u010bi\u017c, il-Main Spring Strut KMR L jipprovdi prestazzjoni konsistenti u affidabbli, li ti\u017cgura ri\u0121ka stabbli u kkontrollata anke f&#8217;kundizzjonijiet e\u017ci\u0121enti. Id-disinn avvanzat u l-materjali ta&#8217; kwalit\u00e0 g\u0127olja tal-istrut jiffurmaw soluzzjoni durabbli u fit-tul g\u0127all-pjattaforma Weapons KMR tieg\u0127ek.<\/p>\n<p>G\u0127al Weapons KMR<\/p>\n<p>KMR L-02 EMIQ<\/p>\n<p>KMR L-02 EMIQ (OR)<\/p>\n<p>KMR L-02 ORCA MILL-2024<\/p>\n<p>KMR L-02 ORCA SAL-2023<\/p>\n<p>KMR L-02 SPECTRA MILL-2024<\/p>\n<p>KMR L-02 SPECTRA SAL-2023<\/p>\n<p>KMR L-02 UMBRA (OR) SR<\/p>\n","protected":false},"excerpt":{"rendered":"<p>Bilan\u010b prin\u010bipali KMR L g\u0127al armi serje KMR<\/p>\n","protected":false},"featured_media":25595,"template":"","meta":{"_acf_changed":false},"product_brand":[11500],"product_cat":[14126,14108],"product_tag":[],"class_list":{"0":"post-692420","1":"product","2":"type-product","3":"status-publish","4":"has-post-thumbnail","6":"product_brand-kmr-precision","7":"product_cat-molol","8":"product_cat-partijiet-kmr","10":"first","11":"instock","12":"taxable","13":"shipping-taxable","14":"product-type-simple"},"acf":[],"_links":{"self":[{"href":"https:\/\/nbg.eu\/mt\/wp-json\/wp\/v2\/product\/692420","targetHints":{"allow":["GET"]}}],"collection":[{"href":"https:\/\/nbg.eu\/mt\/wp-json\/wp\/v2\/product"}],"about":[{"href":"https:\/\/nbg.eu\/mt\/wp-json\/wp\/v2\/types\/product"}],"wp:featuredmedia":[{"embeddable":true,"href":"https:\/\/nbg.eu\/mt\/wp-json\/wp\/v2\/media\/25595"}],"wp:attachment":[{"href":"https:\/\/nbg.eu\/mt\/wp-json\/wp\/v2\/media?parent=692420"}],"wp:term":[{"taxonomy":"product_brand","embeddable":true,"href":"https:\/\/nbg.eu\/mt\/wp-json\/wp\/v2\/product_brand?post=692420"},{"taxonomy":"product_cat","embeddable":true,"href":"https:\/\/nbg.eu\/mt\/wp-json\/wp\/v2\/product_cat?post=692420"},{"taxonomy":"product_tag","embeddable":true,"href":"https:\/\/nbg.eu\/mt\/wp-json\/wp\/v2\/product_tag?post=692420"}],"curies":[{"name":"wp","href":"https:\/\/api.w.org\/{rel}","templated":true}]}}