{"id":692544,"date":"2024-08-18T12:21:09","date_gmt":"2024-08-18T09:21:09","guid":{"rendered":"https:\/\/nbg.eu\/product\/main-spring-plug-kmr\/"},"modified":"2026-04-16T18:07:41","modified_gmt":"2026-04-16T15:07:41","slug":"main-spring-plug-kmr","status":"publish","type":"product","link":"https:\/\/nbg.eu\/mt\/product\/main-spring-plug-kmr\/","title":{"rendered":"KMR Tappiera tal-Molla Prin\u010bipali"},"content":{"rendered":"<h2>Plug ta&#8217; Primavera Prin\u010bipali KMR<\/h2>\n<p>Mag\u0127mul b&#8217;pre\u010bi\u017cjoni u attenzjoni g\u0127ad-dettall, il-Plug ta&#8217; Primavera Prin\u010bipali KMR ji\u017cgura operazzjoni bla xkiel u funzjonalit\u00e0 pre\u010bi\u017ca fil-mekkani\u017cmi tal-arma. Il-kompatibilit\u00e0 tieg\u0127u ma&#8217; firxa wiesg\u0127a ta&#8217; mudelli KMR, kemm mill-\u0121enerazzjoni pre\u017centi kif ukoll mill-pre\u010bedenti, jag\u0127mluh komponent versattili u essenzjali g\u0127all-proprjetarji tal-armi u l-professjonisti tal-manutenzjoni.<\/p>\n<p>Sew jekk qed tirran\u0121a, tissorvelja, jew tissostitwixxi komponent fl-arma tieg\u0127ek ikkonfiggurat ma&#8217; KMR, il-Plug ta&#8217; Primavera Prin\u010bipali KMR huwa parti kritika li g\u0127andha ti\u0121i kkunsidrata. B&#8217;kostruzzjoni affidabbli u integrazzjoni bla xkiel, dan il-plug jg\u0127in sabiex i\u017comm il-prestazzjoni u l-affidabilit\u00e0 ottimali tas-sistema tal-arma tieg\u0127ek, biex ji\u017cgura esperjenza konsistenti u affidabbli g\u0127all-utent.<\/p>\n<\/p>\n<p>G\u0127al Armamenti KMR:<\/p>\n<\/p>\n<p>KMR L-02 EMIQ<\/p>\n<\/p>\n<p>KMR L-02 EMIQ (OR)<\/p>\n<\/p>\n<p>KMR L-02 ORCA MI\u010a-\u010aIRKI 2024<\/p>\n<\/p>\n<p>KMR L-02 ORCA SA\u010a-\u010aIRKI 2023<\/p>\n<\/p>\n<p>KMR L-02 SPECTRA MI\u010a-\u010aIRKI 2024<\/p>\n<\/p>\n<p>KMR L-02 SPECTRA SA\u010a-\u010aIRKI 2023<\/p>\n<\/p>\n<p>KMR S-01 LANCE (OR)<\/p>\n<\/p>\n<p>KMR S-02 MI\u010a-\u010aIRKI 2024<\/p>\n<\/p>\n<p>KMR S-02 SA\u010a-\u010aIRKI 2023<\/p>\n<\/p>\n<p>KMR W-02 CUDA (OR)<\/p>\n<\/p>\n<p>KMR W-02 UMBRA<\/p>\n<\/p>\n<p>KMR W-02 UMBRA (OR)<\/p>\n<\/p>\n<p>Numru ta&#8217; referenza: 1160-00108-0401<\/p>\n","protected":false},"excerpt":{"rendered":"<p>Tapp Primarji g\u0127al Armi KMR.<\/p>\n","protected":false},"featured_media":25964,"template":"","meta":{"_acf_changed":false},"product_brand":[11500],"product_cat":[14126,14108],"product_tag":[],"class_list":{"0":"post-692544","1":"product","2":"type-product","3":"status-publish","4":"has-post-thumbnail","6":"product_brand-kmr-precision","7":"product_cat-molol","8":"product_cat-partijiet-kmr","10":"first","11":"instock","12":"taxable","13":"shipping-taxable","14":"product-type-simple"},"acf":[],"_links":{"self":[{"href":"https:\/\/nbg.eu\/mt\/wp-json\/wp\/v2\/product\/692544","targetHints":{"allow":["GET"]}}],"collection":[{"href":"https:\/\/nbg.eu\/mt\/wp-json\/wp\/v2\/product"}],"about":[{"href":"https:\/\/nbg.eu\/mt\/wp-json\/wp\/v2\/types\/product"}],"wp:featuredmedia":[{"embeddable":true,"href":"https:\/\/nbg.eu\/mt\/wp-json\/wp\/v2\/media\/25964"}],"wp:attachment":[{"href":"https:\/\/nbg.eu\/mt\/wp-json\/wp\/v2\/media?parent=692544"}],"wp:term":[{"taxonomy":"product_brand","embeddable":true,"href":"https:\/\/nbg.eu\/mt\/wp-json\/wp\/v2\/product_brand?post=692544"},{"taxonomy":"product_cat","embeddable":true,"href":"https:\/\/nbg.eu\/mt\/wp-json\/wp\/v2\/product_cat?post=692544"},{"taxonomy":"product_tag","embeddable":true,"href":"https:\/\/nbg.eu\/mt\/wp-json\/wp\/v2\/product_tag?post=692544"}],"curies":[{"name":"wp","href":"https:\/\/api.w.org\/{rel}","templated":true}]}}