{"id":692566,"date":"2024-08-17T14:54:00","date_gmt":"2024-08-17T11:54:00","guid":{"rendered":"https:\/\/nbg.eu\/product\/mag-release-button-wide-kmr-alu-black\/"},"modified":"2026-04-16T18:10:25","modified_gmt":"2026-04-16T15:10:25","slug":"mag-release-button-wide-kmr-alu-black","status":"publish","type":"product","link":"https:\/\/nbg.eu\/mt\/product\/mag-release-button-wide-kmr-alu-black\/","title":{"rendered":"KMR Buttuna tar-Rilaxx tal-Maga\u017cin Wiesa&#8217; ALU Iswed"},"content":{"rendered":"<h2>Buttuna ta&#8217; Rillaxx tal-Magna Wiesa \u2013 KMR Aluminju, Iswed<\/h2>\n<p>O\u0127loq bidliet tal-magna lightning-fast bl-Buttuna ta&#8217; Rillaxx tal-Magna Wiesa minn KMR Aluminju. Ma\u0127dum minn aluminju \u0127afif, tal-grad tal-ajruplan u b&#8217;area wiesa &#8216;ta&#8217; wi\u010b\u010b kbir, din il-buttuna tar-rillaxx tal-magna ttejjeb il-kuntatt g\u0127all-pomel tieg\u0127ek, li ji\u017cgura attivazzjoni po\u017cittiva anke fl-aktar kondizzjonijiet e\u017ci\u0121enti.<\/p>\n<p>It-tessatura aggressiva, li ma tislippjax, tipprovdi qbid sigur, filwaqt li l-wi\u010b\u010b anodizzat iswed mat jipprovdi apparenza tattika eleganti. Imfassla biex jnaqqsu l-\u0127in ta&#8217; tran\u017cizzjoni g\u0127al xiri kompetittiv IPSC\/USPSA, il-profil wiesa&#8217; jippermetti lil tirra\u0121\u0121un inaqqsu l-magazines ming\u0127ajr ma jbiddlu l-qbid prin\u010bipali tag\u0127hom, li jtejjeb b&#8217;mod sinifikanti s-sig\u0127at ta&#8217; \u010b\u010bar\u0121jar.<\/p>\n<p>Kemm jekk qieg\u0127ed ti\u0121\u0121ieled g\u0127all-kompetizzjoni jew qieg\u0127ed issa\u0127\u0127a\u0127 il-\u0127iliet tad-difi\u017ca tieg\u0127ek, il-Buttuna ta&#8217; Rillaxx tal-Magna Wiesa minn KMR Aluminju hija l-upgrade definittiva g\u0127all-arma tieg\u0127ek, li jipprovdi a\u010b\u010bess ergonomiku mtejjeb u prestazzjoni bla xebg\u0127a meta jkun l-aktar importanti.<\/p>\n","protected":false},"excerpt":{"rendered":"<p>Il-buttuna kbira tal-\u0127oss tal-maga\u017cen g\u0127al tibdiliet ta&#8217; maga\u017cen sa-\u0127in sa\u0127\u0127a.<\/p>\n","protected":false},"featured_media":23853,"template":"","meta":{"_acf_changed":false},"product_brand":[11500],"product_cat":[14108],"product_tag":[],"class_list":{"0":"post-692566","1":"product","2":"type-product","3":"status-publish","4":"has-post-thumbnail","6":"product_brand-kmr-precision","7":"product_cat-partijiet-kmr","9":"first","10":"instock","11":"taxable","12":"shipping-taxable","13":"product-type-simple"},"acf":[],"_links":{"self":[{"href":"https:\/\/nbg.eu\/mt\/wp-json\/wp\/v2\/product\/692566","targetHints":{"allow":["GET"]}}],"collection":[{"href":"https:\/\/nbg.eu\/mt\/wp-json\/wp\/v2\/product"}],"about":[{"href":"https:\/\/nbg.eu\/mt\/wp-json\/wp\/v2\/types\/product"}],"wp:featuredmedia":[{"embeddable":true,"href":"https:\/\/nbg.eu\/mt\/wp-json\/wp\/v2\/media\/23853"}],"wp:attachment":[{"href":"https:\/\/nbg.eu\/mt\/wp-json\/wp\/v2\/media?parent=692566"}],"wp:term":[{"taxonomy":"product_brand","embeddable":true,"href":"https:\/\/nbg.eu\/mt\/wp-json\/wp\/v2\/product_brand?post=692566"},{"taxonomy":"product_cat","embeddable":true,"href":"https:\/\/nbg.eu\/mt\/wp-json\/wp\/v2\/product_cat?post=692566"},{"taxonomy":"product_tag","embeddable":true,"href":"https:\/\/nbg.eu\/mt\/wp-json\/wp\/v2\/product_tag?post=692566"}],"curies":[{"name":"wp","href":"https:\/\/api.w.org\/{rel}","templated":true}]}}