{"id":692589,"date":"2024-08-17T15:26:04","date_gmt":"2024-08-17T12:26:04","guid":{"rendered":"https:\/\/nbg.eu\/product\/main-spring-plug-pin-kmr\/"},"modified":"2026-05-13T16:01:56","modified_gmt":"2026-05-13T13:01:56","slug":"main-spring-plug-pin-kmr","status":"publish","type":"product","link":"https:\/\/nbg.eu\/mt\/product\/main-spring-plug-pin-kmr\/","title":{"rendered":"KMR Pin tat-Tappiera tal-Molla"},"content":{"rendered":"<h2>Main Spring Plug Pin KMR<\/h2>\n<p>Mag\u0127mul b&#8217;pre\u010bi\u017cjoni u b&#8217;mod li jdamu, il-Main Spring Plug Pin KMR huwa komponent essenzjali g\u0127all-manutenzjoni u l-ottimizzazzjoni tal-prestazzjoni tal-arma tan-nar tieg\u0127ek. Dan il-pin huwa ma\u0127sub biex i\u017comm il-main spring f&#8217;postu b&#8217;mod sikur, filwaqt li ji\u017cgura operazzjoni affidabbli u trekk tat-trigger konsistenti. Iddisinjat bl-u\u017cu ta&#8217; materjali ta&#8217; kwalit\u00e0 g\u0127olja, il-pin KMR huwa mag\u0127mul biex jiffa\u010b\u010bja d-diffikultajiet tal-u\u017cu regolari, li jag\u0127mlu minnu g\u0127a\u017cla ta&#8217; fidu\u010bja g\u0127all-enthusiasts tal-armi tan-nar u g\u0127all-professjonisti.<\/p>\n<p>B&#8217;disinn slank u rekkompatt, il-Main Spring Plug Pin KMR jintegra b&#8217;mod seamless mal-mekkani\u017cmi interni tal-arma tan-nar tieg\u0127ek, u jipprovdi apparenza nadifa u diskreta. Il-qies kompatt tieg\u0127u jassigura installazzjoni u sostituzzjoni fa\u010bli, biex tkun tista&#8217; \u017c\u017comm l-arma tan-nar tieg\u0127ek b&#8217;mod fa\u010bli. Sew jekk int tirra\u0127\u0127a kompetittiv, jew sid ta&#8217; armi tan-nar fil-pront, dan il-pin huwa a\u010b\u010bessorju essenzjali biex ti\u017cgura l-prestazzjoni ottimali tal-arma tan-nar tieg\u0127ek.<\/p>\n<p>Appo\u0121\u0121jat minn impenn lejn il-kwalit\u00e0, dan il-pin huwa l-g\u0127a\u017cla affidabbli biex tissalvagwardja l-integrit\u00e0 tal-arma tan-nar tieg\u0127ek. Il-kostruzzjoni tieg\u0127u b&#8217;sa\u0127\u0127a u l-in\u0121inerija pre\u010bi\u017ca jag\u0127mluh addizzjoni tal-valur g\u0127all-arsenall ta&#8217; manutenzjoni tal-armi tan-nar tieg\u0127ek, li ji\u017cgura li l-arma tan-nar tieg\u0127ek topera fil-potenzjal massimu tag\u0127ha g\u0127al snin g\u0127addejjin.<\/p>\n","protected":false},"excerpt":{"rendered":"<p>Il-Plug Pin tal-Mainspring KMR &#8211; Durabbli u affidabbli g\u0127al prestazzjoni ottimali.<\/p>\n","protected":false},"featured_media":24113,"template":"","meta":{"_acf_changed":false},"product_brand":[11500],"product_cat":[14108],"product_tag":[],"class_list":{"0":"post-692589","1":"product","2":"type-product","3":"status-publish","4":"has-post-thumbnail","6":"product_brand-kmr-precision","7":"product_cat-partijiet-kmr","9":"first","10":"instock","11":"taxable","12":"shipping-taxable","13":"product-type-simple"},"acf":[],"_links":{"self":[{"href":"https:\/\/nbg.eu\/mt\/wp-json\/wp\/v2\/product\/692589","targetHints":{"allow":["GET"]}}],"collection":[{"href":"https:\/\/nbg.eu\/mt\/wp-json\/wp\/v2\/product"}],"about":[{"href":"https:\/\/nbg.eu\/mt\/wp-json\/wp\/v2\/types\/product"}],"wp:featuredmedia":[{"embeddable":true,"href":"https:\/\/nbg.eu\/mt\/wp-json\/wp\/v2\/media\/24113"}],"wp:attachment":[{"href":"https:\/\/nbg.eu\/mt\/wp-json\/wp\/v2\/media?parent=692589"}],"wp:term":[{"taxonomy":"product_brand","embeddable":true,"href":"https:\/\/nbg.eu\/mt\/wp-json\/wp\/v2\/product_brand?post=692589"},{"taxonomy":"product_cat","embeddable":true,"href":"https:\/\/nbg.eu\/mt\/wp-json\/wp\/v2\/product_cat?post=692589"},{"taxonomy":"product_tag","embeddable":true,"href":"https:\/\/nbg.eu\/mt\/wp-json\/wp\/v2\/product_tag?post=692589"}],"curies":[{"name":"wp","href":"https:\/\/api.w.org\/{rel}","templated":true}]}}