{"id":692618,"date":"2024-11-03T10:02:34","date_gmt":"2024-11-03T07:02:34","guid":{"rendered":"https:\/\/nbg.eu\/product\/norma-cal-6-5-creedmoore-target-match-8-4g-130gr\/"},"modified":"2026-05-13T16:04:50","modified_gmt":"2026-05-13T13:04:50","slug":"norma-cal-6-5-creedmoore-target-match-8-4g-130gr","status":"publish","type":"product","link":"https:\/\/nbg.eu\/mt\/product\/norma-cal-6-5-creedmoore-target-match-8-4g-130gr\/","title":{"rendered":"NORMA cal. 6.5 Creedmoore Target Match 8.4g\/130gr."},"content":{"rendered":"<h2>NORMA cal. 6.5 Creedmoore Target Match 8.4g\/130gr<\/h2>\n<p>Esperjenza ta&#8217; pre\u010bi\u017cjoni bl-ammunitazzjoni NORMA 6.5 Creedmoor Target Match. \u017bviluppat fl-2007, dan il-karto\u010b\u010b jispi\u010b\u010ba fit-tiri ta&#8217; mira fit-tul u l-ka\u010b\u010ba. Il-bala ta&#8217; 6.5mm tifta\u0127ar b&#8217;densitajiet sezzjonali u koeffi\u010bjenti ballisti\u010bi e\u010b\u010bellenti, li ji\u017cguraw prestazzjoni superjuri f&#8217;distanzi esti\u017ci.<\/p>\n<h3>Karatteristi\u010bi:<\/h3>\n<ul>\n<li>Kalibru: 6.5 Creedmoor<\/li>\n<li>Pi\u017c: 8.4g\/130gr<\/li>\n<li>Koeffi\u010bjent ballistiku: G1 0.548 \/ G7 0.294<\/li>\n<li>Tip: Golden Target<\/li>\n<li>Igni\u017c\u017cjoni: Centerfire<\/li>\n<\/ul>\n<h3>Velo\u010bit\u00e0:<\/h3>\n<ul>\n<li>V0: 869 m\/s<\/li>\n<li>V100: 813 m\/s<\/li>\n<li>V200: 759 m\/s<\/li>\n<li>V300: 708 m\/s<\/li>\n<\/ul>\n","protected":false},"excerpt":{"rendered":"<p>Ammunition Precision 6.5 Creedmoor g\u0127al l-g\u0127an tal-istrajk b&#8217;firxa twila.<\/p>\n","protected":false},"featured_media":76701,"template":"","meta":{"_acf_changed":false},"product_brand":[14475],"product_cat":[14171],"product_tag":[],"class_list":{"0":"post-692618","1":"product","2":"type-product","3":"status-publish","4":"has-post-thumbnail","6":"product_brand-norma-precision","7":"product_cat-munizzjon-tar-rifle","9":"first","10":"instock","11":"taxable","12":"shipping-taxable","13":"purchasable","14":"product-type-simple"},"acf":[],"_links":{"self":[{"href":"https:\/\/nbg.eu\/mt\/wp-json\/wp\/v2\/product\/692618","targetHints":{"allow":["GET"]}}],"collection":[{"href":"https:\/\/nbg.eu\/mt\/wp-json\/wp\/v2\/product"}],"about":[{"href":"https:\/\/nbg.eu\/mt\/wp-json\/wp\/v2\/types\/product"}],"wp:featuredmedia":[{"embeddable":true,"href":"https:\/\/nbg.eu\/mt\/wp-json\/wp\/v2\/media\/76701"}],"wp:attachment":[{"href":"https:\/\/nbg.eu\/mt\/wp-json\/wp\/v2\/media?parent=692618"}],"wp:term":[{"taxonomy":"product_brand","embeddable":true,"href":"https:\/\/nbg.eu\/mt\/wp-json\/wp\/v2\/product_brand?post=692618"},{"taxonomy":"product_cat","embeddable":true,"href":"https:\/\/nbg.eu\/mt\/wp-json\/wp\/v2\/product_cat?post=692618"},{"taxonomy":"product_tag","embeddable":true,"href":"https:\/\/nbg.eu\/mt\/wp-json\/wp\/v2\/product_tag?post=692618"}],"curies":[{"name":"wp","href":"https:\/\/api.w.org\/{rel}","templated":true}]}}