{"id":692962,"date":"2024-08-18T11:13:48","date_gmt":"2024-08-18T08:13:48","guid":{"rendered":"https:\/\/nbg.eu\/product\/or-cover-screw-m4x6-iso-14580-kmr\/"},"modified":"2026-04-16T18:08:23","modified_gmt":"2026-04-16T15:08:23","slug":"or-cover-screw-m4x6-iso-14580-kmr","status":"publish","type":"product","link":"https:\/\/nbg.eu\/mt\/product\/or-cover-screw-m4x6-iso-14580-kmr\/","title":{"rendered":"KMR Vit tal-G\u0127atu OR M4x6 ISO 14580"},"content":{"rendered":"<h2>OR COVER SCREW M4x6 ISO 14580 KMR<\/h2>\n<p>L-OR COVER SCREW M4x6 ISO 14580 KMR huwa magni ta&#8217; fissa\u0121\u0121 spe\u010bjalizzat g\u0127all-u\u017cu mas-sistemi Weapons KMR.<\/p>\n<p>Mag\u0127mul skont l-istandards pre\u010bi\u017ci ta&#8217; ISO 14580, il-magni jkollu daqs tat-traffa M4 u tul ta&#8217; 6mm, li ji\u017cgura li jidda\u0127\u0127al b&#8217;mod sigur u affidabbli fis-sistema tieg\u0127ek KMR. B&#8217;wi\u010b\u010b anodizzat iswed, dan il-magni jiffittja b&#8217;mod seamless mal-estetika \u0121enerali tal-a\u010b\u010bessorji tal-armi tieg\u0127ek.<\/p>\n<p>Kemm jekk qed tupagradi, t\u017comm jew tkustomizza l-arma tieg\u0127ek kompatibbli mal-KMR, il-magni tal-g\u0127atu huwa komponent essenzjali. Il-kostruzzjoni tad-durabbilt\u00e0 tieg\u0127u u l-ffit pre\u010bi\u017c jag\u0127mlu minn dan o\u0121\u0121ett essenzjali g\u0127al kull enthusiast serju tal-armi jew professjonist li jitlob il-prestazzjoni u l-affidabbilt\u00e0 l-og\u0127la mill-apparat tag\u0127hom.<\/p>\n<p>G\u0127al Weapons KMR:<\/p>\n<p>KMR L-02 EMIQ (OR)<\/p>\n<p>KMR L-02 SPECTRA 2024 U L-WARA<\/p>\n<p>KMR L-02 SPECTRA SAR-2023<\/p>\n<p>KMR L-02 UMBRA (OR) SR<\/p>\n<p>KMR W-02 UMBRA (OR)<\/p>\n","protected":false},"excerpt":{"rendered":"<p>M4x6 vit tal-g\u0127atu g\u0127al sistemi ta&#8217; armi KMR, konformi ma&#8217; ISO 14580.<\/p>\n","protected":false},"featured_media":25456,"template":"","meta":{"_acf_changed":false},"product_brand":[11500],"product_cat":[14108],"product_tag":[],"class_list":{"0":"post-692962","1":"product","2":"type-product","3":"status-publish","4":"has-post-thumbnail","6":"product_brand-kmr-precision","7":"product_cat-partijiet-kmr","9":"first","10":"instock","11":"taxable","12":"shipping-taxable","13":"product-type-simple"},"acf":[],"_links":{"self":[{"href":"https:\/\/nbg.eu\/mt\/wp-json\/wp\/v2\/product\/692962","targetHints":{"allow":["GET"]}}],"collection":[{"href":"https:\/\/nbg.eu\/mt\/wp-json\/wp\/v2\/product"}],"about":[{"href":"https:\/\/nbg.eu\/mt\/wp-json\/wp\/v2\/types\/product"}],"wp:featuredmedia":[{"embeddable":true,"href":"https:\/\/nbg.eu\/mt\/wp-json\/wp\/v2\/media\/25456"}],"wp:attachment":[{"href":"https:\/\/nbg.eu\/mt\/wp-json\/wp\/v2\/media?parent=692962"}],"wp:term":[{"taxonomy":"product_brand","embeddable":true,"href":"https:\/\/nbg.eu\/mt\/wp-json\/wp\/v2\/product_brand?post=692962"},{"taxonomy":"product_cat","embeddable":true,"href":"https:\/\/nbg.eu\/mt\/wp-json\/wp\/v2\/product_cat?post=692962"},{"taxonomy":"product_tag","embeddable":true,"href":"https:\/\/nbg.eu\/mt\/wp-json\/wp\/v2\/product_tag?post=692962"}],"curies":[{"name":"wp","href":"https:\/\/api.w.org\/{rel}","templated":true}]}}