{"id":692976,"date":"2024-09-17T08:37:52","date_gmt":"2024-09-17T05:37:52","guid":{"rendered":"https:\/\/nbg.eu\/product\/or-cover-22-lr-screw-m3x6-iso-14580-kmr\/"},"modified":"2026-05-13T16:02:38","modified_gmt":"2026-05-13T13:02:38","slug":"or-cover-22-lr-screw-m3x6-iso-14580-kmr","status":"publish","type":"product","link":"https:\/\/nbg.eu\/mt\/product\/or-cover-22-lr-screw-m3x6-iso-14580-kmr\/","title":{"rendered":"KMR Vit tal-G\u0127atu OR .22 LR M3x6 ISO 14580"},"content":{"rendered":"<h2>OR COVER 22 LR SKREW M3x6 ISO 14580 KMR<\/h2>\n<p>L-OR COVER 22 LR SKREW M3x6 ISO 14580 KMR hija komponent kritika g\u0127al varjet\u00e0 ta&#8217; sistemi ta&#8217; armi KMR. Iddisinjata skont spe\u010bifikazzjonijiet pre\u010bi\u017ci tal-ISO 14580, din il-viti ti\u017cgura konnessjoni sigura u affidabbli, u \u017c\u017comm l-integrit\u00e0 tas-sistema tal-armi tieg\u0127ek.<\/p>\n<p>G\u0127al Armi KMR:<\/p>\n<p>KMR S-01 LANCE (OR)<\/p>\n<p>KMR S-02 75 (OR) SR ADA<\/p>\n<p>KMR S-02 MINN 2024<\/p>\n<p>KMR S-02 SH1 (OR) SR ADA<\/p>\n<p>KMR S-02 SH2 (OR) SR ADA<\/p>\n<p>KMR S-02 TS (OR) SR ADA<\/p>\n<p>KMR S-02 SAR 2023<\/p>\n","protected":false},"excerpt":{"rendered":"<p>M3x6 ISO 14580 KMR g\u0127al armi serje KMR.<\/p>\n","protected":false},"featured_media":63659,"template":"","meta":{"_acf_changed":false},"product_brand":[11500],"product_cat":[14108],"product_tag":[],"class_list":{"0":"post-692976","1":"product","2":"type-product","3":"status-publish","4":"has-post-thumbnail","6":"product_brand-kmr-precision","7":"product_cat-partijiet-kmr","9":"first","10":"instock","11":"taxable","12":"shipping-taxable","13":"product-type-simple"},"acf":[],"_links":{"self":[{"href":"https:\/\/nbg.eu\/mt\/wp-json\/wp\/v2\/product\/692976","targetHints":{"allow":["GET"]}}],"collection":[{"href":"https:\/\/nbg.eu\/mt\/wp-json\/wp\/v2\/product"}],"about":[{"href":"https:\/\/nbg.eu\/mt\/wp-json\/wp\/v2\/types\/product"}],"wp:featuredmedia":[{"embeddable":true,"href":"https:\/\/nbg.eu\/mt\/wp-json\/wp\/v2\/media\/63659"}],"wp:attachment":[{"href":"https:\/\/nbg.eu\/mt\/wp-json\/wp\/v2\/media?parent=692976"}],"wp:term":[{"taxonomy":"product_brand","embeddable":true,"href":"https:\/\/nbg.eu\/mt\/wp-json\/wp\/v2\/product_brand?post=692976"},{"taxonomy":"product_cat","embeddable":true,"href":"https:\/\/nbg.eu\/mt\/wp-json\/wp\/v2\/product_cat?post=692976"},{"taxonomy":"product_tag","embeddable":true,"href":"https:\/\/nbg.eu\/mt\/wp-json\/wp\/v2\/product_tag?post=692976"}],"curies":[{"name":"wp","href":"https:\/\/api.w.org\/{rel}","templated":true}]}}