{"id":693043,"date":"2024-08-18T11:11:47","date_gmt":"2024-08-18T08:11:47","guid":{"rendered":"https:\/\/nbg.eu\/product\/or-plate-screw-m4x6-din-965-kmr\/"},"modified":"2026-04-16T18:08:38","modified_gmt":"2026-04-16T15:08:38","slug":"or-plate-screw-m4x6-din-965-kmr","status":"publish","type":"product","link":"https:\/\/nbg.eu\/mt\/product\/or-plate-screw-m4x6-din-965-kmr\/","title":{"rendered":"KMR Vit tal-Pjan\u010ba OR M4x6 DIN 965"},"content":{"rendered":"<h2>OR Plate Screw M4X6 Din 965 KMR: Issigura l-A\u010b\u010bessorji tal-Armi tieg\u0127ek b&#8217;Pre\u010bi\u017cjoni<\/h2>\n<p>Din il-viti hija fastener versatili u affidabbli ma\u0127suba g\u0127all-u\u017cu ma&#8217; diversi a\u010b\u010bessorji tal-arma KMR. Manifatturati b&#8217;pre\u010bi\u017cjoni u durabbilt\u00e0, din il-viti hija s-soluzzjoni perfetta g\u0127all- attachment sikur tal-apparat essenzjali tieg\u0127ek mal-armi tal-nar kompatibbli mal-KMR tieg\u0127ek.<\/p>\n<p>Iddisinjata g\u0127all-viti tal-pjan\u010ba rigoru\u017ci, toffri sa\u0127\u0127a u affidabbilt\u00e0 e\u010b\u010bezzjonali, li ti\u017cgura li l-a\u010b\u010bessorji tieg\u0127ek jibqg\u0127u sodi f&#8217;posthom anke f&#8217;sitwazzjonijiet l-aktar e\u017ci\u0121enti. B&#8217;daqs fil-filettatura ta&#8217; M4 u tul ta&#8217; 6mm, din il-viti tipprovdi qbil sikur u pre\u010bi\u017c, li jippermettik timmonta l-gri\u0121lija tieg\u0127ek b&#8217;kunfidenza.<\/p>\n<p>I\u017cda jekk qed ittejjeb l-apparat tattiku tieg\u0127ek, qed tissostitwixxi komponenti li laqtu, jew qed tibni setting \u0121did, din hija l-g\u0127a\u017cla perfetta biex ti\u017cgura l-aderenza affidabbli u sikura tal-a\u010b\u010bessorji kompatibbli mal-KMR tieg\u0127ek.<\/p>\n<p>G\u0127all-Armi KMR:<\/p>\n<p>KMR L-02 EMIQ (OR)<\/p>\n<p>KMR L-02 SPECTRA SAR L-2023<\/p>\n<p>KMR L-02 UMBRA (OR) SR<\/p>\n<p>KMR W-02 CUDA (OR)<\/p>\n<p>KMR W-02 UMBRA (OR)<\/p>\n","protected":false},"excerpt":{"rendered":"<p>M4x6 DIN 965 plattaskr\u00f9 g\u0127all-KMR L-02 EMIQ, SPECTRA, UMBRA SR, u KMR W-02 CUDA, UMBRA.<\/p>\n","protected":false},"featured_media":25364,"template":"","meta":{"_acf_changed":false},"product_brand":[11500],"product_cat":[14108],"product_tag":[],"class_list":{"0":"post-693043","1":"product","2":"type-product","3":"status-publish","4":"has-post-thumbnail","6":"product_brand-kmr-precision","7":"product_cat-partijiet-kmr","9":"first","10":"instock","11":"taxable","12":"shipping-taxable","13":"product-type-simple"},"acf":[],"_links":{"self":[{"href":"https:\/\/nbg.eu\/mt\/wp-json\/wp\/v2\/product\/693043","targetHints":{"allow":["GET"]}}],"collection":[{"href":"https:\/\/nbg.eu\/mt\/wp-json\/wp\/v2\/product"}],"about":[{"href":"https:\/\/nbg.eu\/mt\/wp-json\/wp\/v2\/types\/product"}],"wp:featuredmedia":[{"embeddable":true,"href":"https:\/\/nbg.eu\/mt\/wp-json\/wp\/v2\/media\/25364"}],"wp:attachment":[{"href":"https:\/\/nbg.eu\/mt\/wp-json\/wp\/v2\/media?parent=693043"}],"wp:term":[{"taxonomy":"product_brand","embeddable":true,"href":"https:\/\/nbg.eu\/mt\/wp-json\/wp\/v2\/product_brand?post=693043"},{"taxonomy":"product_cat","embeddable":true,"href":"https:\/\/nbg.eu\/mt\/wp-json\/wp\/v2\/product_cat?post=693043"},{"taxonomy":"product_tag","embeddable":true,"href":"https:\/\/nbg.eu\/mt\/wp-json\/wp\/v2\/product_tag?post=693043"}],"curies":[{"name":"wp","href":"https:\/\/api.w.org\/{rel}","templated":true}]}}