{"id":693108,"date":"2024-09-02T13:32:58","date_gmt":"2024-09-02T10:32:58","guid":{"rendered":"https:\/\/nbg.eu\/product\/pelican-1015-micro-case\/"},"modified":"2026-05-13T15:09:55","modified_gmt":"2026-05-13T12:09:55","slug":"pelican-1015-micro-case","status":"publish","type":"product","link":"https:\/\/nbg.eu\/mt\/product\/pelican-1015-micro-case\/","title":{"rendered":"Pelican 1015 Micro Case"},"content":{"rendered":"<h2>Pelican 1015 Micro Case<\/h2>\n<p><strong><span style=\"font-size: 170%\">Pelican 1015 Micro Case<\/span><\/strong><\/p>\n<p>Ipprote\u0121i l-elettronika \u017cg\u0127ira tieg\u0127ek tal-valur b&#8217;Pelican 1015 Micro Case. Dan il-kaxxa li ma tinstikax, li hija impermembli g\u0127all-ilma u li ma tg\u0127addix mit-trab hija perfetta g\u0127at-telefowns intelli\u0121enti, il-kameras, u g\u0127at-tag\u0127mir sensittiv l-ie\u0127or.<\/p>\n<h3>Karatteristi\u010bi Ewlenin:<\/h3>\n<ul>\n<li>G\u0127amla resistenti tal-polycarbonate<\/li>\n<li>Disinn impermeabbli g\u0127all-ilma u g\u0127all-\u0127mie\u0121<\/li>\n<li>Linerja tal-gomma g\u0127al protezzjoni addizzjonali u si\u0121ill ta&#8217; ring<\/li>\n<li>Fafied biex jinfet\u0127u fa\u010bilment u \u0127ardwer tal-azzar inossidabbli<\/li>\n<li>Karabbiniere sportiv attiv g\u0127al irbit sigur<\/li>\n<li>Dimensjonijiet interni: 5.14&#8243; x 2.64&#8243; x 1.37&#8243;<\/li>\n<li>Dimensjonijiet esterni: 6.68&#8243; x 3.88&#8243; x 1.86&#8243;<\/li>\n<li>\u0126afif biss 0.46 lbs<\/li>\n<\/ul>\n<p>Issapportjat mill-Garanzija Dejjiema ta&#8217; E\u010b\u010bellenza ta&#8217; Pelican, din il-micro case toffri protezzjoni bla pre\u010bedent g\u0127at-tag\u0127mir tieg\u0127ek f&#8217;kull ambjent.<\/p>\n","protected":false},"excerpt":{"rendered":"<p>Il-kaxxa ta&#8217; protezzjoni tieg\u0127ek g\u0127al elettronika \u017cg\u0127ira, li hija qawwija, li ma tinbatlax mill-ilma u li tipprote\u0121i kontra \u017c-\u017cnien.<\/p>\n","protected":false},"featured_media":35248,"template":"","meta":{"_acf_changed":false},"product_brand":[11610],"product_cat":[14124],"product_tag":[],"class_list":{"0":"post-693108","1":"product","2":"type-product","3":"status-publish","4":"has-post-thumbnail","6":"product_brand-pelican","7":"product_cat-kazi-gat-trasport","9":"first","10":"outofstock","11":"taxable","12":"shipping-taxable","13":"purchasable","14":"product-type-simple"},"acf":[],"_links":{"self":[{"href":"https:\/\/nbg.eu\/mt\/wp-json\/wp\/v2\/product\/693108","targetHints":{"allow":["GET"]}}],"collection":[{"href":"https:\/\/nbg.eu\/mt\/wp-json\/wp\/v2\/product"}],"about":[{"href":"https:\/\/nbg.eu\/mt\/wp-json\/wp\/v2\/types\/product"}],"wp:featuredmedia":[{"embeddable":true,"href":"https:\/\/nbg.eu\/mt\/wp-json\/wp\/v2\/media\/35248"}],"wp:attachment":[{"href":"https:\/\/nbg.eu\/mt\/wp-json\/wp\/v2\/media?parent=693108"}],"wp:term":[{"taxonomy":"product_brand","embeddable":true,"href":"https:\/\/nbg.eu\/mt\/wp-json\/wp\/v2\/product_brand?post=693108"},{"taxonomy":"product_cat","embeddable":true,"href":"https:\/\/nbg.eu\/mt\/wp-json\/wp\/v2\/product_cat?post=693108"},{"taxonomy":"product_tag","embeddable":true,"href":"https:\/\/nbg.eu\/mt\/wp-json\/wp\/v2\/product_tag?post=693108"}],"curies":[{"name":"wp","href":"https:\/\/api.w.org\/{rel}","templated":true}]}}