{"id":693211,"date":"2024-08-18T11:12:21","date_gmt":"2024-08-18T08:12:21","guid":{"rendered":"https:\/\/nbg.eu\/product\/rear-sight-screw-m4x6-din-913-kmr\/"},"modified":"2026-04-16T18:08:35","modified_gmt":"2026-04-16T15:08:35","slug":"rear-sight-screw-m4x6-din-913-kmr","status":"publish","type":"product","link":"https:\/\/nbg.eu\/mt\/product\/rear-sight-screw-m4x6-din-913-kmr\/","title":{"rendered":"KMR Vit tal-Mira ta&#8217; Wara M4x6 DIN 913"},"content":{"rendered":"<h2>Iskruvja tas-Sewwieq ta&#8217; Wara M4X6 Din 913 KMR<\/h2>\n<p>Din l-iskruvja tas-sewwieq ta&#8217; wara hija ddisinjata g\u0127all-u\u017cu ma&#8217; varjet\u00e0 ta&#8217; armi KMR. Tkejjel M4x6 mm u tikkonforma mal-istandards DIN 913, din l-iskruvja ti\u017cgura attakk sigur u affidabbli tas-sewwieq ta&#8217; wara g\u0127all-arma tieg\u0127ek tal-KMR. Manifatturata bl-g\u0127an ta&#8217; pre\u010bi\u017cjoni u durabbilt\u00e0, din l-iskruvja tas-sewwieq ta&#8217; wara tipprovdi komponent kru\u010bjali g\u0127all-manteniment tal-prestazzjoni u l-funzjonalit\u00e0 ottimali tas-sistema tal-arma tieg\u0127ek tal-KMR.<\/p>\n<p>G\u0127al Armi KMR:<\/p>\n<p>KMR L-02 EMIQ<\/p>\n<p>KMR L-02 EMIQ (OR)<\/p>\n<p>KMR L-02 ORCA MINN 2024<\/p>\n<p>KMR L-02 ORCA SAT 2023<\/p>\n<p>KMR L-02 SPECTRA SAT 2023<\/p>\n<p>KMR L-02 UMBRA (OR) SR<\/p>\n<p>KMR W-02 CUDA (OR)<\/p>\n<p>KMR W-02 UMBRA (OR)<\/p>\n","protected":false},"excerpt":{"rendered":"<p>Xifer Tar M4X6 Din 913 g\u0127al mudelli ta&#8217; armi KMR: L-02 EMIQ, ORCA, SPECTRA, UMBRA, W-02 CUDA, UMBRA.<\/p>\n","protected":false},"featured_media":25387,"template":"","meta":{"_acf_changed":false},"product_brand":[11500],"product_cat":[14108],"product_tag":[],"class_list":{"0":"post-693211","1":"product","2":"type-product","3":"status-publish","4":"has-post-thumbnail","6":"product_brand-kmr-precision","7":"product_cat-partijiet-kmr","9":"first","10":"instock","11":"taxable","12":"shipping-taxable","13":"product-type-simple"},"acf":[],"_links":{"self":[{"href":"https:\/\/nbg.eu\/mt\/wp-json\/wp\/v2\/product\/693211","targetHints":{"allow":["GET"]}}],"collection":[{"href":"https:\/\/nbg.eu\/mt\/wp-json\/wp\/v2\/product"}],"about":[{"href":"https:\/\/nbg.eu\/mt\/wp-json\/wp\/v2\/types\/product"}],"wp:featuredmedia":[{"embeddable":true,"href":"https:\/\/nbg.eu\/mt\/wp-json\/wp\/v2\/media\/25387"}],"wp:attachment":[{"href":"https:\/\/nbg.eu\/mt\/wp-json\/wp\/v2\/media?parent=693211"}],"wp:term":[{"taxonomy":"product_brand","embeddable":true,"href":"https:\/\/nbg.eu\/mt\/wp-json\/wp\/v2\/product_brand?post=693211"},{"taxonomy":"product_cat","embeddable":true,"href":"https:\/\/nbg.eu\/mt\/wp-json\/wp\/v2\/product_cat?post=693211"},{"taxonomy":"product_tag","embeddable":true,"href":"https:\/\/nbg.eu\/mt\/wp-json\/wp\/v2\/product_tag?post=693211"}],"curies":[{"name":"wp","href":"https:\/\/api.w.org\/{rel}","templated":true}]}}