{"id":693533,"date":"2024-08-16T21:03:31","date_gmt":"2024-08-16T18:03:31","guid":{"rendered":"https:\/\/nbg.eu\/product\/rhh-leg-strap\/"},"modified":"2026-05-13T16:03:28","modified_gmt":"2026-05-13T13:03:28","slug":"rhh-leg-strap","status":"publish","type":"product","link":"https:\/\/nbg.eu\/mt\/product\/rhh-leg-strap\/","title":{"rendered":"RHH Leg Strap"},"content":{"rendered":"<h2>RHH Leg Strap: Stabilit\u00e0 migljorata tal-holster g\u0127al attivitajiet dinami\u010bi<\/h2>\n<p>Ir-RHH Leg Strap huwa a\u010b\u010bessorju versatili ddisinjat biex jipprovdi stabbilt\u00e0 e\u010b\u010bezzjonali u tnaqqis fil-moviment g\u0127al holsters ta&#8217; saqajn jew ta&#8217; nofs-i\u017cbor\u017c matul attivitajiet dinami\u010bi. Mag\u0127mul minn tessut ta&#8217; nylon elastiku b&#8217;sa\u0127\u0127tu u b&#8217;vireg tal-polimeru b&#8217;impatt g\u0127oli, dan ir-rbit regolabbli ji\u017cgura l-issikkar u l-komfort madwar is-si\u0121ra tieg\u0127ek.<\/p>\n<p>It-tessut b&#8217;xabka li ma jislippjax i\u017cid il-wi\u010b\u010b grepp, b&#8217;hekk jibqa&#8217; l-holster f&#8217;po\u017cizzjoni konsistenti g\u0127al tiri affidabbli u bla ostaklu. Il-kostruzzjoni elastika tippermetti li r-rbit jestendi u jikkuntratja mal-muskoli tas-sieq, biex i\u017comm il-holster f&#8217;po\u017cizzjoni konsistenti g\u0127al moviment affidabbli u bla restrizzjonijiet.<\/p>\n<p>Siva inti uffi\u010bjal fuq servizz attiv, rifjut kompetittiv jew dilettant ta&#8217; l-avventura, ir-RHH Leg Strap huwa s-soluzzjoni perfetta biex i\u017c\u017comm il-holster tieg\u0127ek sod f&#8217;postu ming\u0127ajr ma tillimita l-medda ta&#8217; moviment jew i\u010b-\u010birkolazzjoni. Esperjenza stabbilt\u00e0 migljorata tal-holster u fidu\u010bja fil-g\u0127odda tieg\u0127ek, anke f&#8217;sitwazzjonijiet l-aktar e\u017ci\u0121enti.<\/p>\n","protected":false},"excerpt":{"rendered":"<p>Issigura l-holster tieg\u0127ek bl-elastic nylon u d-disinn li ma jislidiex tal-RHH Leg Strap.<\/p>\n","protected":false},"featured_media":0,"template":"","meta":{"_acf_changed":false},"product_brand":[11637],"product_cat":[14139],"product_tag":[],"class_list":{"0":"post-693533","1":"product","2":"type-product","3":"status-publish","5":"product_brand-rh-holsters","6":"product_cat-accessorji-gall-holster","8":"first","9":"instock","10":"taxable","11":"shipping-taxable","12":"purchasable","13":"product-type-simple"},"acf":[],"_links":{"self":[{"href":"https:\/\/nbg.eu\/mt\/wp-json\/wp\/v2\/product\/693533","targetHints":{"allow":["GET"]}}],"collection":[{"href":"https:\/\/nbg.eu\/mt\/wp-json\/wp\/v2\/product"}],"about":[{"href":"https:\/\/nbg.eu\/mt\/wp-json\/wp\/v2\/types\/product"}],"wp:attachment":[{"href":"https:\/\/nbg.eu\/mt\/wp-json\/wp\/v2\/media?parent=693533"}],"wp:term":[{"taxonomy":"product_brand","embeddable":true,"href":"https:\/\/nbg.eu\/mt\/wp-json\/wp\/v2\/product_brand?post=693533"},{"taxonomy":"product_cat","embeddable":true,"href":"https:\/\/nbg.eu\/mt\/wp-json\/wp\/v2\/product_cat?post=693533"},{"taxonomy":"product_tag","embeddable":true,"href":"https:\/\/nbg.eu\/mt\/wp-json\/wp\/v2\/product_tag?post=693533"}],"curies":[{"name":"wp","href":"https:\/\/api.w.org\/{rel}","templated":true}]}}