{"id":693554,"date":"2024-08-18T12:24:40","date_gmt":"2024-08-18T09:24:40","guid":{"rendered":"https:\/\/nbg.eu\/product\/ring-brs-kmr\/"},"modified":"2026-04-16T18:07:30","modified_gmt":"2026-04-16T15:07:30","slug":"ring-brs-kmr","status":"publish","type":"product","link":"https:\/\/nbg.eu\/mt\/product\/ring-brs-kmr\/","title":{"rendered":"KMR \u010airku tal-Kanna"},"content":{"rendered":"<h2>Ring BRS KMR: L-A\u010b\u010bessorju Affidabbli Tieg\u0127ek g\u0127al Arma<\/h2>\n<p>Ir-Ring BRS KMR huwa a\u010b\u010bessorju versatili u ta&#8217; kwalit\u00e0 g\u0127olja ma\u0127sub g\u0127all-entu\u017cja\u017cmi tal-armi.<\/p>\n<p>Manifatturat b&#8217;pre\u010bi\u017cjoni u b&#8217;attenzjoni g\u0127ad-dettal, dan ir-ring huwa ma\u0127sub biex ila\u0127\u0127aq mat-talbiet tal-applikazzjonijiet tattici u ta&#8217; barra.<\/p>\n<p>Imfassal biex jissodisfa l-\u0127ti\u0121ijiet tas-sistemi tal-armi moderni, joffri firxa ta&#8217; karatteristi\u010bi li jag\u0127mlu minnu g\u0127a\u017cla li hija mfittxija. Mill-kostruzzjoni tieg\u0127u b&#8217;sa\u0127\u0127itha sal-disinn fa\u010bli g\u0127all-u\u017cu, dan l-a\u010b\u010bessorju huwa progettata biex twassal prestazzjoni konsistenti u affidabbilt\u00e0, anke fl-ambjenti l-aktar e\u017ci\u0121enti.<\/p>\n<p>Ag\u0127\u017cel l-a\u0127jar kapa\u010bitajiet g\u0127all-arma tieg\u0127ek bir-Ring BRS, u esperjenza l-fidu\u010bja li \u0121ejja minn a\u010b\u010bessorju affidabbli u li jista&#8217; jiddependi fuqu. Ittrellija l-esperjenza ta&#8217; shooting tieg\u0127ek u il\u0127aq l-g\u0127anijiet tieg\u0127ek b&#8217;dan il-prodott e\u010b\u010bezzjonali.<\/p>\n","protected":false},"excerpt":{"rendered":"<p>Rings BRS KMR g\u0127all-armi, kompatibbli mal-mudelli KMR L-02 u KMR W-02.<\/p>\n","protected":false},"featured_media":26033,"template":"","meta":{"_acf_changed":false},"product_brand":[11500],"product_cat":[14108],"product_tag":[],"class_list":{"0":"post-693554","1":"product","2":"type-product","3":"status-publish","4":"has-post-thumbnail","6":"product_brand-kmr-precision","7":"product_cat-partijiet-kmr","9":"first","10":"instock","11":"taxable","12":"shipping-taxable","13":"product-type-simple"},"acf":[],"_links":{"self":[{"href":"https:\/\/nbg.eu\/mt\/wp-json\/wp\/v2\/product\/693554","targetHints":{"allow":["GET"]}}],"collection":[{"href":"https:\/\/nbg.eu\/mt\/wp-json\/wp\/v2\/product"}],"about":[{"href":"https:\/\/nbg.eu\/mt\/wp-json\/wp\/v2\/types\/product"}],"wp:featuredmedia":[{"embeddable":true,"href":"https:\/\/nbg.eu\/mt\/wp-json\/wp\/v2\/media\/26033"}],"wp:attachment":[{"href":"https:\/\/nbg.eu\/mt\/wp-json\/wp\/v2\/media?parent=693554"}],"wp:term":[{"taxonomy":"product_brand","embeddable":true,"href":"https:\/\/nbg.eu\/mt\/wp-json\/wp\/v2\/product_brand?post=693554"},{"taxonomy":"product_cat","embeddable":true,"href":"https:\/\/nbg.eu\/mt\/wp-json\/wp\/v2\/product_cat?post=693554"},{"taxonomy":"product_tag","embeddable":true,"href":"https:\/\/nbg.eu\/mt\/wp-json\/wp\/v2\/product_tag?post=693554"}],"curies":[{"name":"wp","href":"https:\/\/api.w.org\/{rel}","templated":true}]}}