{"id":693578,"date":"2025-03-07T20:56:56","date_gmt":"2025-03-07T17:56:56","guid":{"rendered":"https:\/\/nbg.eu\/product\/rusan-modular-qr-adapter-for-guide-arta435\/"},"modified":"2026-05-13T16:01:24","modified_gmt":"2026-05-13T13:01:24","slug":"rusan-modular-qr-adapter-for-guide-arta435","status":"publish","type":"product","link":"https:\/\/nbg.eu\/mt\/product\/rusan-modular-qr-adapter-for-guide-arta435\/","title":{"rendered":"Rusan Modular QR Adapter for Guide | ARTA435"},"content":{"rendered":"<h2>Adattur Modular QR g\u0127al Guide | ARTA435<\/h2>\n<p>Elevat il-prezzjoni tal-qbid tieg\u0127ek bl-Adattur Modular QR g\u0127al Guide (ARTA435). Ma\u0127sub g\u0127al integrazzjoni seamless ma&#8217; attakki termali Guide, din is-soluzzjoni tal-monta\u0121\u0121 tal-\u0127ru\u0121 malajr (QR) toffri konvenjenza u ripetibilit\u00e0 bla xebg\u0127a.<\/p>\n<p>B&#8217;tarf intern M52x0.75, l-adattur ju\u017ca sistema b&#8217;lever robust tal-QR li tippermetti l-istallazzjoni u t-tne\u0127\u0127ija malajr tal-clip-on termali tieg\u0127ek, ming\u0127ajr ma jkun kompromess i\u017c-\u017cero tal-arma tieg\u0127ek. Id-disinn modular jassigura \u0121bid sikur u a\u0121\u0121ustabbli, i\u017comm il-prezzjoni anki fl-iktar kundizzjonijiet li jitolbu.<\/p>\n<p>Manifatturat minn aluminju ta&#8217; grad g\u0127oli, l-Adattur Modular QR Rusan huwa ma\u0127dum biex jirre\u017cisti l-i\u017cjed kundizzjonijiet tal-qasam. Il-kompatibilit\u00e0 tieg\u0127u mar-rings ARADA Rusan issa\u0127\u0127a\u0127 aktar il-flessibilit\u00e0 tas-sistema, tippermetti soluzzjoni personalizzata g\u0127all-\u0127ti\u0121ijiet spe\u010bifi\u010bi tieg\u0127ek.<\/p>\n<p>Esperjenza l-operat bla storbju u bla g\u0127odod bl-Adattur Modular QR Rusan. Elevat il-prestazzjoni tal-qbid tieg\u0127ek u o\u0127loq il-potenzjal s\u0127i\u0127 tal-attakki termali Guide tieg\u0127ek b&#8217;din is-soluzzjoni innovattiva tal-monta\u0121\u0121.<\/p>\n","protected":false},"excerpt":{"rendered":"<p>Mounting tal-QR ta&#8217; pre\u010bi\u017cjoni g\u0127al-Attachments termali ta&#8217; Gwida. Filettatura ta&#8217; M52x0.75, modulari, aluminju ta&#8217; grad g\u0127oli.<\/p>\n","protected":false},"featured_media":248601,"template":"","meta":{"_acf_changed":false},"product_brand":[11690],"product_cat":[14134,14109,14129],"product_tag":[],"class_list":{"0":"post-693578","1":"product","2":"type-product","3":"status-publish","4":"has-post-thumbnail","6":"product_brand-rusan","7":"product_cat-accessorji-gall-immira","8":"product_cat-immira","9":"product_cat-termali","11":"first","12":"instock","13":"taxable","14":"shipping-taxable","15":"purchasable","16":"product-type-variable","17":"wvs-archive-product-wrapper"},"acf":[],"_links":{"self":[{"href":"https:\/\/nbg.eu\/mt\/wp-json\/wp\/v2\/product\/693578","targetHints":{"allow":["GET"]}}],"collection":[{"href":"https:\/\/nbg.eu\/mt\/wp-json\/wp\/v2\/product"}],"about":[{"href":"https:\/\/nbg.eu\/mt\/wp-json\/wp\/v2\/types\/product"}],"wp:featuredmedia":[{"embeddable":true,"href":"https:\/\/nbg.eu\/mt\/wp-json\/wp\/v2\/media\/248601"}],"wp:attachment":[{"href":"https:\/\/nbg.eu\/mt\/wp-json\/wp\/v2\/media?parent=693578"}],"wp:term":[{"taxonomy":"product_brand","embeddable":true,"href":"https:\/\/nbg.eu\/mt\/wp-json\/wp\/v2\/product_brand?post=693578"},{"taxonomy":"product_cat","embeddable":true,"href":"https:\/\/nbg.eu\/mt\/wp-json\/wp\/v2\/product_cat?post=693578"},{"taxonomy":"product_tag","embeddable":true,"href":"https:\/\/nbg.eu\/mt\/wp-json\/wp\/v2\/product_tag?post=693578"}],"curies":[{"name":"wp","href":"https:\/\/api.w.org\/{rel}","templated":true}]}}