{"id":694122,"date":"2024-08-17T18:11:52","date_gmt":"2024-08-17T15:11:52","guid":{"rendered":"https:\/\/nbg.eu\/product\/safety-detent-plunger-spring-kmr\/"},"modified":"2026-04-16T18:09:01","modified_gmt":"2026-04-16T15:09:01","slug":"safety-detent-plunger-spring-kmr","status":"publish","type":"product","link":"https:\/\/nbg.eu\/mt\/product\/safety-detent-plunger-spring-kmr\/","title":{"rendered":"KMR Molla tal-Plun\u0121er tas-Sikurezza"},"content":{"rendered":"<h2>Safety Detent Plunger Spring KMR<\/h2>\n<p>Assigura prestazzjoni affidabbli u sigura tal-arma bil-Safety Detent Plunger Spring KMR.<\/p>\n<p>Manifatturat b&#8217;pre\u010bi\u017cjoni u b&#8217;durabilit\u00e0 f&#8217;mo\u0127\u0127, il-Safety Detent Plunger Spring KMR jg\u0127in i\u017comm il-funzjonament xieraq tal-mekkani\u017cmu tas-sigurt\u00e0 tal-arma tieg\u0127ek. Id-disinn affidabbli tieg\u0127u ji\u017cgura operazzjoni bla xkiel u konsistenti, u jnaqqas ir-riskju ta&#8217; skari\u0121\u0121i a\u010b\u010bidentali u jg\u0127ollu s-sigurt\u00e0 \u0121enerali waqt l-u\u017cu.<\/p>\n<p>Kemm jekk qed tg\u0127addi g\u0127al arma KMR e\u017cistenti jew qed tissostitwixxi komponent li wieg\u0127ed, il-Safety Detent Plunger Spring KMR hija a\u010b\u010bessorju essenzjali g\u0127all-i\u017cgurar tal-integrit\u00e0 u l-prestazzjoni tal-arma tieg\u0127ek. Investixxi f&#8217;dan il-komponent affidabbli biex ti\u017cgura li s-sigurt\u00e0 u l-funzjonalit\u00e0 tal-arma tieg\u0127ek jin\u017cammu fl-og\u0127la livell.<\/p>\n<p>G\u0127al Armamenti KMR:<\/p>\n<p>KMR L-02 EMIQ<\/p>\n<p>KMR L-02 EMIQ (OR)<\/p>\n<p>KMR L-02 ORCA MINN 2024<\/p>\n<p>KMR L-02 ORCA SAL-2023<\/p>\n<p>KMR L-02 SPECTRA MINN 2024<\/p>\n<p>KMR L-02 SPECTRA SAL-2023<\/p>\n<p>KMR L-02 UMBRA (OR) SR<\/p>\n<p>KMR S-01 LANCE (OR)<\/p>\n<p>KMR S-02 MINN 2024<\/p>\n<p>KMR S-02 SAL-2023<\/p>\n<p>KMR W-02 CUDA (OR)<\/p>\n<p>KMR W-02 UMBRA<\/p>\n<p>KMR W-02 UMBRA (OR)<\/p>\n","protected":false},"excerpt":{"rendered":"<p>Primorra g\u0127all-Armi KMR.<\/p>\n","protected":false},"featured_media":24926,"template":"","meta":{"_acf_changed":false},"product_brand":[11500],"product_cat":[14126,14108],"product_tag":[],"class_list":{"0":"post-694122","1":"product","2":"type-product","3":"status-publish","4":"has-post-thumbnail","6":"product_brand-kmr-precision","7":"product_cat-molol","8":"product_cat-partijiet-kmr","10":"first","11":"instock","12":"taxable","13":"shipping-taxable","14":"product-type-simple"},"acf":[],"_links":{"self":[{"href":"https:\/\/nbg.eu\/mt\/wp-json\/wp\/v2\/product\/694122","targetHints":{"allow":["GET"]}}],"collection":[{"href":"https:\/\/nbg.eu\/mt\/wp-json\/wp\/v2\/product"}],"about":[{"href":"https:\/\/nbg.eu\/mt\/wp-json\/wp\/v2\/types\/product"}],"wp:featuredmedia":[{"embeddable":true,"href":"https:\/\/nbg.eu\/mt\/wp-json\/wp\/v2\/media\/24926"}],"wp:attachment":[{"href":"https:\/\/nbg.eu\/mt\/wp-json\/wp\/v2\/media?parent=694122"}],"wp:term":[{"taxonomy":"product_brand","embeddable":true,"href":"https:\/\/nbg.eu\/mt\/wp-json\/wp\/v2\/product_brand?post=694122"},{"taxonomy":"product_cat","embeddable":true,"href":"https:\/\/nbg.eu\/mt\/wp-json\/wp\/v2\/product_cat?post=694122"},{"taxonomy":"product_tag","embeddable":true,"href":"https:\/\/nbg.eu\/mt\/wp-json\/wp\/v2\/product_tag?post=694122"}],"curies":[{"name":"wp","href":"https:\/\/api.w.org\/{rel}","templated":true}]}}