{"id":694162,"date":"2024-09-16T12:35:24","date_gmt":"2024-09-16T09:35:24","guid":{"rendered":"https:\/\/nbg.eu\/product\/safety-detent-plunger-right-kmr\/"},"modified":"2026-05-13T16:03:36","modified_gmt":"2026-05-13T13:03:36","slug":"safety-detent-plunger-right-kmr","status":"publish","type":"product","link":"https:\/\/nbg.eu\/mt\/product\/safety-detent-plunger-right-kmr\/","title":{"rendered":"KMR Plun\u0121er tas-Sikurezza Lemin"},"content":{"rendered":"<h2>Detent Plunger &#8211; Sinistra KMR<\/h2>\n<p>Itjajjar is-sigurt\u00e0 u l-funzjonalit\u00e0 tas-sistema tal-arma KMR tieg\u0127ek bil-Detent Plunger &#8211; Sinistra. Iddisinjat g\u0127all-integrazzjoni bla xkiel, dan il-plunger jipprovdi mekkani\u017cmu ta&#8217; blokkaggio sikur biex jipprevjeni \u017car\u0121ar a\u010b\u010bidentali. Manifatturat b&#8217;pre\u010bi\u017cjoni, il-plunger huwa kompatibbli ma&#8217; firxa wiesg\u0127a ta&#8217; mudelli KMR.<\/p>\n<p>G\u0127al Armi KMR<\/p>\n<p>KMR L-02 EMIQ<\/p>\n<p>KMR L-02 EMIQ (OR)<\/p>\n<p>KMR L-02 ORCA UNTIL 2023<\/p>\n<p>KMR L-02 SPECTRA UNTIL 2023<\/p>\n<p>KMR L-02 UMBRA (OR) SR<\/p>\n<p>KMR S-01 LANCE (OR)<\/p>\n<p>KMR S-02 UNTIL 2023<\/p>\n<p>KMR W-02 CUDA (OR)<\/p>\n<p>KMR W-02 UMBRA<\/p>\n<p>KMR W-02 UMBRA (OR)<\/p>\n<p>Referenza 1130-00302-0401<\/p>\n","protected":false},"excerpt":{"rendered":"<p>Plun\u0121er ta&#8217; Lqug\u0127 tas-Sikurezza &#8211; Leminija KMR g\u0127all-Armi KMR<\/p>\n","protected":false},"featured_media":25918,"template":"","meta":{"_acf_changed":false},"product_brand":[11500],"product_cat":[14108],"product_tag":[],"class_list":{"0":"post-694162","1":"product","2":"type-product","3":"status-publish","4":"has-post-thumbnail","6":"product_brand-kmr-precision","7":"product_cat-partijiet-kmr","8":"pa_strong-hand-right-mt","10":"first","11":"instock","12":"taxable","13":"shipping-taxable","14":"product-type-simple"},"acf":[],"_links":{"self":[{"href":"https:\/\/nbg.eu\/mt\/wp-json\/wp\/v2\/product\/694162","targetHints":{"allow":["GET"]}}],"collection":[{"href":"https:\/\/nbg.eu\/mt\/wp-json\/wp\/v2\/product"}],"about":[{"href":"https:\/\/nbg.eu\/mt\/wp-json\/wp\/v2\/types\/product"}],"wp:featuredmedia":[{"embeddable":true,"href":"https:\/\/nbg.eu\/mt\/wp-json\/wp\/v2\/media\/25918"}],"wp:attachment":[{"href":"https:\/\/nbg.eu\/mt\/wp-json\/wp\/v2\/media?parent=694162"}],"wp:term":[{"taxonomy":"product_brand","embeddable":true,"href":"https:\/\/nbg.eu\/mt\/wp-json\/wp\/v2\/product_brand?post=694162"},{"taxonomy":"product_cat","embeddable":true,"href":"https:\/\/nbg.eu\/mt\/wp-json\/wp\/v2\/product_cat?post=694162"},{"taxonomy":"product_tag","embeddable":true,"href":"https:\/\/nbg.eu\/mt\/wp-json\/wp\/v2\/product_tag?post=694162"}],"curies":[{"name":"wp","href":"https:\/\/api.w.org\/{rel}","templated":true}]}}