{"id":694189,"date":"2024-08-18T12:14:07","date_gmt":"2024-08-18T09:14:07","guid":{"rendered":"https:\/\/nbg.eu\/product\/safety-detent-plunger-left-kmr\/"},"modified":"2026-05-13T16:02:59","modified_gmt":"2026-05-13T13:02:59","slug":"safety-detent-plunger-left-kmr","status":"publish","type":"product","link":"https:\/\/nbg.eu\/mt\/product\/safety-detent-plunger-left-kmr\/","title":{"rendered":"KMR Plun\u0121er tas-Sikurezza Xellug"},"content":{"rendered":"<h2>Safety Detent Plunger &#8211; Left KMR<\/h2>\n<p>Ma\u0127sub g\u0127all-u\u017cu ma&#8217; varjet\u00e0 ta&#8217; mudelli ta&#8217; armi KMR, il-Safety Detent Plunger &#8211; Left KMR huwa komponent essenzjali li jg\u0127in ji\u017cgura l-operazzjoni sigura u affidabbli tal-arma tieg\u0127ek. Din il-plunger g\u0127andha rwol kru\u010bjali fil-mekkani\u017cmi tas-sigurt\u00e0 tal-arma.<\/p>\n<p>Mag\u0127mul b&#8217;pre\u010bi\u017cjoni u b&#8217;durabilit\u00e0 f&#8217;mo\u0127\u0127, il-Safety Detent Plunger &#8211; Left KMR ti\u017cgura konnessjoni sigura u affidabbli, u tipprovdi pa\u010bi tal-mo\u0127\u0127 waqt l-u\u017cu.<\/p>\n<p>G\u0127all-Armi KMR<\/p>\n<p>KMR L-02 EMIQ<\/p>\n<p>KMR L-02 EMIQ (OR)<\/p>\n<p>KMR L-02 ORCA SAL-2023<\/p>\n<p>KMR L-02 SPECTRA SAL-2023<\/p>\n<p>KMR L-02 UMBRA (OR) SR<\/p>\n<p>KMR S-01 LANCE (OR)<\/p>\n<p>KMR S-02 SAL-2023<\/p>\n<p>KMR W-02 CUDA (OR)<\/p>\n<p>KMR W-02 UMBRA<\/p>\n<p>KMR W-02 UMBRA (OR)<\/p>\n<p>Referenza 1130-00302-0401<\/p>\n","protected":false},"excerpt":{"rendered":"<p>Is-Soluzzjoni li Tieqaf Sikur &#8211; Xellugija KMR g\u0127all-Armamenti KMR, kompatibbli ma&#8217; diversi mudelli.<\/p>\n","protected":false},"featured_media":25918,"template":"","meta":{"_acf_changed":false},"product_brand":[11500],"product_cat":[14108],"product_tag":[],"class_list":{"0":"post-694189","1":"product","2":"type-product","3":"status-publish","4":"has-post-thumbnail","6":"product_brand-kmr-precision","7":"product_cat-partijiet-kmr","8":"pa_strong-hand-right-mt","10":"first","11":"instock","12":"taxable","13":"shipping-taxable","14":"product-type-simple"},"acf":[],"_links":{"self":[{"href":"https:\/\/nbg.eu\/mt\/wp-json\/wp\/v2\/product\/694189","targetHints":{"allow":["GET"]}}],"collection":[{"href":"https:\/\/nbg.eu\/mt\/wp-json\/wp\/v2\/product"}],"about":[{"href":"https:\/\/nbg.eu\/mt\/wp-json\/wp\/v2\/types\/product"}],"wp:featuredmedia":[{"embeddable":true,"href":"https:\/\/nbg.eu\/mt\/wp-json\/wp\/v2\/media\/25918"}],"wp:attachment":[{"href":"https:\/\/nbg.eu\/mt\/wp-json\/wp\/v2\/media?parent=694189"}],"wp:term":[{"taxonomy":"product_brand","embeddable":true,"href":"https:\/\/nbg.eu\/mt\/wp-json\/wp\/v2\/product_brand?post=694189"},{"taxonomy":"product_cat","embeddable":true,"href":"https:\/\/nbg.eu\/mt\/wp-json\/wp\/v2\/product_cat?post=694189"},{"taxonomy":"product_tag","embeddable":true,"href":"https:\/\/nbg.eu\/mt\/wp-json\/wp\/v2\/product_tag?post=694189"}],"curies":[{"name":"wp","href":"https:\/\/api.w.org\/{rel}","templated":true}]}}