{"id":694200,"date":"2024-08-18T10:56:41","date_gmt":"2024-08-18T07:56:41","guid":{"rendered":"https:\/\/nbg.eu\/product\/screw-m3x5-din-913-kmr\/"},"modified":"2026-04-16T18:08:53","modified_gmt":"2026-04-16T15:08:53","slug":"screw-m3x5-din-913-kmr","status":"publish","type":"product","link":"https:\/\/nbg.eu\/mt\/product\/screw-m3x5-din-913-kmr\/","title":{"rendered":"KMR Vit M3x5 DIN 913"},"content":{"rendered":"<h2>VITI M3x5 DIN 913 KMR: Atta\u010b\u010bament Sikur g\u0127as-Sistema tal-Armamenti Tieg\u0127ek<\/h2>\n<p>Il-VITI M3x5 DIN 913 KMR hija komponent essenzjali g\u0127all-assigurazzjoni ta&#8217; diversi sistemi tal-armamenti g\u0127all-KMR. Imfassla biex tilqa&#8217; g\u0127ad-domandi rigoru\u017ci ta&#8217; applikazzjonijiet militari u ta&#8217; infurzar tal-li\u0121i, din il-viti toffri soluzzjoni affidabbli u durabbli g\u0127all-atta\u010b\u010bament ta&#8217; komponenti g\u0127all-armamenti KMR tieg\u0127ek.<\/p>\n<p>Ma\u0127duma skont l-istandard e\u017catt DIN 913, din il-viti ti\u017cgura li taqbel b&#8217;mod sikur u pre\u010bi\u017c, u tnaqqas ir-riskju tal-i\u010b\u010baqliq jew il-\u0127sara matul l-operazzjoni. It-taqsira tal-kamin tag\u0127ha ta&#8217; M3 u t-tul ta&#8217; 5mm jag\u0127mluha g\u0127a\u017cla affidabbli, u jipprovdu l-istabbilt\u00e0 u s-support me\u0127tie\u0121 g\u0127all-komponenti tal-armamenti tieg\u0127ek.<\/p>\n<p>Sew jekk qed tg\u0127addi minn upgrade, manutenzjoni, jew tiswija tal-armamenti KMR tieg\u0127ek, dan huwa a\u010b\u010bessorju li ma jista&#8217; jonqos, u li joffri l-kwalit\u00e0 u l-prestazzjoni li tistenna minn komponent ta&#8217; grad militari affidabbli.<\/p>\n","protected":false},"excerpt":{"rendered":"<p>Burbett M3x5 DIN 913 KMR g\u0127al armi KMR.<\/p>\n","protected":false},"featured_media":25271,"template":"","meta":{"_acf_changed":false},"product_brand":[11500],"product_cat":[14108],"product_tag":[],"class_list":{"0":"post-694200","1":"product","2":"type-product","3":"status-publish","4":"has-post-thumbnail","6":"product_brand-kmr-precision","7":"product_cat-partijiet-kmr","9":"first","10":"instock","11":"taxable","12":"shipping-taxable","13":"product-type-simple"},"acf":[],"_links":{"self":[{"href":"https:\/\/nbg.eu\/mt\/wp-json\/wp\/v2\/product\/694200","targetHints":{"allow":["GET"]}}],"collection":[{"href":"https:\/\/nbg.eu\/mt\/wp-json\/wp\/v2\/product"}],"about":[{"href":"https:\/\/nbg.eu\/mt\/wp-json\/wp\/v2\/types\/product"}],"wp:featuredmedia":[{"embeddable":true,"href":"https:\/\/nbg.eu\/mt\/wp-json\/wp\/v2\/media\/25271"}],"wp:attachment":[{"href":"https:\/\/nbg.eu\/mt\/wp-json\/wp\/v2\/media?parent=694200"}],"wp:term":[{"taxonomy":"product_brand","embeddable":true,"href":"https:\/\/nbg.eu\/mt\/wp-json\/wp\/v2\/product_brand?post=694200"},{"taxonomy":"product_cat","embeddable":true,"href":"https:\/\/nbg.eu\/mt\/wp-json\/wp\/v2\/product_cat?post=694200"},{"taxonomy":"product_tag","embeddable":true,"href":"https:\/\/nbg.eu\/mt\/wp-json\/wp\/v2\/product_tag?post=694200"}],"curies":[{"name":"wp","href":"https:\/\/api.w.org\/{rel}","templated":true}]}}