{"id":694233,"date":"2024-09-17T08:46:01","date_gmt":"2024-09-17T05:46:01","guid":{"rendered":"https:\/\/nbg.eu\/product\/screw-m3x6-din-913-kmr\/"},"modified":"2026-04-16T18:06:31","modified_gmt":"2026-04-16T15:06:31","slug":"screw-m3x6-din-913-kmr","status":"publish","type":"product","link":"https:\/\/nbg.eu\/mt\/product\/screw-m3x6-din-913-kmr\/","title":{"rendered":"KMR Vit M3x6 DIN 913"},"content":{"rendered":"<h2>VITI M3x6 DIN 913 KMR: Essenzjali g\u0127al Armamenti KMR<\/h2>\n<p>Mag\u0127mula skont l-istandard DIN 913, din il-viti M3x6 tipprovdi a\u0121\u0121ustament sigur u pre\u010bi\u017c, li jikkontribwixxi g\u0127all-istabbilt\u00e0 u l-integrit\u00e0 \u0121enerali tal-komponenti tal-arma tieg\u0127ek. Il-kostruzzjoni tieg\u0127u re\u017ciljenti, b&#8217;kompo\u017cizzjoni ta&#8217; materjal sod, ti\u017cgura prestazzjoni fit-tul u re\u017cistenza g\u0127at-tifrik u t-tear, anke fl-ambjenti l-aktar e\u017ci\u0121enti.<\/p>\n<p>Kemm jekk qed i\u017c\u017comm, tissewwi, jew tissupplimenta l-armamenti kompatibbli mal-KMR tieg\u0127ek, il-viti hija parti essenzjali li tista&#8217; tafda fuqha. Il-kompatibilit\u00e0 tag\u0127ha mal-mudelli spe\u010bifikati tag\u0127milha parti ta&#8217; sostituzzjoni jew ta&#8217; rikambju kru\u010bjali li g\u0127andek tkun lesta, biex ti\u017cgura l-funzjonament bla xkiel tal-apparat tieg\u0127ek ta&#8217; valur.<\/p>\n<\/p>\n<p>G\u0127al Armamenti KMR<\/p>\n<\/p>\n<p>KMR L-02 ORCA MINN 2024<\/p>\n<\/p>\n<p>KMR L-02 ORCA SAR 2023<\/p>\n<\/p>\n<p>KMR W-02 CUDA (OR)<\/p>\n","protected":false},"excerpt":{"rendered":"<p>B\u017bIE\u017bAQ M3x6 DIN 913 KMR hija komponent kru\u010bjali g\u0127all-manutenzjoni u l-assembla\u0121\u0121 ta&#8217; diversi sistemi tal-armi.<\/p>\n","protected":false},"featured_media":63684,"template":"","meta":{"_acf_changed":false},"product_brand":[11500],"product_cat":[14108],"product_tag":[],"class_list":{"0":"post-694233","1":"product","2":"type-product","3":"status-publish","4":"has-post-thumbnail","6":"product_brand-kmr-precision","7":"product_cat-partijiet-kmr","9":"first","10":"instock","11":"taxable","12":"shipping-taxable","13":"product-type-simple"},"acf":[],"_links":{"self":[{"href":"https:\/\/nbg.eu\/mt\/wp-json\/wp\/v2\/product\/694233","targetHints":{"allow":["GET"]}}],"collection":[{"href":"https:\/\/nbg.eu\/mt\/wp-json\/wp\/v2\/product"}],"about":[{"href":"https:\/\/nbg.eu\/mt\/wp-json\/wp\/v2\/types\/product"}],"wp:featuredmedia":[{"embeddable":true,"href":"https:\/\/nbg.eu\/mt\/wp-json\/wp\/v2\/media\/63684"}],"wp:attachment":[{"href":"https:\/\/nbg.eu\/mt\/wp-json\/wp\/v2\/media?parent=694233"}],"wp:term":[{"taxonomy":"product_brand","embeddable":true,"href":"https:\/\/nbg.eu\/mt\/wp-json\/wp\/v2\/product_brand?post=694233"},{"taxonomy":"product_cat","embeddable":true,"href":"https:\/\/nbg.eu\/mt\/wp-json\/wp\/v2\/product_cat?post=694233"},{"taxonomy":"product_tag","embeddable":true,"href":"https:\/\/nbg.eu\/mt\/wp-json\/wp\/v2\/product_tag?post=694233"}],"curies":[{"name":"wp","href":"https:\/\/api.w.org\/{rel}","templated":true}]}}