{"id":694262,"date":"2024-08-17T18:03:33","date_gmt":"2024-08-17T15:03:33","guid":{"rendered":"https:\/\/nbg.eu\/product\/sear-spring-kmr\/"},"modified":"2026-04-16T18:09:13","modified_gmt":"2026-04-16T15:09:13","slug":"sear-spring-kmr","status":"publish","type":"product","link":"https:\/\/nbg.eu\/mt\/product\/sear-spring-kmr\/","title":{"rendered":"KMR Molla tas-Sear"},"content":{"rendered":"<h2>Sear Spring KMR: Kontroll tal-Rikokk tal-Armi Pre\u010bi\u017ci<\/h2>\n<p>Qieg\u0127ed nipprezenta s-Sear Spring KMR, sistema tal-kontroll tal-rikokk flessibbli u b&#8217;rendiment g\u0127oli mfassla g\u0127al firxa wiesg\u0127a ta&#8217; pjattaformi tal-armi.<\/p>\n<p>Manifatturat minn materjali premium u ma\u0127dum b&#8217;mod minuzju\u017c, is-Sear Spring KMR jikkombina teknolo\u0121ija avanzata ma&#8217; durabilit\u00e0, li ti\u017cgura prestazzjoni affidabbli fl-ambjenti l-aktar e\u017ci\u0121enti. Id-disinn innovattiv tieg\u0127u jg\u0127in biex jillimita l-rikokk, li jippermetti akkwist aktar mg\u0127a\u0121\u0121el ta&#8217; mira, pre\u010bi\u017cjoni mtejba, u m\u0121iba aktar mi\u017cjuda g\u0127all-utent.<\/p>\n<p>Versatili fl-applikazzjoni tag\u0127ha, is-Sear Spring KMR hija kompatibbli ma&#8217; firxa wiesg\u0127a ta&#8217; armi, minn fucils u karabini sa pistoli u shotguns. Il-kostruzzjoni modulari tag\u0127ha tippermetti integrazzjoni bla xkiel, li ti\u017cgura addattament personalizzat g\u0127al prestazzjoni ottimali.<\/p>\n<p>G\u0127al Armi KMR:<\/p>\n<p>KMR L-02 EMIQ<\/p>\n<p>KMR L-02 EMIQ (OR)<\/p>\n<p>KMR L-02 ORCA MINN 2024<\/p>\n<p>KMR L-02 ORCA SAL-2023<\/p>\n<p>KMR L-02 SPECTRA MINN 2024<\/p>\n<p>KMR L-02 SPECTRA SAL-2023<\/p>\n<p>KMR L-02 UMBRA (OR) SR<\/p>\n<p>KMR S-01 LANCE (OR)<\/p>\n<p>KMR S-02 MINN 2024<\/p>\n<p>KMR S-02 SAL-2023<\/p>\n<p>KMR W-02 CUDA (OR)<\/p>\n<p>KMR W-02 UMBRA<\/p>\n<p>KMR W-02 UMBRA (OR)<\/p>\n","protected":false},"excerpt":{"rendered":"<p>Spar tal-primavera g\u0127al armamenti KMR, kompatibbli ma&#8217; diversi mudelli.<\/p>\n","protected":false},"featured_media":24832,"template":"","meta":{"_acf_changed":false},"product_brand":[11500],"product_cat":[14126,14108],"product_tag":[],"class_list":{"0":"post-694262","1":"product","2":"type-product","3":"status-publish","4":"has-post-thumbnail","6":"product_brand-kmr-precision","7":"product_cat-molol","8":"product_cat-partijiet-kmr","10":"first","11":"instock","12":"taxable","13":"shipping-taxable","14":"product-type-simple"},"acf":[],"_links":{"self":[{"href":"https:\/\/nbg.eu\/mt\/wp-json\/wp\/v2\/product\/694262","targetHints":{"allow":["GET"]}}],"collection":[{"href":"https:\/\/nbg.eu\/mt\/wp-json\/wp\/v2\/product"}],"about":[{"href":"https:\/\/nbg.eu\/mt\/wp-json\/wp\/v2\/types\/product"}],"wp:featuredmedia":[{"embeddable":true,"href":"https:\/\/nbg.eu\/mt\/wp-json\/wp\/v2\/media\/24832"}],"wp:attachment":[{"href":"https:\/\/nbg.eu\/mt\/wp-json\/wp\/v2\/media?parent=694262"}],"wp:term":[{"taxonomy":"product_brand","embeddable":true,"href":"https:\/\/nbg.eu\/mt\/wp-json\/wp\/v2\/product_brand?post=694262"},{"taxonomy":"product_cat","embeddable":true,"href":"https:\/\/nbg.eu\/mt\/wp-json\/wp\/v2\/product_cat?post=694262"},{"taxonomy":"product_tag","embeddable":true,"href":"https:\/\/nbg.eu\/mt\/wp-json\/wp\/v2\/product_tag?post=694262"}],"curies":[{"name":"wp","href":"https:\/\/api.w.org\/{rel}","templated":true}]}}