{"id":694282,"date":"2024-08-16T23:19:01","date_gmt":"2024-08-16T20:19:01","guid":{"rendered":"https:\/\/nbg.eu\/product\/sear-pin-kmr\/"},"modified":"2026-05-13T15:11:28","modified_gmt":"2026-05-13T12:11:28","slug":"sear-pin-kmr","status":"publish","type":"product","link":"https:\/\/nbg.eu\/mt\/product\/sear-pin-kmr\/","title":{"rendered":"KMR Pin tas-Sear"},"content":{"rendered":"<h2>Sear Pin g\u0127al Pistoli KMR: Punt Pivot Pre\u010bi\u017c g\u0127all-Konsistenza tat-Triggers<\/h2>\n<p>Is-Sear Pin g\u0127al Pistoli KMR huwa komponent kru\u010bjali li ji\u017cgura l-affidabbilt\u00e0 u l-konsistenza tal-mekkani\u017cmu tat-trigger tal-arma tan-nar tieg\u0127ek. Ma\u0127dum minn azzar utensil imdur b&#8217;pre\u010bi\u017cjoni u mg\u0127arraq, dan il-parti huwa manifatturat skont it-tolleranzi tal-fabbrika tal-KMR, li jag\u0127ti re\u017cistenza e\u010b\u010bezzjonali g\u0127at-tifrik u prestazzjoni g\u0127amla u affidabbli.<\/p>\n<p>Fil-qalb tal-mekkani\u017cmu tas-sear, is-Sear Pin jaqdi b\u0127ala l-assi pivot, li jippermetti lis-sear li ji\u010b\u010baqlaq b&#8217;mod pre\u010bi\u017c u konsistenti. Is-superfi\u010bje ultra-smooth u d-dijametru pre\u010bi\u017c ta&#8217; dan il-komponent huma vitali g\u0127all-\u0127\u017cina ta&#8217; \u017cbig\u0127 tat-trigger, li jista&#8217; ji\u0121i previst u affidabbli, u reset affidabbli fil-pistoli tal-kompetizzjoni tal-KMR.<\/p>\n<p>Billi jipprovdi punt pivot stabbli u g\u0127oli-pre\u010bi\u017cjoni, is-Sear Pin jg\u0127in biex jitne\u0127\u0127ew l-inkoerenza tat-trigger li jistg\u0127u jaffettwaw il-pre\u010bi\u017cjoni u l-prestazzjoni. Kemm jekk qed tie\u0127u sehem f&#8217;tiri kompetittivi jew tikka\u017ca fuq il-pistol tal-KMR tieg\u0127ek g\u0127ad-difi\u017ca personali, dan il-parti essenzjali jg\u0127in biex ji\u017cgura li l-\u0121bid tat-trigger ikun konsistenti u affidabbli kull darba.<\/p>\n<p>A\u0121\u0121orna l-pistol tal-KMR tieg\u0127ek b&#8217;is-Sear Pin u esperjenza d-differenza li l-in\u0121inerija pre\u010bi\u017ca tista&#8217; tag\u0127mel. Elevah tir tieg\u0127ek b&#8217;dan il-komponent essenzjali mag\u0127mul biex jipprovdi l-og\u0127la prestazzjoni tat-trigger.<\/p>\n","protected":false},"excerpt":{"rendered":"<p>Punt tal-pivot tal-\u0127ruq b&#8217;pre\u010bi\u017cjoni li ji\u017cgura t-tba\u010b\u010bir konsistenti tal-arma KMR.<\/p>\n","protected":false},"featured_media":23806,"template":"","meta":{"_acf_changed":false},"product_brand":[11500],"product_cat":[14108],"product_tag":[],"class_list":{"0":"post-694282","1":"product","2":"type-product","3":"status-publish","4":"has-post-thumbnail","6":"product_brand-kmr-precision","7":"product_cat-partijiet-kmr","9":"first","10":"instock","11":"taxable","12":"shipping-taxable","13":"product-type-simple"},"acf":[],"_links":{"self":[{"href":"https:\/\/nbg.eu\/mt\/wp-json\/wp\/v2\/product\/694282","targetHints":{"allow":["GET"]}}],"collection":[{"href":"https:\/\/nbg.eu\/mt\/wp-json\/wp\/v2\/product"}],"about":[{"href":"https:\/\/nbg.eu\/mt\/wp-json\/wp\/v2\/types\/product"}],"wp:featuredmedia":[{"embeddable":true,"href":"https:\/\/nbg.eu\/mt\/wp-json\/wp\/v2\/media\/23806"}],"wp:attachment":[{"href":"https:\/\/nbg.eu\/mt\/wp-json\/wp\/v2\/media?parent=694282"}],"wp:term":[{"taxonomy":"product_brand","embeddable":true,"href":"https:\/\/nbg.eu\/mt\/wp-json\/wp\/v2\/product_brand?post=694282"},{"taxonomy":"product_cat","embeddable":true,"href":"https:\/\/nbg.eu\/mt\/wp-json\/wp\/v2\/product_cat?post=694282"},{"taxonomy":"product_tag","embeddable":true,"href":"https:\/\/nbg.eu\/mt\/wp-json\/wp\/v2\/product_tag?post=694282"}],"curies":[{"name":"wp","href":"https:\/\/api.w.org\/{rel}","templated":true}]}}