{"id":694357,"date":"2025-09-05T00:02:56","date_gmt":"2025-09-04T21:02:56","guid":{"rendered":"https:\/\/nbg.eu\/product\/sig-sauer-taper-cap-for-5-56-barrels-1-2-28-thread\/"},"modified":"2026-05-13T16:41:24","modified_gmt":"2026-05-13T13:41:24","slug":"sig-sauer-taper-cap-for-5-56-barrels-1-2-28-thread","status":"publish","type":"product","link":"https:\/\/nbg.eu\/mt\/product\/sig-sauer-taper-cap-for-5-56-barrels-1-2-28-thread\/","title":{"rendered":"Sig Sauer Taper Cap for 5.56 Barrels, 1\/2-28 thread"},"content":{"rendered":"<div class=\"product-description\">\n<h2>Sig Sauer Taper Cap g\u0127al Tubi 5.56 NATO<\/h2>\n<p>Issa\u0127\u0127a\u0127 il-protezzjoni u l-estetika tal-arma tan-nar Sig Sauer tieg\u0127ek b&#8217;dan il-kappell tal-forma ta&#8217; taper ta&#8217; kwalit\u00e0 g\u0127olja ddisinjat b&#8217;mod spe\u010bifiku g\u0127at-tubi 5.56 NATO b&#8217;filetti 1\/2-28.<\/p>\n<ul>\n<li>Kompatibbli mal-mudelli kurrenti Sig Sauer 5.56 NATO, inklu\u017ci MCX u M400<\/li>\n<li>Ma\u0127dum b&#8217;mod pre\u010bi\u017c biex jivvinta t-tubi b&#8217;filetti 1\/2-28<\/li>\n<li>Jipprovdi protezzjoni e\u010b\u010bellenti g\u0127all-filetti tat-tubi tieg\u0127ek meta ma jkunx qed jintu\u017ca<\/li>\n<li>Fa\u010bli biex tkun installata u tne\u0127\u0127i<\/li>\n<li>Disinn sliex jikkomplimenta l-\u0127arsa tal-arma tan-nar tieg\u0127ek<\/li>\n<\/ul>\n<p>Dan il-kappell tal-forma ta&#8217; taper huwa a\u010b\u010bessorju essenzjali g\u0127all-manutenzjoni tal-arma tan-nar 5.56 NATO Sig Sauer tieg\u0127ek. Jg\u0127in jipprevjeni l-\u0127sara fil-filetti tat-tubi u j\u017comm &#8216;il barra l-iskart, biex ji\u017cgura li l-arma tieg\u0127ek tibqa&#8217; f&#8217;kondizzjoni tajba. Kemm jekk qed ta\u0127\u017cen l-arma tan-nar tieg\u0127ek jew tmur fir-ranju, dan il-kappell tal-forma ta&#8217; taper joffri protezzjoni prattika u finizz professjonali.<\/p>\n<\/div>\n","protected":false},"excerpt":{"rendered":"<p>Protezzjoni tat-tikketta ta&#8217; Sig Sauer g\u0127all-boro\u017c ta&#8217; 5.56, 1\/2-28 fil.<\/p>\n","protected":false},"featured_media":496360,"template":"","meta":{"_acf_changed":false},"product_brand":[15108],"product_cat":[14121,14141],"product_tag":[],"class_list":{"0":"post-694357","1":"product","2":"type-product","3":"status-publish","4":"has-post-thumbnail","6":"product_brand-sig-sauer","7":"product_cat-accessorji-tas-suppressor","8":"product_cat-suppressors-gar-rifle","10":"first","11":"instock","12":"taxable","13":"shipping-taxable","14":"purchasable","15":"product-type-simple"},"acf":[],"_links":{"self":[{"href":"https:\/\/nbg.eu\/mt\/wp-json\/wp\/v2\/product\/694357","targetHints":{"allow":["GET"]}}],"collection":[{"href":"https:\/\/nbg.eu\/mt\/wp-json\/wp\/v2\/product"}],"about":[{"href":"https:\/\/nbg.eu\/mt\/wp-json\/wp\/v2\/types\/product"}],"wp:featuredmedia":[{"embeddable":true,"href":"https:\/\/nbg.eu\/mt\/wp-json\/wp\/v2\/media\/496360"}],"wp:attachment":[{"href":"https:\/\/nbg.eu\/mt\/wp-json\/wp\/v2\/media?parent=694357"}],"wp:term":[{"taxonomy":"product_brand","embeddable":true,"href":"https:\/\/nbg.eu\/mt\/wp-json\/wp\/v2\/product_brand?post=694357"},{"taxonomy":"product_cat","embeddable":true,"href":"https:\/\/nbg.eu\/mt\/wp-json\/wp\/v2\/product_cat?post=694357"},{"taxonomy":"product_tag","embeddable":true,"href":"https:\/\/nbg.eu\/mt\/wp-json\/wp\/v2\/product_tag?post=694357"}],"curies":[{"name":"wp","href":"https:\/\/api.w.org\/{rel}","templated":true}]}}