{"id":694420,"date":"2024-09-16T14:42:04","date_gmt":"2024-09-16T11:42:04","guid":{"rendered":"https:\/\/nbg.eu\/product\/slide-stop-kmr-s\/"},"modified":"2026-05-13T16:02:57","modified_gmt":"2026-05-13T13:02:57","slug":"slide-stop-kmr-s","status":"publish","type":"product","link":"https:\/\/nbg.eu\/mt\/product\/slide-stop-kmr-s\/","title":{"rendered":"KMR Waqfien tal-Islayd S"},"content":{"rendered":"<h2>SLIDE STOP S &#8211; Il-Funzjoni Essenzjali tas-Sigurt\u00e0 g\u0127all-Arma Tieg\u0127ek<\/h2>\n<p>Il-SLIDE STOP S huwa komponent kru\u010bjali g\u0127all-arma tieg\u0127ek, iddisinjat biex itejjeb is-sigurt\u00e0 u l-funzjonalit\u00e0. Meta l-maga\u017cin ikun vojt, il-qbid tal-islidja awtomatikament jiblokka l-islidja fil-po\u017cizzjoni ta&#8217; wara, u b&#8217;hekk jikkomunika \u010bar lill-operatur li jkun hemm b\u017conn li jitfi maga\u017cin \u0121did.<\/p>\n<p>Din il-funzjoni tippermetti rkarikkar bla xkiel, peress li l-operatur jista&#8217; sempli\u010bement jg\u0127afas il-qbid tal-islidja biex jirrilaxxa l-islidja u jittella&#8217; l-ewwel kartu\u010b\u010ba fil-kamera. Il-SLIDE STOP S jaqdi b\u0127ala mekkani\u017cmu ta&#8217; sigurt\u00e0, li jipprevjeni t-tixrid a\u010b\u010bidentali sakemm il-maga\u017cin ikun inserit kif suppost u l-arma tkun lesta g\u0127all-u\u017cu.<\/p>\n<p>Kompatibbli mal-mudelli ta&#8217; arma li \u0121ejjin:<\/p>\n<p>KMR S-01 LANCE (OR)<\/p>\n<p>KMR S-02 75 (OR) SR ADA,<\/p>\n<p>KMR S-02 FROM 2024,<\/p>\n<p>KMR S-02 SH1 (OR) SR ADA,<\/p>\n<p>KMR S-02 UNTIL 2023.<\/p>\n<p>Referenza tal-parti: 1110-01503-0400.<\/p>\n","protected":false},"excerpt":{"rendered":"<p>Qieg\u0127ed il-verb fil-po\u017cizzjoni ta &#8216;wara, li jissenjalja maga\u017cin vojt. Jippermetti l-\u0127a\u017cna ta &#8216;ammont \u0121did ta&#8217; munizzjon. Karatteristika ta&#8217; sigurt\u00e0 li tipprevjeni l-\u0127ru\u0121 a\u010b\u010bidentali.<\/p>\n","protected":false},"featured_media":25895,"template":"","meta":{"_acf_changed":false},"product_brand":[11500],"product_cat":[14108],"product_tag":[],"class_list":{"0":"post-694420","1":"product","2":"type-product","3":"status-publish","4":"has-post-thumbnail","6":"product_brand-kmr-precision","7":"product_cat-partijiet-kmr","9":"first","10":"instock","11":"taxable","12":"shipping-taxable","13":"product-type-simple"},"acf":[],"_links":{"self":[{"href":"https:\/\/nbg.eu\/mt\/wp-json\/wp\/v2\/product\/694420","targetHints":{"allow":["GET"]}}],"collection":[{"href":"https:\/\/nbg.eu\/mt\/wp-json\/wp\/v2\/product"}],"about":[{"href":"https:\/\/nbg.eu\/mt\/wp-json\/wp\/v2\/types\/product"}],"wp:featuredmedia":[{"embeddable":true,"href":"https:\/\/nbg.eu\/mt\/wp-json\/wp\/v2\/media\/25895"}],"wp:attachment":[{"href":"https:\/\/nbg.eu\/mt\/wp-json\/wp\/v2\/media?parent=694420"}],"wp:term":[{"taxonomy":"product_brand","embeddable":true,"href":"https:\/\/nbg.eu\/mt\/wp-json\/wp\/v2\/product_brand?post=694420"},{"taxonomy":"product_cat","embeddable":true,"href":"https:\/\/nbg.eu\/mt\/wp-json\/wp\/v2\/product_cat?post=694420"},{"taxonomy":"product_tag","embeddable":true,"href":"https:\/\/nbg.eu\/mt\/wp-json\/wp\/v2\/product_tag?post=694420"}],"curies":[{"name":"wp","href":"https:\/\/api.w.org\/{rel}","templated":true}]}}