{"id":694457,"date":"2024-09-16T14:36:57","date_gmt":"2024-09-16T11:36:57","guid":{"rendered":"https:\/\/nbg.eu\/product\/slide-stop-27-kmr\/"},"modified":"2026-02-02T18:40:59","modified_gmt":"2026-02-02T15:40:59","slug":"slide-stop-27-kmr","status":"publish","type":"product","link":"https:\/\/nbg.eu\/mt\/product\/slide-stop-27-kmr\/","title":{"rendered":"FERMA &#8216;L LQUG\u0126 27 KMR"},"content":{"rendered":"<h2>SLIDE STOP 27 KMR &#8211; Affidabbli Arma tan-Nar u Indikatur tar-Rikarikar<\/h2>\n<p>Il-SLIDE STOP 27 KMR huwa karatteristika essenzjali li ttejjeb is-sigurt\u00e0 u l-funzjonalit\u00e0 tal-arma tan-nar tieg\u0127ek. Meta l-maga\u017cen ikun vojt, il-qbid tal-ilsien awtomatikament jillokkja l-ilsien fil-po\u017cizzjoni ta&#8217; wara, u dan jipprovdi sinjal vi\u017civ \u010bar li l-maga\u017cen je\u0127tie\u0121 li jinbidel.<\/p>\n<p>Din il-karatteristika tippermetti l-ikkargar mill-\u0121did bla xkiel, peress li l-bidwi jista&#8217; sempli\u010bement jippremji l-qbid tal-ilsien biex jitlaq l-ilsien u j\u0121arrab l-ewwel sata\u010b\u010b fil-kamera hekk kif maga\u017cen \u0121did ikun da\u0127\u0127al. Il-SLIDE STOP 27 KMR ja\u0121ixxi b\u0127ala mekkani\u017cmu ta&#8217; sigurt\u00e0 affidabbli, li jipprevjeni l-isparatura a\u010b\u010bidentali sakemm il-maga\u017cen ikun issekurat sew u l-arma tkun lesta g\u0127all-u\u017cu.<\/p>\n<p>Mag\u0127mula b&#8217;pre\u010bi\u017cjoni u attenzjoni g\u0127ad-dettall, il-SLIDE STOP 27 KMR hija \u017cieda ta&#8217; valur g\u0127al kull arma tan-nar, li ti\u017cgura esperjenza aktar sigura u effi\u010bjenti g\u0127all-isparar. Sew jekk int marksman esperimentat jew tirjah sparatur, din il-karatteristika ser tipprovdilek il-pa\u010bi tal-mo\u0127\u0127 u l-fidu\u010bja li g\u0127andek b\u017conn fil-post ta&#8217; l-e\u017cer\u010bizzju jew fil-qasam.<\/p>\n<p>G\u0127al Armi KMR<br \/>\nKMR L-02 SPECTRA SAKEMM 2023<br \/>\nKMR W-02 CUDA (OR)<br \/>\nKMR W-02 UMBRA<br \/>\nKMR W-02 UMBRA (OR)<\/p>\n","protected":false},"excerpt":{"rendered":"<p>Funzjoni tal-blokka tal-iskarlar tawla l-iskarlar awtomatikament meta l-immagazin ikun vojt, tippermetti t-tag\u0127bija ta&#8217; munizzjon \u0121did, u tipprevjeni l-iskargar a\u010b\u010bidentali.<\/p>\n","protected":false},"featured_media":25872,"template":"","meta":{"_acf_changed":false},"product_brand":[11500],"product_cat":[14108],"product_tag":[],"class_list":{"0":"post-694457","1":"product","2":"type-product","3":"status-publish","4":"has-post-thumbnail","6":"product_brand-kmr-precision","7":"product_cat-partijiet-kmr","9":"first","10":"instock","11":"taxable","12":"shipping-taxable","13":"product-type-simple"},"acf":[],"_links":{"self":[{"href":"https:\/\/nbg.eu\/mt\/wp-json\/wp\/v2\/product\/694457","targetHints":{"allow":["GET"]}}],"collection":[{"href":"https:\/\/nbg.eu\/mt\/wp-json\/wp\/v2\/product"}],"about":[{"href":"https:\/\/nbg.eu\/mt\/wp-json\/wp\/v2\/types\/product"}],"wp:featuredmedia":[{"embeddable":true,"href":"https:\/\/nbg.eu\/mt\/wp-json\/wp\/v2\/media\/25872"}],"wp:attachment":[{"href":"https:\/\/nbg.eu\/mt\/wp-json\/wp\/v2\/media?parent=694457"}],"wp:term":[{"taxonomy":"product_brand","embeddable":true,"href":"https:\/\/nbg.eu\/mt\/wp-json\/wp\/v2\/product_brand?post=694457"},{"taxonomy":"product_cat","embeddable":true,"href":"https:\/\/nbg.eu\/mt\/wp-json\/wp\/v2\/product_cat?post=694457"},{"taxonomy":"product_tag","embeddable":true,"href":"https:\/\/nbg.eu\/mt\/wp-json\/wp\/v2\/product_tag?post=694457"}],"curies":[{"name":"wp","href":"https:\/\/api.w.org\/{rel}","templated":true}]}}