{"id":694481,"date":"2024-09-17T22:47:08","date_gmt":"2024-09-17T19:47:08","guid":{"rendered":"https:\/\/nbg.eu\/product\/slide-stop-spring-22-lr-kmr\/"},"modified":"2026-02-13T18:49:52","modified_gmt":"2026-02-13T15:49:52","slug":"slide-stop-spring-22-lr-kmr","status":"publish","type":"product","link":"https:\/\/nbg.eu\/mt\/product\/slide-stop-spring-22-lr-kmr\/","title":{"rendered":"QATTUS \u017bG\u0126IR 22 LIMIED KMR"},"content":{"rendered":"<h2>SLIDE STOP SPRING 22 LR KMR g\u0127all-Armi KMR<\/h2>\n<p>Imfassal g\u0127all-u\u017cu mal-in\u0121enju tal-armi serje KMR, il-SLIDE STOP SPRING 22 LR KMR hija a\u010b\u010bessorju b&#8217;sa\u0127\u0127a u affidabbli li ji\u017cgura operazzjoni bla xkiel u funzjonalit\u00e0 mtejba.<\/p>\n<p>Imfassla b&#8217;pre\u010bi\u017cjoni u attenzjoni g\u0127ad-dettall, il-SLIDE STOP SPRING 22 LR KMR ti\u017cgura prestazzjoni affidabbli u \u0127ajja tas-servizz esti\u017ca, li tag\u0127milha komponent essenzjali g\u0127all-entu\u017cjasti tal-armi KMR u professjonisti. Din il-primavera hija kompatibbli ma&#8217; kollox mudelli KMR sa l-2023, li jipprovdi soluzzjoni b&#8217;sa\u0127\u0127a g\u0127all-manutenzjoni tal-armi u l-\u0127ti\u0121ijiet tat-tis\u0127i\u0127 tieg\u0127ek.<\/p>\n<p>G\u0127all-Armi KMR<\/p>\n<p>KMR S-01 LANCE (OR)<\/p>\n<p>KMR S-02 10 (OR) SR ADA<\/p>\n<p>KMR S-02 75 (OR) SR ADA<\/p>\n<p>KMR S-02 SH1 (OR) SR ADA<\/p>\n<p>KMR S-02 SH2 (OR) SR ADA<\/p>\n<p>KMR S-02 TS (OR) SR ADA<\/p>\n<p>KMR S-02 SAS L-2023<\/p>\n","protected":false},"excerpt":{"rendered":"<p>Parti tar-ri\u017cerva tal-primavera g\u0127al armi KMR.<\/p>\n","protected":false},"featured_media":24903,"template":"","meta":{"_acf_changed":false},"product_brand":[11500],"product_cat":[14126,14108],"product_tag":[],"class_list":{"0":"post-694481","1":"product","2":"type-product","3":"status-publish","4":"has-post-thumbnail","6":"product_brand-kmr-precision","7":"product_cat-molol","8":"product_cat-partijiet-kmr","10":"first","11":"instock","12":"taxable","13":"shipping-taxable","14":"product-type-simple"},"acf":[],"_links":{"self":[{"href":"https:\/\/nbg.eu\/mt\/wp-json\/wp\/v2\/product\/694481","targetHints":{"allow":["GET"]}}],"collection":[{"href":"https:\/\/nbg.eu\/mt\/wp-json\/wp\/v2\/product"}],"about":[{"href":"https:\/\/nbg.eu\/mt\/wp-json\/wp\/v2\/types\/product"}],"wp:featuredmedia":[{"embeddable":true,"href":"https:\/\/nbg.eu\/mt\/wp-json\/wp\/v2\/media\/24903"}],"wp:attachment":[{"href":"https:\/\/nbg.eu\/mt\/wp-json\/wp\/v2\/media?parent=694481"}],"wp:term":[{"taxonomy":"product_brand","embeddable":true,"href":"https:\/\/nbg.eu\/mt\/wp-json\/wp\/v2\/product_brand?post=694481"},{"taxonomy":"product_cat","embeddable":true,"href":"https:\/\/nbg.eu\/mt\/wp-json\/wp\/v2\/product_cat?post=694481"},{"taxonomy":"product_tag","embeddable":true,"href":"https:\/\/nbg.eu\/mt\/wp-json\/wp\/v2\/product_tag?post=694481"}],"curies":[{"name":"wp","href":"https:\/\/api.w.org\/{rel}","templated":true}]}}