{"id":694495,"date":"2024-08-17T15:15:43","date_gmt":"2024-08-17T12:15:43","guid":{"rendered":"https:\/\/nbg.eu\/product\/slide-stop-spring-pin-22-lr-15x6-kmr\/"},"modified":"2026-04-16T18:10:07","modified_gmt":"2026-04-16T15:10:07","slug":"slide-stop-spring-pin-22-lr-15x6-kmr","status":"publish","type":"product","link":"https:\/\/nbg.eu\/mt\/product\/slide-stop-spring-pin-22-lr-15x6-kmr\/","title":{"rendered":"KMR Pin tal-Molla tal-Waqfien .22 LR 1.5&#215;6"},"content":{"rendered":"<h2>Slide Stop Spring Pin 22 Lr 1,5X6 KMR<\/h2>\n<p>Il-Slide Stop Spring Pin 22 Lr 1,5X6 KMR huwa komponent essenzjali g\u0127all-\u0127arsien tal-funzjonament korrett tal-arma tieg\u0127ek. Iddisinjat spe\u010bifikament g\u0127al armi ta&#8217; kalibru 22 Lr, dan il-pin tal-qawwi ji\u017cgura mekkani\u017cmu tal-istop tal-slide sigur u affidabbli, u jipprevjeni misfire u ji\u017cgura operat s\u0127i\u0127.<\/p>\n<p>Mag\u0127mul minn materjali ta&#8217; kwalit\u00e0 g\u0127olja, il-Slide Stop Spring Pin 22 Lr 1,5X6 KMR huwa ma\u0127dum biex ila\u0127\u0127aq mal-irji\u0127at tal-u\u017cu regolari. Il-qies tieg\u0127u kompatt ta&#8217; 1.5mm x 6mm jg\u0127aqqdu malajr ma&#8217; varjet\u00e0 ta&#8217; armamenti ta&#8217; 22 Lr, u jipprovdi integrazzjoni bla ti\u0121rib mal-komponenti interni tal-arma tieg\u0127ek.<\/p>\n<p>Kemm jekk inti tirmilja kompetittiva, entu\u017cjasta tar-rikreazzjoni, jew sid tal-armi responsabbli, il-Slide Stop Spring Pin 22 Lr 1,5X6 KMR huwa a\u010b\u010bessorju essenzjali g\u0127all-\u0127arsien tal-prestazzjoni u l-affidabilit\u00e0 ottimali tal-arma ta&#8217; 22 Lr tieg\u0127ek. L-in\u0121inerija pre\u010bi\u017ca u l-kostruzzjoni tieg\u0127u li tifdal tassigura prestazzjoni fit-tul, li jippermettik ikkon\u010bentrat fuq l-esperjenza tar-rimi tieg\u0127ek b&#8217;kunfidenza.<\/p>\n","protected":false},"excerpt":{"rendered":"<p>Il-pin tal-qawwa tal-brimar\u0121ini jissikkur il-waqfien tal-iskar fuq il-pistoli 22 LR.<\/p>\n","protected":false},"featured_media":24044,"template":"","meta":{"_acf_changed":false},"product_brand":[11500],"product_cat":[14108],"product_tag":[],"class_list":{"0":"post-694495","1":"product","2":"type-product","3":"status-publish","4":"has-post-thumbnail","6":"product_brand-kmr-precision","7":"product_cat-partijiet-kmr","9":"first","10":"instock","11":"taxable","12":"shipping-taxable","13":"product-type-simple"},"acf":[],"_links":{"self":[{"href":"https:\/\/nbg.eu\/mt\/wp-json\/wp\/v2\/product\/694495","targetHints":{"allow":["GET"]}}],"collection":[{"href":"https:\/\/nbg.eu\/mt\/wp-json\/wp\/v2\/product"}],"about":[{"href":"https:\/\/nbg.eu\/mt\/wp-json\/wp\/v2\/types\/product"}],"wp:featuredmedia":[{"embeddable":true,"href":"https:\/\/nbg.eu\/mt\/wp-json\/wp\/v2\/media\/24044"}],"wp:attachment":[{"href":"https:\/\/nbg.eu\/mt\/wp-json\/wp\/v2\/media?parent=694495"}],"wp:term":[{"taxonomy":"product_brand","embeddable":true,"href":"https:\/\/nbg.eu\/mt\/wp-json\/wp\/v2\/product_brand?post=694495"},{"taxonomy":"product_cat","embeddable":true,"href":"https:\/\/nbg.eu\/mt\/wp-json\/wp\/v2\/product_cat?post=694495"},{"taxonomy":"product_tag","embeddable":true,"href":"https:\/\/nbg.eu\/mt\/wp-json\/wp\/v2\/product_tag?post=694495"}],"curies":[{"name":"wp","href":"https:\/\/api.w.org\/{rel}","templated":true}]}}