{"id":694587,"date":"2024-08-17T18:04:38","date_gmt":"2024-08-17T15:04:38","guid":{"rendered":"https:\/\/nbg.eu\/product\/slide-stop-spring-kmr\/"},"modified":"2026-04-16T18:09:05","modified_gmt":"2026-04-16T15:09:05","slug":"slide-stop-spring-kmr","status":"publish","type":"product","link":"https:\/\/nbg.eu\/mt\/product\/slide-stop-spring-kmr\/","title":{"rendered":"KMR Molla tal-Waqfien tal-Islayd"},"content":{"rendered":"<h2>Slide Stop Spring KMR<\/h2>\n<p>Din il-primavera hija komponent vitali g\u0127al varjet\u00e0 wiesg\u0127a ta&#8217; sistemi ta&#8217; armi fi \u0127dan il-linja KMR. Disinjata biex tipprovdi prestazzjoni affidabbli u konsistenti<\/p>\n<p>Ma\u0127dum bi pre\u010bi\u017cjoni u attenzjoni g\u0127ad-dettall, din il-primavera ti\u017cgura operazzjoni bla xkiel u affidabbli, li jikkontribwixxi g\u0127all-prestazzjoni \u0121enerali u l-affidabbilt\u00e0 tas-sistema ta&#8217; l-arma tieg\u0127ek. Il-kostruzzjoni duraturi u l-in\u0121inerija pre\u010bi\u017ca tag\u0127ha jag\u0127mlu minnha komponent kritiku g\u0127all-manteniment tal-integrit\u00e0 u l-funzjonalit\u00e0 tal-armi li jkunu kompatibbli mal-KMR tieg\u0127ek.<\/p>\n<p>Din il-primavera hija a\u010b\u010bessorju essenzjali biex \u017c\u017comm l-arma tieg\u0127ek, kompatibbli mal-KMR, tippreforma fl-a\u0127jar livell. Investi f&#8217;dan il-komponent ta&#8217; kwalit\u00e0 g\u0127olja biex ti\u017cgura l-affidabbilt\u00e0 u l-operazzjoni bla xkiel kontinwa tal-arma tieg\u0127ek.<\/p>\n<p>G\u0127al Armi KMR:<\/p>\n<p>KMR L-02 EMIQ<\/p>\n<p>KMR L-02 EMIQ (OR)<\/p>\n<p>KMR L-02 ORCA SAL-2023<\/p>\n<p>KMR L-02 SPECTRA MILL-2024<\/p>\n<p>KMR L-02 SPECTRA SAL-2023<\/p>\n<p>KMR L-02 UMBRA (OR) SR<\/p>\n<p>KMR S-01 LANCE (OR)<\/p>\n<p>KMR S-02 MILL-2024<\/p>\n<p>KMR S-02 SAL-2023<\/p>\n<p>KMR W-02 CUDA (OR)<\/p>\n<p>KMR W-02 UMBRA<\/p>\n<p>KMR W-02 UMBRA (OR)<\/p>\n","protected":false},"excerpt":{"rendered":"<p>Springijiet biex jimpedixxu l-Is\u010benzjoni tal-Armi Kmr &#8211; Kompatibbli ma&#8217; diversi armi KMR.<\/p>\n","protected":false},"featured_media":24880,"template":"","meta":{"_acf_changed":false},"product_brand":[11500],"product_cat":[14126,14108],"product_tag":[],"class_list":{"0":"post-694587","1":"product","2":"type-product","3":"status-publish","4":"has-post-thumbnail","6":"product_brand-kmr-precision","7":"product_cat-molol","8":"product_cat-partijiet-kmr","10":"first","11":"instock","12":"taxable","13":"shipping-taxable","14":"product-type-simple"},"acf":[],"_links":{"self":[{"href":"https:\/\/nbg.eu\/mt\/wp-json\/wp\/v2\/product\/694587","targetHints":{"allow":["GET"]}}],"collection":[{"href":"https:\/\/nbg.eu\/mt\/wp-json\/wp\/v2\/product"}],"about":[{"href":"https:\/\/nbg.eu\/mt\/wp-json\/wp\/v2\/types\/product"}],"wp:featuredmedia":[{"embeddable":true,"href":"https:\/\/nbg.eu\/mt\/wp-json\/wp\/v2\/media\/24880"}],"wp:attachment":[{"href":"https:\/\/nbg.eu\/mt\/wp-json\/wp\/v2\/media?parent=694587"}],"wp:term":[{"taxonomy":"product_brand","embeddable":true,"href":"https:\/\/nbg.eu\/mt\/wp-json\/wp\/v2\/product_brand?post=694587"},{"taxonomy":"product_cat","embeddable":true,"href":"https:\/\/nbg.eu\/mt\/wp-json\/wp\/v2\/product_cat?post=694587"},{"taxonomy":"product_tag","embeddable":true,"href":"https:\/\/nbg.eu\/mt\/wp-json\/wp\/v2\/product_tag?post=694587"}],"curies":[{"name":"wp","href":"https:\/\/api.w.org\/{rel}","templated":true}]}}