{"id":694619,"date":"2024-08-18T12:24:10","date_gmt":"2024-08-18T09:24:10","guid":{"rendered":"https:\/\/nbg.eu\/product\/thread-cover-kmr-m13x1l-black\/"},"modified":"2026-04-16T18:07:34","modified_gmt":"2026-04-16T15:07:34","slug":"thread-cover-kmr-m13x1l-black","status":"publish","type":"product","link":"https:\/\/nbg.eu\/mt\/product\/thread-cover-kmr-m13x1l-black\/","title":{"rendered":"KMR G\u0127atu tat-Tarf M13x1L Iswed"},"content":{"rendered":"<h2>G\u0127atu tal-filament KMR M13X1L Iswed<\/h2>\n<p>Itella l-prestazzjoni tattika tal-armi tieg\u0127ek bl-g\u0127atu tal-filament. Iddisinjat g\u0127all-integrazzjoni bla xkiel mal-KMR L-02 UMBRA (OR) SR, dan l-g\u0127atu tal-filament jipprovdi soluzzjoni eleganti u durabbli biex jipprote\u0121i l-filamenti tal-arma tieg\u0127ek meta mhux qed tintu\u017ca.<\/p>\n<p>Manifatturat minn materjali ta&#8217; kwalit\u00e0 g\u0127olja, l-g\u0127atu tal-filament joffri kostruzzjoni b&#8217;sa\u0127\u0127itha li tista&#8217; tla\u0127\u0127aq mad-domandi ta&#8217; ambjenti tattici. Il-lewn iswed tieg\u0127u jitg\u0127abba b&#8217;mod seamless mal-arma tieg\u0127ek, li ji\u017cgura apparenza nadifa u professjonali.<\/p>\n","protected":false},"excerpt":{"rendered":"<p>Kopertura tat-Tarf KMR M13X1L Iswed g\u0127al KMR L-02 UMBRA (OR) SR.<\/p>\n","protected":false},"featured_media":26010,"template":"","meta":{"_acf_changed":false},"product_brand":[11500],"product_cat":[14108],"product_tag":[],"class_list":{"0":"post-694619","1":"product","2":"type-product","3":"status-publish","4":"has-post-thumbnail","6":"product_brand-kmr-precision","7":"product_cat-partijiet-kmr","9":"first","10":"instock","11":"taxable","12":"shipping-taxable","13":"product-type-simple"},"acf":[],"_links":{"self":[{"href":"https:\/\/nbg.eu\/mt\/wp-json\/wp\/v2\/product\/694619","targetHints":{"allow":["GET"]}}],"collection":[{"href":"https:\/\/nbg.eu\/mt\/wp-json\/wp\/v2\/product"}],"about":[{"href":"https:\/\/nbg.eu\/mt\/wp-json\/wp\/v2\/types\/product"}],"wp:featuredmedia":[{"embeddable":true,"href":"https:\/\/nbg.eu\/mt\/wp-json\/wp\/v2\/media\/26010"}],"wp:attachment":[{"href":"https:\/\/nbg.eu\/mt\/wp-json\/wp\/v2\/media?parent=694619"}],"wp:term":[{"taxonomy":"product_brand","embeddable":true,"href":"https:\/\/nbg.eu\/mt\/wp-json\/wp\/v2\/product_brand?post=694619"},{"taxonomy":"product_cat","embeddable":true,"href":"https:\/\/nbg.eu\/mt\/wp-json\/wp\/v2\/product_cat?post=694619"},{"taxonomy":"product_tag","embeddable":true,"href":"https:\/\/nbg.eu\/mt\/wp-json\/wp\/v2\/product_tag?post=694619"}],"curies":[{"name":"wp","href":"https:\/\/api.w.org\/{rel}","templated":true}]}}