{"id":694692,"date":"2024-09-18T14:06:30","date_gmt":"2024-09-18T11:06:30","guid":{"rendered":"https:\/\/nbg.eu\/product\/thumbrest-3-20-alu-black-kmr\/"},"modified":"2026-04-16T18:06:01","modified_gmt":"2026-04-16T15:06:01","slug":"thumbrest-3-20-alu-black-kmr","status":"publish","type":"product","link":"https:\/\/nbg.eu\/mt\/product\/thumbrest-3-20-alu-black-kmr\/","title":{"rendered":"KMR Mistrie\u0127 tas-Saba&#8217; l-Kbir 3-20\u00b0 ALU Iswed"},"content":{"rendered":"<h2>THUMBREST 3-20\u00b0 ALU BLACK KMR<\/h2>\n<p>Il-THUMBREST 3-20\u00b0 ALU BLACK KMR huwa a\u010b\u010bessorju versatili u ergonimiku ma\u0127sub biex itejjeb l-esperjenza tal-i\u017crieq g\u0127all-utenti tal-pjattaforma tal-arma KMR. Dan it-thumbrest jippermetti qbid komdu u stabbli, li jg\u0127in l-ispirators i\u017commu kontroll a\u0127jar u pre\u010bi\u017cjoni meta jkunu qed ini\u017c\u017clu l-armi tag\u0127hom.<\/p>\n<p>Kompatibbli mal-mudell KMR L-02 ORCA sal-2023, it-THUMBREST 3-20\u00b0 ALU BLACK KMR huwa a\u010b\u010bessorju versatili u affidabbli li jista&#8217; jtejjeb il-funzjonalit\u00e0 u l-ergonomika tal-arma tieg\u0127ek. Sew jekk int tirbodd regolari jew novizzju, dan it-thumbrest jista&#8217; jg\u0127inek til\u0127aq kontroll a\u0127jar, stabbilt\u00e0, u pre\u010bi\u017cjoni meta tkun qed tie\u0127u l-miri tieg\u0127ek.<\/p>\n","protected":false},"excerpt":{"rendered":"<p>Qbid konfortevoli, jistabbilixxi l-arma, kontroll a\u0127jar g\u0127al KMR L-02 ORCA.<\/p>\n","protected":false},"featured_media":24228,"template":"","meta":{"_acf_changed":false},"product_brand":[11500],"product_cat":[14108],"product_tag":[],"class_list":{"0":"post-694692","1":"product","2":"type-product","3":"status-publish","4":"has-post-thumbnail","6":"product_brand-kmr-precision","7":"product_cat-partijiet-kmr","9":"first","10":"outofstock","11":"taxable","12":"shipping-taxable","13":"product-type-simple"},"acf":[],"_links":{"self":[{"href":"https:\/\/nbg.eu\/mt\/wp-json\/wp\/v2\/product\/694692","targetHints":{"allow":["GET"]}}],"collection":[{"href":"https:\/\/nbg.eu\/mt\/wp-json\/wp\/v2\/product"}],"about":[{"href":"https:\/\/nbg.eu\/mt\/wp-json\/wp\/v2\/types\/product"}],"wp:featuredmedia":[{"embeddable":true,"href":"https:\/\/nbg.eu\/mt\/wp-json\/wp\/v2\/media\/24228"}],"wp:attachment":[{"href":"https:\/\/nbg.eu\/mt\/wp-json\/wp\/v2\/media?parent=694692"}],"wp:term":[{"taxonomy":"product_brand","embeddable":true,"href":"https:\/\/nbg.eu\/mt\/wp-json\/wp\/v2\/product_brand?post=694692"},{"taxonomy":"product_cat","embeddable":true,"href":"https:\/\/nbg.eu\/mt\/wp-json\/wp\/v2\/product_cat?post=694692"},{"taxonomy":"product_tag","embeddable":true,"href":"https:\/\/nbg.eu\/mt\/wp-json\/wp\/v2\/product_tag?post=694692"}],"curies":[{"name":"wp","href":"https:\/\/api.w.org\/{rel}","templated":true}]}}