{"id":694695,"date":"2024-09-18T14:03:06","date_gmt":"2024-09-18T11:03:06","guid":{"rendered":"https:\/\/nbg.eu\/product\/thumbrest-2-205-alu-black-kmr\/"},"modified":"2026-05-13T16:52:11","modified_gmt":"2026-05-13T13:52:11","slug":"thumbrest-2-205-alu-black-kmr","status":"publish","type":"product","link":"https:\/\/nbg.eu\/mt\/product\/thumbrest-2-205-alu-black-kmr\/","title":{"rendered":"KMR Mistrie\u0127 tas-Saba&#8217; l-Kbir 2-20.5\u00b0 ALU Iswed"},"content":{"rendered":"<h2>Itla&#8217; l-Esperjenza tieg\u0127ek tas-Shooting bil-THUMBREST 2-20,5\u00b0 ALU BLACK KMR<\/h2>\n<p>Il-THUMBREST 2-20,5\u00b0 ALU BLACK KMR huwa a\u010b\u010bessorju essenzjali g\u0127al tirraturi li jitolbu kontroll u stabilit\u00e0 pre\u010bi\u017ca. Imfassal g\u0127all-u\u017cu ma&#8217; armi KMR, dan it-thumbrest jipprovdi qbid komdu, li jg\u0127innek tistabbilizza l-arma tieg\u0127ek u jtejjeb il-pre\u010bi\u017cjoni tas-shooting tieg\u0127ek.<\/p>\n<p>Manifatturat b&#8217;aluminju ta&#8217; kwalit\u00e0 g\u0127olja, it-thumbrest g\u0127andu \u017cew\u0121 angolu ta&#8217; 20.5 grad li jillinju perfettament mal-po\u017cizzjoni naturali tal-idejn tieg\u0127ek, u joffri qbid sikur u ergonomiku. Dan id-disinn innovattiv jnaqqas il-g\u0127eja tal-id u jippermetti kontroll a\u0127jar, anke waqt sessjonijiet tas-shooting twal.<\/p>\n<p>Adattat g\u0127all-u\u017cu mal-KMR L-02 ORCA sa l-2023, dan it-thumbrest huwa soluzzjoni affidabbli u durabbli li tista&#8217; taffronta r-rigorijiet ta&#8217; ambjenti tattici u ta&#8217; kompetizzjoni tas-shooting. Bl-ippre\u017centazzjoni pre\u010bi\u017ca u l-attenzjoni g\u0127ad-dettall tieg\u0127u, il-THUMBREST 2-20,5\u00b0 ALU BLACK KMR huwa \u017cjieda perfetta g\u0127all-arsenal tal-armi tieg\u0127ek.<\/p>\n<\/p>\n<p>Referenza 0581-00202-0101<\/p>\n","protected":false},"excerpt":{"rendered":"<p>Gripp komdu, istabbilizza l-arma, kontroll a\u0127jar g\u0127al KMR L-02 ORCA sa l-2023.<\/p>\n","protected":false},"featured_media":24205,"template":"","meta":{"_acf_changed":false},"product_brand":[11500],"product_cat":[14108],"product_tag":[],"class_list":{"0":"post-694695","1":"product","2":"type-product","3":"status-publish","4":"has-post-thumbnail","6":"product_brand-kmr-precision","7":"product_cat-partijiet-kmr","9":"first","10":"outofstock","11":"taxable","12":"shipping-taxable","13":"product-type-simple"},"acf":[],"_links":{"self":[{"href":"https:\/\/nbg.eu\/mt\/wp-json\/wp\/v2\/product\/694695","targetHints":{"allow":["GET"]}}],"collection":[{"href":"https:\/\/nbg.eu\/mt\/wp-json\/wp\/v2\/product"}],"about":[{"href":"https:\/\/nbg.eu\/mt\/wp-json\/wp\/v2\/types\/product"}],"wp:featuredmedia":[{"embeddable":true,"href":"https:\/\/nbg.eu\/mt\/wp-json\/wp\/v2\/media\/24205"}],"wp:attachment":[{"href":"https:\/\/nbg.eu\/mt\/wp-json\/wp\/v2\/media?parent=694695"}],"wp:term":[{"taxonomy":"product_brand","embeddable":true,"href":"https:\/\/nbg.eu\/mt\/wp-json\/wp\/v2\/product_brand?post=694695"},{"taxonomy":"product_cat","embeddable":true,"href":"https:\/\/nbg.eu\/mt\/wp-json\/wp\/v2\/product_cat?post=694695"},{"taxonomy":"product_tag","embeddable":true,"href":"https:\/\/nbg.eu\/mt\/wp-json\/wp\/v2\/product_tag?post=694695"}],"curies":[{"name":"wp","href":"https:\/\/api.w.org\/{rel}","templated":true}]}}