{"id":694721,"date":"2024-08-17T15:43:53","date_gmt":"2024-08-17T12:43:53","guid":{"rendered":"https:\/\/nbg.eu\/product\/thumbrest-4-48-alu-black-kmr\/"},"modified":"2026-04-16T18:09:44","modified_gmt":"2026-04-16T15:09:44","slug":"thumbrest-4-48-alu-black-kmr","status":"publish","type":"product","link":"https:\/\/nbg.eu\/mt\/product\/thumbrest-4-48-alu-black-kmr\/","title":{"rendered":"KMR Mistrie\u0127 tas-Saba&#8217; l-Kbir 4-48\u00b0 ALU Iswed g\u0127al Orca 2023"},"content":{"rendered":"<h2>THUMBREST 4-48\u00b0 ALU BLACK KMR<\/h2>\n<p>Ittringa l-esperjenza tieg\u0127ek tas-serq bil-THUMBREST 4-48\u00b0 ALU BLACK KMR. Dan l-a\u010b\u010bessorju innovattiv jipprovdi qbid komdu u stabbli fuq l-arma tieg\u0127ek, li jippermettik i\u017c\u017comm kontroll a\u0127jar u pre\u010bi\u017cjoni meta tispar\u00e0.<\/p>\n<p>Iddisinjat g\u0127all-u\u017cu ma&#8217; Armi KMR, spe\u010bifikament il-mudell KMR L-02 ORCA sa l-2023, il-thumbrest joffri firxa ta&#8217; a\u0121\u0121ustament tal-angolu ta&#8217; 4-48\u00b0. Din l-a\u0121\u0121ustabbilt\u00e0 ti\u017cgura adattament personalizzat li jaqdi l-istil u l-preferenzi tieg\u0127ek tas-serq.<\/p>\n<p>Ittringa l-prestazzjoni tieg\u0127ek tas-serq u ttellg\u0127a l-kontroll tieg\u0127ek bil-THUMBREST 4-48\u00b0 ALU BLACK KMR. Ittringa l-esperjenza tieg\u0127ek tas-serq u \u0121ib &#8216;il quddiem il-\u0127iliet tieg\u0127ek.<\/p>\n","protected":false},"excerpt":{"rendered":"<p>Qbid komdu, arma stabilizzata, kontroll a\u0127jar g\u0127al KMR L-02 ORCA.<\/p>\n","protected":false},"featured_media":24251,"template":"","meta":{"_acf_changed":false},"product_brand":[11500],"product_cat":[14108],"product_tag":[],"class_list":{"0":"post-694721","1":"product","2":"type-product","3":"status-publish","4":"has-post-thumbnail","6":"product_brand-kmr-precision","7":"product_cat-partijiet-kmr","9":"first","10":"instock","11":"taxable","12":"shipping-taxable","13":"product-type-simple"},"acf":[],"_links":{"self":[{"href":"https:\/\/nbg.eu\/mt\/wp-json\/wp\/v2\/product\/694721","targetHints":{"allow":["GET"]}}],"collection":[{"href":"https:\/\/nbg.eu\/mt\/wp-json\/wp\/v2\/product"}],"about":[{"href":"https:\/\/nbg.eu\/mt\/wp-json\/wp\/v2\/types\/product"}],"wp:featuredmedia":[{"embeddable":true,"href":"https:\/\/nbg.eu\/mt\/wp-json\/wp\/v2\/media\/24251"}],"wp:attachment":[{"href":"https:\/\/nbg.eu\/mt\/wp-json\/wp\/v2\/media?parent=694721"}],"wp:term":[{"taxonomy":"product_brand","embeddable":true,"href":"https:\/\/nbg.eu\/mt\/wp-json\/wp\/v2\/product_brand?post=694721"},{"taxonomy":"product_cat","embeddable":true,"href":"https:\/\/nbg.eu\/mt\/wp-json\/wp\/v2\/product_cat?post=694721"},{"taxonomy":"product_tag","embeddable":true,"href":"https:\/\/nbg.eu\/mt\/wp-json\/wp\/v2\/product_tag?post=694721"}],"curies":[{"name":"wp","href":"https:\/\/api.w.org\/{rel}","templated":true}]}}