{"id":694749,"date":"2024-08-18T11:09:22","date_gmt":"2024-08-18T08:09:22","guid":{"rendered":"https:\/\/nbg.eu\/product\/thumbrest-screw-m4x8-din-965-kmr\/"},"modified":"2026-04-16T18:08:46","modified_gmt":"2026-04-16T15:08:46","slug":"thumbrest-screw-m4x8-din-965-kmr","status":"publish","type":"product","link":"https:\/\/nbg.eu\/mt\/product\/thumbrest-screw-m4x8-din-965-kmr\/","title":{"rendered":"KMR Vit tal-Mistrie\u0127 tas-Saba&#8217; M4x8 DIN 965"},"content":{"rendered":"<h2>Vit tal-Pulzier M4X8 Din 965 KMR<\/h2>\n<p>Il-Vit tal-Pulzier M4X8 Din 965 KMR huwa komponent essenzjali g\u0127all-mudelli tal-arma KMR kompatibbli.<\/p>\n<p>Mag\u0127mul minn materjali li jdumu, il-Vit tal-Pulzier M4X8 Din 965 KMR huwa ma\u0127dum biex jissodisfa t-talbiet ta&#8217; ambjenti tattici. Il-wi\u010b\u010b korrozjoni-re\u017cistenti u d-disinn qawwi tieg\u0127u jag\u0127mluh g\u0127a\u017cla li wie\u0127ed jista&#8217; jafda g\u0127all-ikkustomjar u t-titjib tal-arma. Kemm jekk tkun qed tag\u0127\u017cel l-arma tal-KMR tieg\u0127ek jew sempli\u010bement qed tissostitwixxi vit li jkun waqag\u0127lu, dan il-komponent huwa essenzjali biex ti\u017cgura l-prestazzjoni u l-funzjonalit\u00e0 ottimali tal-arma tieg\u0127ek.<\/p>\n<\/p>\n<p>G\u0127al Armi KMR:<\/p>\n<\/p>\n<p>KMR L-02 EMIQ<\/p>\n<\/p>\n<p>KMR L-02 EMIQ (OR)<\/p>\n<\/p>\n<p>KMR L-02 ORCA MINN 2024<\/p>\n<\/p>\n<p>KMR L-02 ORCA SAR 2023<\/p>\n","protected":false},"excerpt":{"rendered":"<p>Il-viti tar-reqma bil-pullici M4x8 DIN 965 g\u0127all-armi KMR L-02 EMIQ u ORCA.<\/p>\n","protected":false},"featured_media":25318,"template":"","meta":{"_acf_changed":false},"product_brand":[11500],"product_cat":[14108],"product_tag":[],"class_list":{"0":"post-694749","1":"product","2":"type-product","3":"status-publish","4":"has-post-thumbnail","6":"product_brand-kmr-precision","7":"product_cat-partijiet-kmr","9":"first","10":"instock","11":"taxable","12":"shipping-taxable","13":"product-type-simple"},"acf":[],"_links":{"self":[{"href":"https:\/\/nbg.eu\/mt\/wp-json\/wp\/v2\/product\/694749","targetHints":{"allow":["GET"]}}],"collection":[{"href":"https:\/\/nbg.eu\/mt\/wp-json\/wp\/v2\/product"}],"about":[{"href":"https:\/\/nbg.eu\/mt\/wp-json\/wp\/v2\/types\/product"}],"wp:featuredmedia":[{"embeddable":true,"href":"https:\/\/nbg.eu\/mt\/wp-json\/wp\/v2\/media\/25318"}],"wp:attachment":[{"href":"https:\/\/nbg.eu\/mt\/wp-json\/wp\/v2\/media?parent=694749"}],"wp:term":[{"taxonomy":"product_brand","embeddable":true,"href":"https:\/\/nbg.eu\/mt\/wp-json\/wp\/v2\/product_brand?post=694749"},{"taxonomy":"product_cat","embeddable":true,"href":"https:\/\/nbg.eu\/mt\/wp-json\/wp\/v2\/product_cat?post=694749"},{"taxonomy":"product_tag","embeddable":true,"href":"https:\/\/nbg.eu\/mt\/wp-json\/wp\/v2\/product_tag?post=694749"}],"curies":[{"name":"wp","href":"https:\/\/api.w.org\/{rel}","templated":true}]}}