{"id":694775,"date":"2024-08-17T16:53:09","date_gmt":"2024-08-17T13:53:09","guid":{"rendered":"https:\/\/nbg.eu\/product\/thumbrest-for-kmr-red-dot-sight-frame-mount-alu-black\/"},"modified":"2026-04-16T18:09:40","modified_gmt":"2026-04-16T15:09:40","slug":"thumbrest-for-kmr-red-dot-sight-frame-mount-alu-black","status":"publish","type":"product","link":"https:\/\/nbg.eu\/mt\/product\/thumbrest-for-kmr-red-dot-sight-frame-mount-alu-black\/","title":{"rendered":"KMR Mistrie\u0127 tas-Saba&#8217; l-Kbir for Red Dot Sight Frame-Mount ALU Iswed"},"content":{"rendered":"<h2>Thumbrest G\u0127al KMR Red Dot Sight Frame-Mount Alu &#8211; Iswed<\/h2>\n<p>Il\u0127aq \u0121estjoni tar-recoil superiuri u indexing konsistenti tal-id g\u0127as-sistemi opti\u010bi tieg\u0127ek montati fuq il-qafas b&#8217;Thumbrest G\u0127al KMR Red Dot Sight Frame-Mount Alu &#8211; Iswed. Ma\u0127dum minn aluminju g\u0127oli-grad ikkraftjat b&#8217;CNC, dan l-a\u010b\u010bessorju huwa ddisinjat b&#8217;mod spe\u010bifiku g\u0127all-mudelli KMR frame-mount, b&#8217;tesstura &#8220;pedal tal-gass&#8221; aggressiva u finish anodit iswed mat.<\/p>\n<p>It-Thumbrest jipprovdi punt ta&#8217; lieva ddedikat g\u0127all-pomos tas-support-hand, li jippermettilek ti\u0121\u0121ieled il-muzzle flip billi tapplika pressjoni &#8216;l isfel direttament fuq il-qafas, indipendentement mis-slide. Dan id-disinn innovattiv jippermetti reakkwi\u017cizzjoni ta&#8217; target sinifikattivament aktar rapida u jg\u0127inek \u017c\u017comm profil aktar spijonat matul streams rapidi tan-nar.<\/p>\n","protected":false},"excerpt":{"rendered":"<p>G\u0127erq Iebsa g\u0127as-Sistema ta&#8217; Dawl l-A\u0127mar KMR Frame-Mount Alu &#8211; Iswed. Jipprovdi mmani\u0121\u0121jar superbjuri tal-rikskju u indexing tal-id konsistenti g\u0127as-sistemi tal-ottika montati fuq il-qafas.<\/p>\n","protected":false},"featured_media":24274,"template":"","meta":{"_acf_changed":false},"product_brand":[11500],"product_cat":[14108],"product_tag":[],"class_list":{"0":"post-694775","1":"product","2":"type-product","3":"status-publish","4":"has-post-thumbnail","6":"product_brand-kmr-precision","7":"product_cat-partijiet-kmr","9":"first","10":"instock","11":"taxable","12":"shipping-taxable","13":"product-type-simple"},"acf":[],"_links":{"self":[{"href":"https:\/\/nbg.eu\/mt\/wp-json\/wp\/v2\/product\/694775","targetHints":{"allow":["GET"]}}],"collection":[{"href":"https:\/\/nbg.eu\/mt\/wp-json\/wp\/v2\/product"}],"about":[{"href":"https:\/\/nbg.eu\/mt\/wp-json\/wp\/v2\/types\/product"}],"wp:featuredmedia":[{"embeddable":true,"href":"https:\/\/nbg.eu\/mt\/wp-json\/wp\/v2\/media\/24274"}],"wp:attachment":[{"href":"https:\/\/nbg.eu\/mt\/wp-json\/wp\/v2\/media?parent=694775"}],"wp:term":[{"taxonomy":"product_brand","embeddable":true,"href":"https:\/\/nbg.eu\/mt\/wp-json\/wp\/v2\/product_brand?post=694775"},{"taxonomy":"product_cat","embeddable":true,"href":"https:\/\/nbg.eu\/mt\/wp-json\/wp\/v2\/product_cat?post=694775"},{"taxonomy":"product_tag","embeddable":true,"href":"https:\/\/nbg.eu\/mt\/wp-json\/wp\/v2\/product_tag?post=694775"}],"curies":[{"name":"wp","href":"https:\/\/api.w.org\/{rel}","templated":true}]}}