{"id":694814,"date":"2024-09-17T08:32:39","date_gmt":"2024-09-17T05:32:39","guid":{"rendered":"https:\/\/nbg.eu\/product\/trigger-bar-sa-da-kmr-w\/"},"modified":"2026-04-16T18:06:39","modified_gmt":"2026-04-16T15:06:39","slug":"trigger-bar-sa-da-kmr-w","status":"publish","type":"product","link":"https:\/\/nbg.eu\/mt\/product\/trigger-bar-sa-da-kmr-w\/","title":{"rendered":"KMR Stanga tal-Grillu SA\/DA W"},"content":{"rendered":"<h2>Trigger Bar SA\/DA KMR W<\/h2>\n<p>Komponent tal-pistola interna li jittrasferixxi l-moviment tat-trigger g\u0127all-mekkani\u017cmu tal-\u0127ruq fil-mudell KMR W f&#8217;attivit\u00e0 ta&#8217; azzjoni wa\u0127da u doppja (SA\/DA). Dan il-trigger bar ver\u017catili huwa ddisinjat biex jintegra bla xkiel mal-mudelli ta&#8217; armi KMR li \u0121ejjin:<\/p>\n<ul>\n<p>KMR S-01 LANCE (OR)<\/p>\n<p>KMR S-02 MINN 2024<\/p>\n<p>KMR S-02 SAR 2023<\/p>\n<p>KMR W-02 CUDA SAR 2023<\/p>\n<p>KMR W-02 UMBRA<\/p>\n<p>KMR W-02 UMBRA (OR)<\/p>\n<\/ul>\n<p>Numru ta&#8217; referenza: 0900-00401-0900.<\/p>\n","protected":false},"excerpt":{"rendered":"<p>Trasferimenti jattivaw moviment tal-mekkani\u017cmu tat-tir fuq il-mudelli KMR W, SA\/DA.<\/p>\n","protected":false},"featured_media":25526,"template":"","meta":{"_acf_changed":false},"product_brand":[11500],"product_cat":[14108],"product_tag":[],"class_list":{"0":"post-694814","1":"product","2":"type-product","3":"status-publish","4":"has-post-thumbnail","6":"product_brand-kmr-precision","7":"product_cat-partijiet-kmr","9":"first","10":"instock","11":"taxable","12":"shipping-taxable","13":"product-type-simple"},"acf":[],"_links":{"self":[{"href":"https:\/\/nbg.eu\/mt\/wp-json\/wp\/v2\/product\/694814","targetHints":{"allow":["GET"]}}],"collection":[{"href":"https:\/\/nbg.eu\/mt\/wp-json\/wp\/v2\/product"}],"about":[{"href":"https:\/\/nbg.eu\/mt\/wp-json\/wp\/v2\/types\/product"}],"wp:featuredmedia":[{"embeddable":true,"href":"https:\/\/nbg.eu\/mt\/wp-json\/wp\/v2\/media\/25526"}],"wp:attachment":[{"href":"https:\/\/nbg.eu\/mt\/wp-json\/wp\/v2\/media?parent=694814"}],"wp:term":[{"taxonomy":"product_brand","embeddable":true,"href":"https:\/\/nbg.eu\/mt\/wp-json\/wp\/v2\/product_brand?post=694814"},{"taxonomy":"product_cat","embeddable":true,"href":"https:\/\/nbg.eu\/mt\/wp-json\/wp\/v2\/product_cat?post=694814"},{"taxonomy":"product_tag","embeddable":true,"href":"https:\/\/nbg.eu\/mt\/wp-json\/wp\/v2\/product_tag?post=694814"}],"curies":[{"name":"wp","href":"https:\/\/api.w.org\/{rel}","templated":true}]}}