{"id":694849,"date":"2024-08-17T17:23:25","date_gmt":"2024-08-17T14:23:25","guid":{"rendered":"https:\/\/nbg.eu\/product\/trigger-bar-spring-kmr\/"},"modified":"2026-04-16T18:09:25","modified_gmt":"2026-04-16T15:09:25","slug":"trigger-bar-spring-kmr","status":"publish","type":"product","link":"https:\/\/nbg.eu\/mt\/product\/trigger-bar-spring-kmr\/","title":{"rendered":"KMR Molla tal-Istanga tal-Grillu"},"content":{"rendered":"<h2>Barr tax Trig\u0127er KMR g\u0127al Sistemi Armamentali KMR<\/h2>\n<p>Imfassla b&#8217;pre\u010bi\u017cjoni u durabbilt\u00e0, din il-barr ti\u017cgura operat bla xkiel u affidabbli tat-trig\u0127er g\u0127al dawn is-sistemi armamentali avvanzati. Il-kostruzzjoni robusta u d-disinn metikolu\u017c tag\u0127ha jipprovdu prestazzjoni konsistenti, anke fl-ambjenti l-aktar e\u017ci\u0121enti.<\/p>\n<p>Kemm jekk inti tirmija professjonista jew entusjasta passjonat, din il-parti hija parti essenzjali g\u0127at-tibdil biex i\u017c\u017comm il-funzjonalit\u00e0 ottimali tal-armamenti KMR tieg\u0127ek. Investixxi f&#8217;dan il-komponent ta&#8217; kwalit\u00e0 g\u0127olja sabiex i\u017c\u017comm l-armamenti tieg\u0127ek ja\u0127dmu fl-aqwa prestazzjoni tag\u0127hom.<\/p>\n<p>G\u0127al Sistemi Armamentali KMR:<\/p>\n<p>KMR L-02 SPECTRA MILL-2024<\/p>\n<p>KMR L-02 SPECTRA SAL-2023<\/p>\n<p>KMR L-02 UMBRA (OR) SR<\/p>\n<p>KMR S-01 LANCE (OR)<\/p>\n<p>KMR S-02 MILL-2024<\/p>\n<p>KMR S-02 SAL-2023<\/p>\n<p>KMR W-02 CUDA (OR)<\/p>\n<p>KMR W-02 UMBRA<\/p>\n<p>KMR W-02 UMBRA (OR)<\/p>\n","protected":false},"excerpt":{"rendered":"<p>Il-Prim tal-Barra Trigger g\u0127all-mudelli KMR.<\/p>\n","protected":false},"featured_media":24644,"template":"","meta":{"_acf_changed":false},"product_brand":[11500],"product_cat":[14126,14108],"product_tag":[],"class_list":{"0":"post-694849","1":"product","2":"type-product","3":"status-publish","4":"has-post-thumbnail","6":"product_brand-kmr-precision","7":"product_cat-molol","8":"product_cat-partijiet-kmr","10":"first","11":"instock","12":"taxable","13":"shipping-taxable","14":"product-type-simple"},"acf":[],"_links":{"self":[{"href":"https:\/\/nbg.eu\/mt\/wp-json\/wp\/v2\/product\/694849","targetHints":{"allow":["GET"]}}],"collection":[{"href":"https:\/\/nbg.eu\/mt\/wp-json\/wp\/v2\/product"}],"about":[{"href":"https:\/\/nbg.eu\/mt\/wp-json\/wp\/v2\/types\/product"}],"wp:featuredmedia":[{"embeddable":true,"href":"https:\/\/nbg.eu\/mt\/wp-json\/wp\/v2\/media\/24644"}],"wp:attachment":[{"href":"https:\/\/nbg.eu\/mt\/wp-json\/wp\/v2\/media?parent=694849"}],"wp:term":[{"taxonomy":"product_brand","embeddable":true,"href":"https:\/\/nbg.eu\/mt\/wp-json\/wp\/v2\/product_brand?post=694849"},{"taxonomy":"product_cat","embeddable":true,"href":"https:\/\/nbg.eu\/mt\/wp-json\/wp\/v2\/product_cat?post=694849"},{"taxonomy":"product_tag","embeddable":true,"href":"https:\/\/nbg.eu\/mt\/wp-json\/wp\/v2\/product_tag?post=694849"}],"curies":[{"name":"wp","href":"https:\/\/api.w.org\/{rel}","templated":true}]}}