{"id":694872,"date":"2025-03-09T15:43:31","date_gmt":"2025-03-09T12:43:31","guid":{"rendered":"https:\/\/nbg.eu\/product\/blue-force-gear-trauma-kit-now-medium-medical-supplies\/"},"modified":"2026-05-13T16:43:14","modified_gmt":"2026-05-13T13:43:14","slug":"blue-force-gear-trauma-kit-now-medium-medical-supplies","status":"publish","type":"product","link":"https:\/\/nbg.eu\/mt\/product\/blue-force-gear-trauma-kit-now-medium-medical-supplies\/","title":{"rendered":"Blue Force Gear Trauma Kit NOW! Medium Medical Supplies"},"content":{"rendered":"<h2>Blue Force Gear Trauma Kit NOW! (Medju)<\/h2>\n<p>A\u010b\u010bess malajr tag\u0127mir medi\u010bi essenzjali li jsalvaw il-\u0127ajja bl-Blue Force Gear Trauma Kit NOW! (Medju). B&#8217;a\u010b\u010bess b&#8217;velo\u010bit\u00e0 g\u0127olja b&#8217;id wa\u0127da, dan il-kit huwa ddisinjat g\u0127al emer\u0121enzi medi\u010bi &#8220;Immedjati&#8221;. Id-dizinn tal-manku jippermetti li l-inseriment mediku s\u0127i\u0127 ji\u0121i distribwit b&#8217;moviment wie\u0127ed minn kull id, li ji\u017cgura li provvisti kriti\u010bi b\u0127al tourniquets, ssi\u0121illat tas-sider, u a\u0121enti emostatti\u010bi huma a\u010b\u010bessibbli fi ftit sekondi meta kull mument jg\u0127odd.<\/p>\n<p>Mag\u0127mula b&#8217;teknolo\u0121ija tal-manku BLIP (Ballistic Line Integrated Pull), sistema tal-attachment Helium Whisper, u kostruzzjoni Cordura 500D MIL-SPEC, it-Trauma Kit NOW! (Medju) huwa soluzzjoni g\u0127amla u affidabbli g\u0127all-\u0127ti\u0121ijiet ta&#8217; t\u0127ejjija medika tieg\u0127ek. Id-disinn tieg\u0127u b&#8217;\u017cew\u0121 bi\u010b\u010biet b&#8217;qafas estern u trasportatur intern li jista&#8217; jitne\u0127\u0127a jipprovdi versatilit\u00e0 u organizzazzjoni, li jg\u0127inek tkun lest g\u0127al kwalunkwe emer\u0121enza.<\/p>\n","protected":false},"excerpt":{"rendered":"<p>Kits g\u0127all-trattament ta&#8217; emer\u0121enza b&#8217;g\u0127odda essenzjali biex jissalvaw il-\u0127ajja.<\/p>\n","protected":false},"featured_media":251687,"template":"","meta":{"_acf_changed":false},"product_brand":[11137],"product_cat":[14115],"product_tag":[],"class_list":{"0":"post-694872","1":"product","2":"type-product","3":"status-publish","4":"has-post-thumbnail","6":"product_brand-blue-force-gear","7":"product_cat-mediku","9":"first","10":"instock","11":"taxable","12":"shipping-taxable","13":"purchasable","14":"product-type-variable","15":"wvs-archive-product-wrapper"},"acf":[],"_links":{"self":[{"href":"https:\/\/nbg.eu\/mt\/wp-json\/wp\/v2\/product\/694872","targetHints":{"allow":["GET"]}}],"collection":[{"href":"https:\/\/nbg.eu\/mt\/wp-json\/wp\/v2\/product"}],"about":[{"href":"https:\/\/nbg.eu\/mt\/wp-json\/wp\/v2\/types\/product"}],"wp:featuredmedia":[{"embeddable":true,"href":"https:\/\/nbg.eu\/mt\/wp-json\/wp\/v2\/media\/251687"}],"wp:attachment":[{"href":"https:\/\/nbg.eu\/mt\/wp-json\/wp\/v2\/media?parent=694872"}],"wp:term":[{"taxonomy":"product_brand","embeddable":true,"href":"https:\/\/nbg.eu\/mt\/wp-json\/wp\/v2\/product_brand?post=694872"},{"taxonomy":"product_cat","embeddable":true,"href":"https:\/\/nbg.eu\/mt\/wp-json\/wp\/v2\/product_cat?post=694872"},{"taxonomy":"product_tag","embeddable":true,"href":"https:\/\/nbg.eu\/mt\/wp-json\/wp\/v2\/product_tag?post=694872"}],"curies":[{"name":"wp","href":"https:\/\/api.w.org\/{rel}","templated":true}]}}