{"id":694939,"date":"2024-08-18T11:20:42","date_gmt":"2024-08-18T08:20:42","guid":{"rendered":"https:\/\/nbg.eu\/product\/trigger-bar-sa-da-kmr-l\/"},"modified":"2026-04-16T18:08:11","modified_gmt":"2026-04-16T15:08:11","slug":"trigger-bar-sa-da-kmr-l","status":"publish","type":"product","link":"https:\/\/nbg.eu\/mt\/product\/trigger-bar-sa-da-kmr-l\/","title":{"rendered":"KMR Stanga tal-Grillu SA\/DA L"},"content":{"rendered":"<h2>Trigger Bar SA\/DA KMR L<\/h2>\n<p>It-Trigger Bar SA\/DA KMR L hija komponent interna essenzjali g\u0127all-mudell KMR L, li tippermetti t-t\u0127addim ta&#8217; azzjoni wa\u0127da (SA) u azzjoni doppja (DA). Din il-komponent tittrasferixxi l-moviment tat-trigger g\u0127all-mekkani\u017cmu li jnaddaf, u b&#8217;hekk ti\u017cgura l-affidabbilt\u00e0 u l-pre\u010bi\u017cjoni tal-\u0127ruq f&#8217;dawn i\u017c-\u017cew\u0121 modijiet.<\/p>\n<p>G\u0127al Armamenti KMR:<\/p>\n<p>KMR L-02 SPECTRA MILL-2024<\/p>\n<p>KMR L-02 SPECTRA SAL-2023<\/p>\n<p>KMR L-02 UMBRA MILL-2024<\/p>\n<p>KMR L-02 UMBRA SAL-2023<\/p>\n","protected":false},"excerpt":{"rendered":"<p>Trasferimenti jittriggeraw moviment fi SA\/DA g\u0127all-mudelli KMR L<\/p>\n","protected":false},"featured_media":25549,"template":"","meta":{"_acf_changed":false},"product_brand":[11500],"product_cat":[14108],"product_tag":[],"class_list":{"0":"post-694939","1":"product","2":"type-product","3":"status-publish","4":"has-post-thumbnail","6":"product_brand-kmr-precision","7":"product_cat-partijiet-kmr","9":"first","10":"instock","11":"taxable","12":"shipping-taxable","13":"product-type-simple"},"acf":[],"_links":{"self":[{"href":"https:\/\/nbg.eu\/mt\/wp-json\/wp\/v2\/product\/694939","targetHints":{"allow":["GET"]}}],"collection":[{"href":"https:\/\/nbg.eu\/mt\/wp-json\/wp\/v2\/product"}],"about":[{"href":"https:\/\/nbg.eu\/mt\/wp-json\/wp\/v2\/types\/product"}],"wp:featuredmedia":[{"embeddable":true,"href":"https:\/\/nbg.eu\/mt\/wp-json\/wp\/v2\/media\/25549"}],"wp:attachment":[{"href":"https:\/\/nbg.eu\/mt\/wp-json\/wp\/v2\/media?parent=694939"}],"wp:term":[{"taxonomy":"product_brand","embeddable":true,"href":"https:\/\/nbg.eu\/mt\/wp-json\/wp\/v2\/product_brand?post=694939"},{"taxonomy":"product_cat","embeddable":true,"href":"https:\/\/nbg.eu\/mt\/wp-json\/wp\/v2\/product_cat?post=694939"},{"taxonomy":"product_tag","embeddable":true,"href":"https:\/\/nbg.eu\/mt\/wp-json\/wp\/v2\/product_tag?post=694939"}],"curies":[{"name":"wp","href":"https:\/\/api.w.org\/{rel}","templated":true}]}}