{"id":695154,"date":"2024-08-16T23:17:10","date_gmt":"2024-08-16T20:17:10","guid":{"rendered":"https:\/\/nbg.eu\/product\/trigger-hammer-pin-kmr\/"},"modified":"2026-04-16T18:10:57","modified_gmt":"2026-04-16T15:10:57","slug":"trigger-hammer-pin-kmr","status":"publish","type":"product","link":"https:\/\/nbg.eu\/mt\/product\/trigger-hammer-pin-kmr\/","title":{"rendered":"KMR Grillu &amp; Hammer Pin"},"content":{"rendered":"<h2>TRIGGER &amp; HAMMER PIN<\/h2>\n<p>A\u0121\u0121orna l-prestazzjoni tal-arma tan-nar tieg\u0127ek bl-TRIGGER &amp; HAMMER PIN, komponenti ta&#8217; sostituzzjoni premium imfassla biex itejbu l-tiri u l-esperjenza tat-tiri b&#8217;mod \u0121enerali. Mag\u0127mula minn materjali ta&#8217; kwalit\u00e0 g\u0127olja, dan il-sett ta&#8217; pinijiet hija in\u0121inerizzati biex jipprovdu azzjoni smoothly u konsistenti tal-trigger, li joffru pre\u010bi\u017cjoni u kontroll imtejba.<\/p>\n<p>Bil-disinn imma\u010binat b&#8217;pre\u010bi\u017cjoni, l-TRIGGER &amp; HAMMER PIN ji\u017cgura li jil\u0127aq sewwa fl-arma tan-nar tieg\u0127ek, li jnaqqas il-\u0121lied u jtejjeb ir-reazzjoni tat-trigger. Il-kostruzzjoni soda tag\u0127ha hija mag\u0127mula biex tla\u0127\u0127aq mat-talba frekwenti tal-u\u017cu, biex ti\u017cgura affidabilit\u00e0 u prestazzjoni fit-tul.<\/p>\n<p>Imfassla biex ikunu sostituzzjoni ta&#8217; drop-in, l-TRIGGER &amp; HAMMER PIN huma fa\u010bli biex ji\u0121u installati, li jippermettilek li tissokta u ittejjeb l-arma tan-nar tieg\u0127ek ming\u0127ajr il-\u0127tie\u0121a ta&#8217; g\u0127odod spe\u010bjalizzati jew modifiki estensivi. Kemm jekk inti shooting kompetittiv, operatur tattiku, jew hobiji\u017cta appassjonat, dan il-sett tal-pin se jittejjeb il-\u0127iliet tat-tiri tieg\u0127ek u jtejjeb il-prestazzjoni tal-arma tan-nar tieg\u0127ek g\u0127al livell ie\u0127or.<\/p>\n<p>G\u0127al armi KMR, b\u0127al:<br \/>\nKMR L-02 EMIQ<br \/>\nKMR L-02 EMIQ (OR)<br \/>\nKMR L-02 ORCA FROM 2024<br \/>\nKMR L-02 ORCA UNTIL 2023<br \/>\nKMR L-02 SPECTRA FROM 2024<br \/>\nKMR L-02 SPECTRA UNTIL 2023<br \/>\nKMR L-02 UMBRA FROM 2024<br \/>\nKMR L-02 UMBRA UNTIL 2023<br \/>\nKMR S-01 LANCE (OR)<br \/>\nKMR S-02 FROM 2024<br \/>\nKMR S-02 UNTIL 2023<br \/>\nKMR W-02 CUDA FROM 2024<br \/>\nKMR W-02 CUDA UNTIL 2023<br \/>\nKMR W-02 UMBRA<br \/>\nKMR W-02 UMBRA (OR)<\/p>\n","protected":false},"excerpt":{"rendered":"<p>Trigwer u barmil tal-pittura ta&#8217; kwalit\u00e0 g\u0127olja g\u0127all-pistoli KMR, in\u0121inerizzati b&#8217;pre\u010bi\u017cjoni.<\/p>\n","protected":false},"featured_media":720197,"template":"","meta":{"_acf_changed":false},"product_brand":[11500],"product_cat":[14108],"product_tag":[],"class_list":{"0":"post-695154","1":"product","2":"type-product","3":"status-publish","4":"has-post-thumbnail","6":"product_brand-kmr-precision","7":"product_cat-partijiet-kmr","9":"first","10":"instock","11":"taxable","12":"shipping-taxable","13":"product-type-simple"},"acf":[],"_links":{"self":[{"href":"https:\/\/nbg.eu\/mt\/wp-json\/wp\/v2\/product\/695154","targetHints":{"allow":["GET"]}}],"collection":[{"href":"https:\/\/nbg.eu\/mt\/wp-json\/wp\/v2\/product"}],"about":[{"href":"https:\/\/nbg.eu\/mt\/wp-json\/wp\/v2\/types\/product"}],"wp:featuredmedia":[{"embeddable":true,"href":"https:\/\/nbg.eu\/mt\/wp-json\/wp\/v2\/media\/720197"}],"wp:attachment":[{"href":"https:\/\/nbg.eu\/mt\/wp-json\/wp\/v2\/media?parent=695154"}],"wp:term":[{"taxonomy":"product_brand","embeddable":true,"href":"https:\/\/nbg.eu\/mt\/wp-json\/wp\/v2\/product_brand?post=695154"},{"taxonomy":"product_cat","embeddable":true,"href":"https:\/\/nbg.eu\/mt\/wp-json\/wp\/v2\/product_cat?post=695154"},{"taxonomy":"product_tag","embeddable":true,"href":"https:\/\/nbg.eu\/mt\/wp-json\/wp\/v2\/product_tag?post=695154"}],"curies":[{"name":"wp","href":"https:\/\/api.w.org\/{rel}","templated":true}]}}