{"id":695169,"date":"2025-05-09T13:01:08","date_gmt":"2025-05-09T10:01:08","guid":{"rendered":"https:\/\/nbg.eu\/product\/trigger-kmr-sa-da-straight-black-until-2023\/"},"modified":"2026-04-16T18:04:54","modified_gmt":"2026-04-16T15:04:54","slug":"trigger-kmr-sa-da-straight-black-until-2023","status":"publish","type":"product","link":"https:\/\/nbg.eu\/mt\/product\/trigger-kmr-sa-da-straight-black-until-2023\/","title":{"rendered":"KMR Grillu SA\/DA Dritt Iswed (sal 2023)"},"content":{"rendered":"<div class=\"product-description\">\n<h2>TRIGGER KMR SA\/DA STRAIGHT BLACK (sal 2023)<\/h2>\n<p>Itjie\u0127ed il-KMR tieg\u0127ek b&#8217;dan it-trigger li huwa ppjanat b&#8217;pre\u010bi\u017cjoni. Kompatibbli mal-mudelli KMR L-02 SPECTRA u KMR W-02 UMBRA (sal-2023). Jiffettja disinnu dritto u iswed, li joffri kontroll u pre\u010bi\u017cjoni mtejba. Funzjoni ta&#8217; azzjoni wa\u0127da\/azzjoni doppja g\u0127al esperjenzi ta&#8217; sparar varji.<\/p>\n<p><strong>Referenza:<\/strong> 0861-01505-0401<\/p>\n<\/div>\n","protected":false},"excerpt":{"rendered":"<p>Trigga rett SA\/DA ta&#8217; pre\u010bi\u017cjoni g\u0127all-mudelli KMR. Finish iswed. Pre-2023.<\/p>\n","protected":false},"featured_media":355418,"template":"","meta":{"_acf_changed":false},"product_brand":[11500],"product_cat":[14108],"product_tag":[],"class_list":{"0":"post-695169","1":"product","2":"type-product","3":"status-publish","4":"has-post-thumbnail","6":"product_brand-kmr-precision","7":"product_cat-partijiet-kmr","9":"first","10":"instock","11":"taxable","12":"shipping-taxable","13":"purchasable","14":"product-type-simple"},"acf":[],"_links":{"self":[{"href":"https:\/\/nbg.eu\/mt\/wp-json\/wp\/v2\/product\/695169","targetHints":{"allow":["GET"]}}],"collection":[{"href":"https:\/\/nbg.eu\/mt\/wp-json\/wp\/v2\/product"}],"about":[{"href":"https:\/\/nbg.eu\/mt\/wp-json\/wp\/v2\/types\/product"}],"wp:featuredmedia":[{"embeddable":true,"href":"https:\/\/nbg.eu\/mt\/wp-json\/wp\/v2\/media\/355418"}],"wp:attachment":[{"href":"https:\/\/nbg.eu\/mt\/wp-json\/wp\/v2\/media?parent=695169"}],"wp:term":[{"taxonomy":"product_brand","embeddable":true,"href":"https:\/\/nbg.eu\/mt\/wp-json\/wp\/v2\/product_brand?post=695169"},{"taxonomy":"product_cat","embeddable":true,"href":"https:\/\/nbg.eu\/mt\/wp-json\/wp\/v2\/product_cat?post=695169"},{"taxonomy":"product_tag","embeddable":true,"href":"https:\/\/nbg.eu\/mt\/wp-json\/wp\/v2\/product_tag?post=695169"}],"curies":[{"name":"wp","href":"https:\/\/api.w.org\/{rel}","templated":true}]}}