{"id":695183,"date":"2024-08-16T23:16:32","date_gmt":"2024-08-16T20:16:32","guid":{"rendered":"https:\/\/nbg.eu\/product\/trigger-pin-kmr\/"},"modified":"2026-04-16T18:11:01","modified_gmt":"2026-04-16T15:11:01","slug":"trigger-pin-kmr","status":"publish","type":"product","link":"https:\/\/nbg.eu\/mt\/product\/trigger-pin-kmr\/","title":{"rendered":"KMR Pin tal-Grillu"},"content":{"rendered":"<h2>Trigger Pivot Preciz g\u0127al Pistoli KMR<\/h2>\n<p>O\u0127loq il-potenzjal s\u0127i\u0127 tal-pistola KMR tieg\u0127ek b&#8217;Trigger Pin premium tag\u0127na. Mag\u0127mula minn azzar g\u0127odda imsa\u0127\u0127en u b&#8217;lejliet wi\u010b\u010b lixxi, din il-komponenti tipprovdi l-asse pivot b&#8217;inqas frizzjoni stabbli me\u0127tie\u0121a sabiex it-trigger tieg\u0127ek j\u65cbrotate bla xkiel. Fil-kuntrarju tal-partijiet tal-fabbrika, it-Trigger Pin tag\u0127na jne\u0127\u0127i l-&#8220;wobble&#8221; laterali, ji\u017cgura tira konsistenti u ripetuta u jipprevjeni t-tnixxija tal-qafas fuq eluf ta&#8217; \u010bikli.<\/p>\n<p>Iddisinjat skont toleranzi e\u017catti KMR, it-Trigger Pin tag\u0127na jipprovdi l-addattament perfett, integrazzjoni bla xkiel mal-monta\u0121\u0121 tat-trigger tal-fabbrika. Dan id-disinn b&#8217;sa\u0127\u0127a g\u0127olja u li jdumu jservu, jottimizza l-interfa\u010b\u010bja kritika bejn subg\u0127ajrek u l-mekkani\u017cmu tan-nar, li jikkontribwixxi g\u0127al pre\u010bi\u017cjoni u kontroll aktar sabiex kulma tni\u017c\u017cel.<\/p>\n<p>Sew jekk inti shooter kompetittiv li tfittex li dda\u0127\u0127al l-a\u0121\u0121ustamenti finali fil-konfigurazzjoni tieg\u0127ek jew utent ta&#8217; rikreazzjoni li qed ifittex li jg\u0127olli l-KMR tieg\u0127ek, it-Trigger Pin tag\u0127na huwa l-\u0127olqa li nieqsa sabiex tne\u0127\u0127i l-potenzjal s\u0127i\u0127 tal-arma tan-nar tieg\u0127ek. Esperjenza d-differenza li tista&#8217; tag\u0127mel trigger pivot pre\u010bi\u017ca u bla frizzjoni fil-prestazzjoni u l-affidabbilt\u00e0 tieg\u0127ek.<\/p>\n","protected":false},"excerpt":{"rendered":"<p>Assi pivot pre\u010bi\u017ci g\u0127all-immuntar tat-triger. Azzar tal-g\u0127odod ikkurat b&#8217;pre\u010bi\u017cjoni, wi\u010b\u010b smoothn ultra, u dijametru ekwu g\u0127at-tolleranzi tal-fabbrika KMR. Jipprovdi l-assi stabbli b&#8217;frizzjoni baxxa me\u0127tie\u0121a biex it-triger jiddawwar bil-g\u0127amla; il-kostruzzjoni b&#8217;sa\u0127\u0127a g\u0127olja tne\u0127\u0127i l-&#8220;bi\u010b\u010ba \u010b\u010baqlaq&#8221; laterali, li ti\u017cgura tpin\u0121ija ta&#8217; triger konsistenti u ripetut u li tipprevjeni l-\u0127sara tal-qafas fuq eluf ta&#8217; \u010bikli.<\/p>\n","protected":false},"featured_media":23737,"template":"","meta":{"_acf_changed":false},"product_brand":[11500],"product_cat":[14108],"product_tag":[],"class_list":{"0":"post-695183","1":"product","2":"type-product","3":"status-publish","4":"has-post-thumbnail","6":"product_brand-kmr-precision","7":"product_cat-partijiet-kmr","9":"first","10":"instock","11":"taxable","12":"shipping-taxable","13":"product-type-simple"},"acf":[],"_links":{"self":[{"href":"https:\/\/nbg.eu\/mt\/wp-json\/wp\/v2\/product\/695183","targetHints":{"allow":["GET"]}}],"collection":[{"href":"https:\/\/nbg.eu\/mt\/wp-json\/wp\/v2\/product"}],"about":[{"href":"https:\/\/nbg.eu\/mt\/wp-json\/wp\/v2\/types\/product"}],"wp:featuredmedia":[{"embeddable":true,"href":"https:\/\/nbg.eu\/mt\/wp-json\/wp\/v2\/media\/23737"}],"wp:attachment":[{"href":"https:\/\/nbg.eu\/mt\/wp-json\/wp\/v2\/media?parent=695183"}],"wp:term":[{"taxonomy":"product_brand","embeddable":true,"href":"https:\/\/nbg.eu\/mt\/wp-json\/wp\/v2\/product_brand?post=695183"},{"taxonomy":"product_cat","embeddable":true,"href":"https:\/\/nbg.eu\/mt\/wp-json\/wp\/v2\/product_cat?post=695183"},{"taxonomy":"product_tag","embeddable":true,"href":"https:\/\/nbg.eu\/mt\/wp-json\/wp\/v2\/product_tag?post=695183"}],"curies":[{"name":"wp","href":"https:\/\/api.w.org\/{rel}","templated":true}]}}