{"id":695209,"date":"2024-08-17T17:20:46","date_gmt":"2024-08-17T14:20:46","guid":{"rendered":"https:\/\/nbg.eu\/product\/trigger-spring-sa-da-kmr\/"},"modified":"2026-02-26T11:58:23","modified_gmt":"2026-02-26T08:58:23","slug":"trigger-spring-sa-da-kmr","status":"publish","type":"product","link":"https:\/\/nbg.eu\/mt\/product\/trigger-spring-sa-da-kmr\/","title":{"rendered":"Tornaviti Taqlib SA\/DA KMR"},"content":{"rendered":"<h2>Trigger Spring SA\/DA KMR: Titjib tal-Prestazzjoni tal-Arma fuq Diversi Pjattaformi<\/h2>\n<p>It-Trigger Spring SA\/DA KMR hija a\u010b\u010bessorju versatili u affidabbli ddisinjat biex itejjeb il-funzjonalit\u00e0 ta&#8217; diversi armi fil-kategorija KMR. Kompatibbli ma&#8217; firxa wiesg\u0127a ta&#8217; mudelli, dan il-monta\u0121\u0121 tal-ispallja tal-trigger ji\u017cgura integrazzjoni bla xkiel u prestazzjoni mtejba g\u0127all-arma tan-nar tieg\u0127ek.<\/p>\n<p>Kemm jekk int tirra\u0121una kompetittiv, entu\u017cjast tattiku, jew proprjetarju responsabbli tal-arma tan-nar, it-Trigger Spring SA\/DA KMR hija a\u010b\u010bessorju essenzjali biex tottimizza l-prestazzjoni tal-arma tieg\u0127ek. Elevat l-esperjenza tas-shooting tieg\u0127ek b&#8217;dan il-komponent affidabbli u versatili.<\/p>\n<p>G\u0127al Armi KMR:<\/p>\n<p>KMR L-02 SPECTRA MINN 2024<\/p>\n<p>KMR L-02 SPECTRA SAL-2023<\/p>\n<p>KMR L-02 UMBRA (OR) SR<\/p>\n<p>KMR S-01 LANCE (OR)<\/p>\n<p>KMR S-02 MINN 2024<\/p>\n<p>KMR S-02 SAL-2023<\/p>\n<p>KMR W-02 CUDA (OR)<\/p>\n<p>KMR W-02 UMBRA<\/p>\n<p>KMR W-02 UMBRA (OR)<\/p>\n","protected":false},"excerpt":{"rendered":"<p>Il-Trigger Spring SA\/DA KMR g\u0127al KMR L-02 SPECTRA, S-01 LANCE, S-02, W-02 CUDA\/UMBRA.<\/p>\n","protected":false},"featured_media":24597,"template":"","meta":{"_acf_changed":false},"product_brand":[11500],"product_cat":[14126,14108,15018],"product_tag":[],"class_list":{"0":"post-695209","1":"product","2":"type-product","3":"status-publish","4":"has-post-thumbnail","6":"product_brand-kmr-precision","7":"product_cat-molol","8":"product_cat-partijiet-kmr","9":"product_cat-trigger-springs-mt","11":"first","12":"instock","13":"taxable","14":"shipping-taxable","15":"product-type-simple"},"acf":[],"_links":{"self":[{"href":"https:\/\/nbg.eu\/mt\/wp-json\/wp\/v2\/product\/695209","targetHints":{"allow":["GET"]}}],"collection":[{"href":"https:\/\/nbg.eu\/mt\/wp-json\/wp\/v2\/product"}],"about":[{"href":"https:\/\/nbg.eu\/mt\/wp-json\/wp\/v2\/types\/product"}],"wp:featuredmedia":[{"embeddable":true,"href":"https:\/\/nbg.eu\/mt\/wp-json\/wp\/v2\/media\/24597"}],"wp:attachment":[{"href":"https:\/\/nbg.eu\/mt\/wp-json\/wp\/v2\/media?parent=695209"}],"wp:term":[{"taxonomy":"product_brand","embeddable":true,"href":"https:\/\/nbg.eu\/mt\/wp-json\/wp\/v2\/product_brand?post=695209"},{"taxonomy":"product_cat","embeddable":true,"href":"https:\/\/nbg.eu\/mt\/wp-json\/wp\/v2\/product_cat?post=695209"},{"taxonomy":"product_tag","embeddable":true,"href":"https:\/\/nbg.eu\/mt\/wp-json\/wp\/v2\/product_tag?post=695209"}],"curies":[{"name":"wp","href":"https:\/\/api.w.org\/{rel}","templated":true}]}}