{"id":695240,"date":"2024-09-18T13:32:40","date_gmt":"2024-09-18T10:32:40","guid":{"rendered":"https:\/\/nbg.eu\/product\/trigger-spring-sa-kmr\/"},"modified":"2026-04-16T18:06:16","modified_gmt":"2026-04-16T15:06:16","slug":"trigger-spring-sa-kmr","status":"publish","type":"product","link":"https:\/\/nbg.eu\/mt\/product\/trigger-spring-sa-kmr\/","title":{"rendered":"KMR Molla tal-Grillu SA"},"content":{"rendered":"<h2>Upgrades b&#8217;Prestazzjoni G\u0127olja g\u0127all-Armi KMR<\/h2>\n<p>Eleva\u0127 il-prestazzjoni tal-armi KMR tieg\u0127ek b&#8217;trigger spin, parti ta&#8217; sostituzzjoni pprogettata apposta g\u0127all-kompatibbilt\u00e0 ming\u0127ajr xkiel. Mag\u0127mula minn materjali premium, din il-spring tat-trigger toffri tir konsistenti u bla xkiel g\u0127al akkuratezza u kontroll akbar fil-\u0121bid.<\/p>\n<p>Ipprogettati b&#8217;attenzjoni manjalja g\u0127ad-dettall, il-spring tat-trigger g\u0127andhom tensjoni tal-spring ikkalibratal b&#8217;mod pre\u010bi\u017c li ti\u017cgura rispons tat-trigger qawwi u prevedibbli. Din l-a\u0121\u0121ornament tippromwovi kontroll a\u0127jar tat-trigger, li jippermetti po\u017cizzjoni aktar pre\u010bi\u017ca tat-tir u akkwist aktar malajr tat-mira.<\/p>\n<p>Mag\u0127mula minn materjali durabbli u ta&#8217; kwalit\u00e0 g\u0127olja, il-spring tat-trigger huma mfassla biex jirre\u017cistu l-u\u017cu frekwenti. Id-disinn qawwi u l-prestazzjoni affidabbli tag\u0127hom jag\u0127mluhom upgrades essenzjali g\u0127al kull min ifittex li jtejjeb il-kapa\u010bitajiet tal-armi KMR tag\u0127hom.<\/p>\n<p>Sew jekk inti tirma kompetittiv, operatur tatti\u010bi, jew entu\u017cjast rikreattiv, il-spring tat-trigger hija l-g\u0127a\u017cla perfetta biex itejjeb il-prestazzjoni tal-armamenti KMR tieg\u0127ek. Esperjenza d-differenza li spring tat-trigger ta&#8217; kwalit\u00e0 g\u0127olja tista&#8217; tag\u0127mel u \u0121ib il-\u0121bid tieg\u0127ek g\u0127al livelli \u0121odda.<\/p>\n","protected":false},"excerpt":{"rendered":"<p>Bniedem tal-buttuna tar-re\u017ciljenza ta&#8217; sostituzzjoni g\u0127all-mudelli ta&#8217; armi KMR L-02 EMIQ u ORCA (sa l-2023).<\/p>\n","protected":false},"featured_media":24597,"template":"","meta":{"_acf_changed":false},"product_brand":[11500],"product_cat":[14126,14108,15018],"product_tag":[],"class_list":{"0":"post-695240","1":"product","2":"type-product","3":"status-publish","4":"has-post-thumbnail","6":"product_brand-kmr-precision","7":"product_cat-molol","8":"product_cat-partijiet-kmr","9":"product_cat-trigger-springs-mt","11":"first","12":"instock","13":"taxable","14":"shipping-taxable","15":"product-type-simple"},"acf":[],"_links":{"self":[{"href":"https:\/\/nbg.eu\/mt\/wp-json\/wp\/v2\/product\/695240","targetHints":{"allow":["GET"]}}],"collection":[{"href":"https:\/\/nbg.eu\/mt\/wp-json\/wp\/v2\/product"}],"about":[{"href":"https:\/\/nbg.eu\/mt\/wp-json\/wp\/v2\/types\/product"}],"wp:featuredmedia":[{"embeddable":true,"href":"https:\/\/nbg.eu\/mt\/wp-json\/wp\/v2\/media\/24597"}],"wp:attachment":[{"href":"https:\/\/nbg.eu\/mt\/wp-json\/wp\/v2\/media?parent=695240"}],"wp:term":[{"taxonomy":"product_brand","embeddable":true,"href":"https:\/\/nbg.eu\/mt\/wp-json\/wp\/v2\/product_brand?post=695240"},{"taxonomy":"product_cat","embeddable":true,"href":"https:\/\/nbg.eu\/mt\/wp-json\/wp\/v2\/product_cat?post=695240"},{"taxonomy":"product_tag","embeddable":true,"href":"https:\/\/nbg.eu\/mt\/wp-json\/wp\/v2\/product_tag?post=695240"}],"curies":[{"name":"wp","href":"https:\/\/api.w.org\/{rel}","templated":true}]}}