{"id":695259,"date":"2024-08-16T23:17:42","date_gmt":"2024-08-16T20:17:42","guid":{"rendered":"https:\/\/nbg.eu\/product\/trigger-pin-kmr-s-02\/"},"modified":"2026-04-16T18:10:53","modified_gmt":"2026-04-16T15:10:53","slug":"trigger-pin-kmr-s-02","status":"publish","type":"product","link":"https:\/\/nbg.eu\/mt\/product\/trigger-pin-kmr-s-02\/","title":{"rendered":"KMR Pin tal-Grillu S-02"},"content":{"rendered":"<h2>Gafja tal-Trigger g\u0127al KMR S-02: Pivot ta&#8217; Pre\u010bi\u017cjoni g\u0127al Prestazzjoni Ottimali tal-Trigger<\/h2>\n<p>Il-Gafja tal-Trigger g\u0127all-KMR S-02 hija komponent ippro\u010bessat b&#8217;pre\u010bi\u017cjoni ma\u0127sub biex jipprovdi l-assi mekkani\u010bi kritika g\u0127all-mekkaniku tal-trigger. Manifatturat minn azzar g\u0127odda mg\u0127aqqad, dan il-pern tal-pivot spe\u010bjalizzat ji\u017cgura ffissar ming\u0127ajr spazju fil-qisien tal-qafas S-02, li jirri\u017culta f&#8217;moviment aktar stabbli tal-trigger u qlieg\u0127 aktar prevedibbli u krispju.<\/p>\n<p>Bil-wi\u010b\u010b bi frizzjoni ultra-baxxa u re\u017cistenza g\u0127olja g\u0127all-qsim, il-Gafja tal-Trigger tipprote\u0121i l-qafas S-02 minn tg\u0127arrix intern matul l-u\u017cu ta&#8217; volumi kbar, i\u017c\u017comm l-integrit\u00e0 tal-mekkaniku tat-trigger g\u0127al prestazzjoni affidabbli ma\u017c-\u017cmien. Dan il-livell ta&#8217; pre\u010bi\u017cjoni u attenzjoni g\u0127ad-dettall huwa essenzjali g\u0127al kundubturi li jitolbu l-a\u0127jar fi triq tar-reazzjoni u konsistenza tat-trigger.<\/p>\n<p>Kemm jekk int kundubtur kompetittiv, operatur tattiku, jew entusjast appassjonat, il-Gafja tal-Trigger g\u0127all-KMR S-02 toffri soluzzjoni \u010b\u010baqlieqa biex i\u017c\u017cid l-esperjenza \u0121enerali tat-trigger tal-arma tan-nar tieg\u0127ek. Ittrendi l-pre\u010bi\u017cjoni u l-kunfidenza tal-isparar tieg\u0127ek b&#8217;dan il-komponent ipprogrammat bil-metiklu, ma\u0127sub biex jing\u0127aqad b&#8217;mod seamless mal-\u010bassis S-02 u joffri l-prestazzjoni li inti tist\u0127oqq.<\/p>\n","protected":false},"excerpt":{"rendered":"<p>Assju pivot ta&#8217; precisjoni g\u0127all-kaxxa tal-KMR S-02, azzar imsa\u0127\u0127an, fri\u010b\u010bjoni ultra baxxa.<\/p>\n","protected":false},"featured_media":23760,"template":"","meta":{"_acf_changed":false},"product_brand":[11500],"product_cat":[14108],"product_tag":[],"class_list":{"0":"post-695259","1":"product","2":"type-product","3":"status-publish","4":"has-post-thumbnail","6":"product_brand-kmr-precision","7":"product_cat-partijiet-kmr","9":"first","10":"instock","11":"taxable","12":"shipping-taxable","13":"product-type-simple"},"acf":[],"_links":{"self":[{"href":"https:\/\/nbg.eu\/mt\/wp-json\/wp\/v2\/product\/695259","targetHints":{"allow":["GET"]}}],"collection":[{"href":"https:\/\/nbg.eu\/mt\/wp-json\/wp\/v2\/product"}],"about":[{"href":"https:\/\/nbg.eu\/mt\/wp-json\/wp\/v2\/types\/product"}],"wp:featuredmedia":[{"embeddable":true,"href":"https:\/\/nbg.eu\/mt\/wp-json\/wp\/v2\/media\/23760"}],"wp:attachment":[{"href":"https:\/\/nbg.eu\/mt\/wp-json\/wp\/v2\/media?parent=695259"}],"wp:term":[{"taxonomy":"product_brand","embeddable":true,"href":"https:\/\/nbg.eu\/mt\/wp-json\/wp\/v2\/product_brand?post=695259"},{"taxonomy":"product_cat","embeddable":true,"href":"https:\/\/nbg.eu\/mt\/wp-json\/wp\/v2\/product_cat?post=695259"},{"taxonomy":"product_tag","embeddable":true,"href":"https:\/\/nbg.eu\/mt\/wp-json\/wp\/v2\/product_tag?post=695259"}],"curies":[{"name":"wp","href":"https:\/\/api.w.org\/{rel}","templated":true}]}}