{"id":696303,"date":"2025-12-22T17:18:06","date_gmt":"2025-12-22T14:18:06","guid":{"rendered":"https:\/\/nbg.eu\/product\/borza-tal-ivvjaggar-atlas\/"},"modified":"2026-04-15T14:32:25","modified_gmt":"2026-04-15T11:32:25","slug":"borza-tal-ivvjaggar-atlas","status":"publish","type":"product","link":"https:\/\/nbg.eu\/mt\/product\/borza-tal-ivvjaggar-atlas\/","title":{"rendered":"Eberlestock Duffel Atlas"},"content":{"rendered":"<h2>L-Atlas Duffel: I\u0121\u0121arr l-Apparat Tieg\u0127ek b&#8217;Stil u Fa\u010bilit\u00e0<\/h2>\n<p>L-Atlas Duffel huwa l-\u0127u i\u017cg\u0127ar tal-Hercules Duffel popolari tag\u0127na, li joffri l-istess karatteristi\u010bi li n-nies i\u0127obbu. B&#8217;kompartiment prin\u010bipali kbir, partituri mwaddba, sitt bwieqi esterni b&#8217;\u010bipep, u kompartiment ta&#8217; qieg\u0127 b&#8217;wi\u010b\u010b iebes ta\u0127t, din il-bor\u017ca ta&#8217; duffel b&#8217;sa\u0127\u0127itha hija ddisinjata biex \u017c\u017comm l-apparat tieg\u0127ek organizzat u protett.<\/p>\n<p>Assigurat b&#8217;\u010bipep tas-sigurt\u00e0 tal-YKK li jistg\u0127u jinkludu, l-Atlas Duffel ji\u017cgura li l-o\u0121\u0121etti tieg\u0127ek huma siguri, anke fil-kundizzjonijiet l-aktar severi. Il-kopertura tax-xita inklu\u017ca tipprovdi livell addizzjonali ta&#8217; protezzjoni, li tipprote\u0121i l-apparat tieg\u0127ek mill-umdit\u00e0 u t-trab.<\/p>\n<p>Bi kwistjonijiet impressjonanti ta&#8217; 29.5H x 16W x 16D, b&#8217;volum ta&#8217; 5,844 c.i. \/ 95.77L u pi\u017c ta&#8217; 12 lbs 12oz, l-Atlas Duffel joffri spazju kbir biex jilqa&#8217; l-essenzjali kollha tieg\u0127ek. Il-kompartiment tal-qieg\u0127 ta&#8217; 4-pulzieri jipprovdi post konvenjenti biex ta\u0127\u017cen l-o\u0121\u0121etti li g\u0127andek b\u017conn taqbad malajr.<\/p>\n<p>Mag\u0127mul b&#8217;qieg\u0127 b&#8217;wi\u010b\u010b iebes u roti utli, l-Atlas Duffel huwa mag\u0127mul biex ila\u0127\u0127aq mat-tbieg\u0127ed tat-vja\u0121\u0121ar. Il-bwieqi interni u d-dividers velkro li jistg\u0127u ji\u0121u personalizzati jippermettulek taddatta l-organizzazzjoni g\u0127all-\u0127ti\u0121ijiet spe\u010bifi\u010bi tieg\u0127ek, biex jag\u0127mlu minnha l-kumpanjun perfett g\u0127all-avventuri tieg\u0127ek.<\/p>\n","protected":false},"excerpt":{"rendered":"<p>L-Atlas Duffel hija bor\u017ca spa\u017cju\u017ca u versattili b&#8217;ba\u017ci iffurmata, divi\u017curi m\u0127addna, u kopertura tal-\u0121ebel kontra x-xita g\u0127al protezzjoni minn kull temp.<\/p>\n","protected":false},"featured_media":696367,"template":"","meta":{"_acf_changed":false},"product_brand":[15150],"product_cat":[14098],"product_tag":[],"class_list":{"0":"post-696303","1":"product","2":"type-product","3":"status-publish","4":"has-post-thumbnail","6":"product_brand-eberlestock","7":"product_cat-boroz-tal-kamp","9":"first","10":"instock","11":"taxable","12":"shipping-taxable","13":"purchasable","14":"product-type-variable","15":"wvs-archive-product-wrapper"},"acf":[],"_links":{"self":[{"href":"https:\/\/nbg.eu\/mt\/wp-json\/wp\/v2\/product\/696303","targetHints":{"allow":["GET"]}}],"collection":[{"href":"https:\/\/nbg.eu\/mt\/wp-json\/wp\/v2\/product"}],"about":[{"href":"https:\/\/nbg.eu\/mt\/wp-json\/wp\/v2\/types\/product"}],"wp:featuredmedia":[{"embeddable":true,"href":"https:\/\/nbg.eu\/mt\/wp-json\/wp\/v2\/media\/696367"}],"wp:attachment":[{"href":"https:\/\/nbg.eu\/mt\/wp-json\/wp\/v2\/media?parent=696303"}],"wp:term":[{"taxonomy":"product_brand","embeddable":true,"href":"https:\/\/nbg.eu\/mt\/wp-json\/wp\/v2\/product_brand?post=696303"},{"taxonomy":"product_cat","embeddable":true,"href":"https:\/\/nbg.eu\/mt\/wp-json\/wp\/v2\/product_cat?post=696303"},{"taxonomy":"product_tag","embeddable":true,"href":"https:\/\/nbg.eu\/mt\/wp-json\/wp\/v2\/product_tag?post=696303"}],"curies":[{"name":"wp","href":"https:\/\/api.w.org\/{rel}","templated":true}]}}