{"id":696689,"date":"2025-12-22T15:43:37","date_gmt":"2025-12-22T12:43:37","guid":{"rendered":"https:\/\/nbg.eu\/product\/pakkett-assalt-missjoni-multicam\/"},"modified":"2026-04-15T14:32:39","modified_gmt":"2026-04-15T11:32:39","slug":"pakkett-assalt-missjoni-multicam","status":"publish","type":"product","link":"https:\/\/nbg.eu\/mt\/product\/pakkett-assalt-missjoni-multicam\/","title":{"rendered":"Eberlestock Backpack tal-Assalt Mission &#8211; Multicam"},"content":{"rendered":"<h2>Assault Pack tal-Missjoni &#8211; Multicam<\/h2>\n<p>Mag\u0127mul mill-ba\u017ci biex ikun fil-post tieg\u0127u fil-mag\u0127\u017cul, l-Assault Pack jg\u0127aqqad mal-Qafas tal-Missjoni g\u0127al sistema li \u0121\u0121orr tag\u0127bija mnaqqsa. B&#8217;\u0127afna karatteristi\u010bi ta&#8217; organizzazzjoni, qbid sikur u a\u0121\u0121ustabbli, u a\u010b\u010bess mg\u0127a\u0121\u0121el g\u0127all-intern, l-Assault Pack i\u017commok fil-mira. Il-abilit\u00e0 li t\u017cid a\u010b\u010bessorji u karatteristi\u010bi o\u0127ra permezz tas-sistema EMOD tal-Missjoni biss issa\u0127\u0127a\u0127 aktar il-kapa\u010bit\u00e0 ta&#8217; dan il-pakkett.<\/p>\n<p>B&#8217;pi\u017c ta&#8217; 1 lb 12 oz, l-Assault Pack huwa mibni b&#8217;materjali Ripstop 500D li jdumu u joffri kapa\u010bit\u00e0 \u0121eneru\u017ca ta&#8217; 2,000 pulzier kubiku biex jakkomoda l-o\u0121\u0121etti essenzjali tieg\u0127ek.<\/p>\n","protected":false},"excerpt":{"rendered":"<p>Pakkett tal-assalt modularjet u versatili b&#8217;karatteristi\u010bi organizzattivi u kompatibbilt\u00e0 EMOD.<\/p>\n","protected":false},"featured_media":696709,"template":"","meta":{"_acf_changed":false},"product_brand":[15150],"product_cat":[14102],"product_tag":[],"class_list":{"0":"post-696689","1":"product","2":"type-product","3":"status-publish","4":"has-post-thumbnail","6":"product_brand-eberlestock","7":"product_cat-boroz-tad-dahar","9":"first","10":"outofstock","11":"taxable","12":"shipping-taxable","13":"purchasable","14":"product-type-variable","15":"wvs-archive-product-wrapper"},"acf":[],"_links":{"self":[{"href":"https:\/\/nbg.eu\/mt\/wp-json\/wp\/v2\/product\/696689","targetHints":{"allow":["GET"]}}],"collection":[{"href":"https:\/\/nbg.eu\/mt\/wp-json\/wp\/v2\/product"}],"about":[{"href":"https:\/\/nbg.eu\/mt\/wp-json\/wp\/v2\/types\/product"}],"wp:featuredmedia":[{"embeddable":true,"href":"https:\/\/nbg.eu\/mt\/wp-json\/wp\/v2\/media\/696709"}],"wp:attachment":[{"href":"https:\/\/nbg.eu\/mt\/wp-json\/wp\/v2\/media?parent=696689"}],"wp:term":[{"taxonomy":"product_brand","embeddable":true,"href":"https:\/\/nbg.eu\/mt\/wp-json\/wp\/v2\/product_brand?post=696689"},{"taxonomy":"product_cat","embeddable":true,"href":"https:\/\/nbg.eu\/mt\/wp-json\/wp\/v2\/product_cat?post=696689"},{"taxonomy":"product_tag","embeddable":true,"href":"https:\/\/nbg.eu\/mt\/wp-json\/wp\/v2\/product_tag?post=696689"}],"curies":[{"name":"wp","href":"https:\/\/api.w.org\/{rel}","templated":true}]}}