{"id":696843,"date":"2025-12-22T15:47:55","date_gmt":"2025-12-22T12:47:55","guid":{"rendered":"https:\/\/nbg.eu\/product\/missjoni-arc-multicam\/"},"modified":"2026-04-15T14:32:36","modified_gmt":"2026-04-15T11:32:36","slug":"missjoni-arc-multicam","status":"publish","type":"product","link":"https:\/\/nbg.eu\/mt\/product\/missjoni-arc-multicam\/","title":{"rendered":"Eberlestock Mission ARC &#8211; Multicam"},"content":{"rendered":"<h2>Mission ARC-Multicam: Ottimizzat Gear Carrier g\u0127all-Effi\u010bjenza Operattiva<\/h2>\n<p>Il-Mission Adjustable Rifle Carrier (ARC) huwa ri\u017corsa funzjonali g\u0127all-professjonisti li je\u0127tie\u0121u j\u0121orru assi addizzjonali fil-qasam. L-ARC j\u017cid il-kapa\u010bit\u00e0 operattiva u huwa mfassal biex jidher mal-Mission EMOD Frame u l-Mission Zipper Extension. Billi jissie\u0127eb mal-parti ta&#8217; wara tal-Mission Frame permezz tal-MOLLE webbing, l-ARC jiffunzjona b\u0127ala trasportatur g\u0127al rifils pre\u010bi\u017ci, pjattaformi ta &#8216;stil AR, u jista&#8217; jitrasporta tag\u0127mir ie\u0127or essenzjali g\u0127all-missjoni.<\/p>\n<p>Is-su\u010b\u010bess tal-missjoni jiddependi fuq il-puntwalit\u00e0 pre\u010bi\u017ca, l-pre\u010bi\u017cjoni, u l-implimentazzjoni effi\u010bjenti tar-ri\u017corsi disponibbli. L-ARC inbena biex jappo\u0121\u0121ja t-talbiet tat-tag\u0127mir fi kwalunkwe ambjent. Bil-karatteristi\u010bi ta&#8217; tessut 500D, ba\u017ci regolabbli, webbing MOLLE, straps ta&#8217; retenzjoni, u ba\u017ci ta&#8217; Hypalon irinforzata, il-Mission ARC-Multicam hija mfassla biex toptimizza l-organizzazzjoni u l-a\u010b\u010bessibbilt\u00e0 tat-tag\u0127mir fil-qasam.<\/p>\n<p>Dimensjonijiet: 15&#8243;H x 3&#8243;W<\/p>\n","protected":false},"excerpt":{"rendered":"<p>Il-Mission ARC-Multicam huwa \u0121arrier tar-rifle a\u0121\u0121ustabbli u funzjonali li jissekura mal-Qafas EMOD tal-Mission, li jippermetti t-trasport ta&#8217; rifles ta&#8217; pre\u010bi\u017cjoni, pjattaformi tal-istil ta&#8217; AR, u tag\u0127mir essenzjali g\u0127all-missjoni.<\/p>\n","protected":false},"featured_media":696883,"template":"","meta":{"_acf_changed":false},"product_brand":[15150],"product_cat":[14102],"product_tag":[],"class_list":{"0":"post-696843","1":"product","2":"type-product","3":"status-publish","4":"has-post-thumbnail","6":"product_brand-eberlestock","7":"product_cat-boroz-tad-dahar","9":"first","10":"instock","11":"taxable","12":"shipping-taxable","13":"purchasable","14":"product-type-variable","15":"wvs-archive-product-wrapper"},"acf":[],"_links":{"self":[{"href":"https:\/\/nbg.eu\/mt\/wp-json\/wp\/v2\/product\/696843","targetHints":{"allow":["GET"]}}],"collection":[{"href":"https:\/\/nbg.eu\/mt\/wp-json\/wp\/v2\/product"}],"about":[{"href":"https:\/\/nbg.eu\/mt\/wp-json\/wp\/v2\/types\/product"}],"wp:featuredmedia":[{"embeddable":true,"href":"https:\/\/nbg.eu\/mt\/wp-json\/wp\/v2\/media\/696883"}],"wp:attachment":[{"href":"https:\/\/nbg.eu\/mt\/wp-json\/wp\/v2\/media?parent=696843"}],"wp:term":[{"taxonomy":"product_brand","embeddable":true,"href":"https:\/\/nbg.eu\/mt\/wp-json\/wp\/v2\/product_brand?post=696843"},{"taxonomy":"product_cat","embeddable":true,"href":"https:\/\/nbg.eu\/mt\/wp-json\/wp\/v2\/product_cat?post=696843"},{"taxonomy":"product_tag","embeddable":true,"href":"https:\/\/nbg.eu\/mt\/wp-json\/wp\/v2\/product_tag?post=696843"}],"curies":[{"name":"wp","href":"https:\/\/api.w.org\/{rel}","templated":true}]}}