{"id":697079,"date":"2025-12-22T16:18:10","date_gmt":"2025-12-22T13:18:10","guid":{"rendered":"https:\/\/nbg.eu\/product\/missjoni-zipper-extension-multicam\/"},"modified":"2026-04-15T14:32:32","modified_gmt":"2026-04-15T11:32:32","slug":"missjoni-zipper-extension-multicam","status":"publish","type":"product","link":"https:\/\/nbg.eu\/mt\/product\/missjoni-zipper-extension-multicam\/","title":{"rendered":"Eberlestock Estensjoni ta\u017c-\u017bipp Mission EMOD &#8211; Multicam"},"content":{"rendered":"<h2>Missjoni Zipper Extension-Multicam<\/h2>\n<p>Il-Missjoni Zipper Extension tg\u0127aqqad l-iskop u l-utilit\u00e0 g\u0127all-operatur. L-Estensjoni ta\u017c-Zipper tintrabat mal-wi\u010b\u010b tal-Qafas EMOD tal-Missjoni u hija ddisinjata biex tintu\u017ca mat-Tarka tal-Missjoni ARC u Pack tal-Missjoni biex ti\u017cdied il-kapa\u010bit\u00e0 tal-apparat tieg\u0127ek u l-versatilit\u00e0. Il-webbing MOLLE u l-kostruzzjoni laminata tad-doppju tat-420D jipprovdulek il-karatteristi\u010bi me\u0127tie\u0121a g\u0127all-\u0121estjoni effi\u010bjenti tal-kejbils, it-tmexxija tal-antenni, u l-attakkament ta&#8217; tourniquets. L-Estensjoni ta\u017c-Zipper tal-Missjoni tservi b\u0127ala \u0127olqa vitali biex issa\u0127\u0127a\u0127 il-prestazzjoni tieg\u0127ek fil-qasam.<\/p>\n<h2>Dimensjonijiet<\/h2>\n<p>Dimensjonijiet: 15&#8243; x 3&#8243;<\/p>\n<h2>Karatteristi\u010bi<\/h2>\n<ul>\n<li>Tessut 500D<\/li>\n<li>Siperrun YKK<\/li>\n<li>Laminat ta&#8217; doppju livell<\/li>\n<\/ul>\n","protected":false},"excerpt":{"rendered":"<p>Il-Missjoni Zipper Extension-Multicam ji\u017cdied mal-kapa\u010bit\u00e0 tal-\u0121ear b&#8217;tessitura MOLLE u kostruzzjoni laminata 500D g\u0127all-\u0121estjoni tal-kejbils u l-imtajjir tal-antenna.<\/p>\n","protected":false},"featured_media":697110,"template":"","meta":{"_acf_changed":false},"product_brand":[15150],"product_cat":[14102],"product_tag":[],"class_list":{"0":"post-697079","1":"product","2":"type-product","3":"status-publish","4":"has-post-thumbnail","6":"product_brand-eberlestock","7":"product_cat-boroz-tad-dahar","9":"first","10":"instock","11":"taxable","12":"shipping-taxable","13":"purchasable","14":"product-type-variable","15":"wvs-archive-product-wrapper"},"acf":[],"_links":{"self":[{"href":"https:\/\/nbg.eu\/mt\/wp-json\/wp\/v2\/product\/697079","targetHints":{"allow":["GET"]}}],"collection":[{"href":"https:\/\/nbg.eu\/mt\/wp-json\/wp\/v2\/product"}],"about":[{"href":"https:\/\/nbg.eu\/mt\/wp-json\/wp\/v2\/types\/product"}],"wp:featuredmedia":[{"embeddable":true,"href":"https:\/\/nbg.eu\/mt\/wp-json\/wp\/v2\/media\/697110"}],"wp:attachment":[{"href":"https:\/\/nbg.eu\/mt\/wp-json\/wp\/v2\/media?parent=697079"}],"wp:term":[{"taxonomy":"product_brand","embeddable":true,"href":"https:\/\/nbg.eu\/mt\/wp-json\/wp\/v2\/product_brand?post=697079"},{"taxonomy":"product_cat","embeddable":true,"href":"https:\/\/nbg.eu\/mt\/wp-json\/wp\/v2\/product_cat?post=697079"},{"taxonomy":"product_tag","embeddable":true,"href":"https:\/\/nbg.eu\/mt\/wp-json\/wp\/v2\/product_tag?post=697079"}],"curies":[{"name":"wp","href":"https:\/\/api.w.org\/{rel}","templated":true}]}}