{"id":697207,"date":"2025-12-22T16:34:07","date_gmt":"2025-12-22T13:34:07","guid":{"rendered":"https:\/\/nbg.eu\/product\/qafas-tal-missjoni-emod-multicam\/"},"modified":"2026-04-15T14:32:29","modified_gmt":"2026-04-15T11:32:29","slug":"qafas-tal-missjoni-emod-multicam","status":"publish","type":"product","link":"https:\/\/nbg.eu\/mt\/product\/qafas-tal-missjoni-emod-multicam\/","title":{"rendered":"Eberlestock Frejm Mission EMOD &#8211; Multicam"},"content":{"rendered":"<h2>Qafas tal-Missjoni &#8211; EMOD -Multicam<\/h2>\n<p>Il-ba\u017ci tal-Missjoni EMOD, il-Qafas tal-Missjoni, jipprovdi punt ta&#8217; tluq b&#8217;sa\u0127\u0127tu, modulari u kompatt g\u0127at-tag\u0127mir \u0121did tieg\u0127ek. B&#8217;eluf ta&#8217; sig\u0127at spesi fuq ittestjar u \u017cvilupp flimkien ma&#8217; SOF Operators minn kull ferg\u0127a, dan il-qafas kien imfassal biex jiffunzjona b&#8217;mod seamless mal-apparat tieg\u0127ek kemm meta tkun fuq persuna kif ukoll meta tkun &#8216;il barra minnha.<\/p>\n<p>Dimensjonijiet: 2 LB 15 OZ<\/p>\n","protected":false},"excerpt":{"rendered":"<p>Il-Qafas tal-Missjoni &#8211; EMOD &#8211; Multicam: punt bidu qawwi, modolari u kompatt g\u0127all-loadout tieg\u0127ek, imfassal g\u0127al Operaturi SOF.<\/p>\n","protected":false},"featured_media":697319,"template":"","meta":{"_acf_changed":false},"product_brand":[15150],"product_cat":[14102],"product_tag":[],"class_list":{"0":"post-697207","1":"product","2":"type-product","3":"status-publish","4":"has-post-thumbnail","6":"product_brand-eberlestock","7":"product_cat-boroz-tad-dahar","9":"first","10":"instock","11":"taxable","12":"shipping-taxable","13":"purchasable","14":"product-type-variable","15":"wvs-archive-product-wrapper"},"acf":[],"_links":{"self":[{"href":"https:\/\/nbg.eu\/mt\/wp-json\/wp\/v2\/product\/697207","targetHints":{"allow":["GET"]}}],"collection":[{"href":"https:\/\/nbg.eu\/mt\/wp-json\/wp\/v2\/product"}],"about":[{"href":"https:\/\/nbg.eu\/mt\/wp-json\/wp\/v2\/types\/product"}],"wp:featuredmedia":[{"embeddable":true,"href":"https:\/\/nbg.eu\/mt\/wp-json\/wp\/v2\/media\/697319"}],"wp:attachment":[{"href":"https:\/\/nbg.eu\/mt\/wp-json\/wp\/v2\/media?parent=697207"}],"wp:term":[{"taxonomy":"product_brand","embeddable":true,"href":"https:\/\/nbg.eu\/mt\/wp-json\/wp\/v2\/product_brand?post=697207"},{"taxonomy":"product_cat","embeddable":true,"href":"https:\/\/nbg.eu\/mt\/wp-json\/wp\/v2\/product_cat?post=697207"},{"taxonomy":"product_tag","embeddable":true,"href":"https:\/\/nbg.eu\/mt\/wp-json\/wp\/v2\/product_tag?post=697207"}],"curies":[{"name":"wp","href":"https:\/\/api.w.org\/{rel}","templated":true}]}}