{"id":697540,"date":"2025-12-22T17:34:47","date_gmt":"2025-12-22T14:34:47","guid":{"rendered":"https:\/\/nbg.eu\/product\/borza-pistola-tal-firda\/"},"modified":"2026-04-15T14:32:22","modified_gmt":"2026-04-15T11:32:22","slug":"borza-pistola-tal-firda","status":"publish","type":"product","link":"https:\/\/nbg.eu\/mt\/product\/borza-pistola-tal-firda\/","title":{"rendered":"Eberlestock Bor\u017ca tar-Range Bang-Bang"},"content":{"rendered":"<h2>Bang-Bang Range Bag<\/h2>\n<p>Il-Bang Bang\u2122 \u0121ie \u017cviluppat b\u0127ala bor\u017ca tar-range kompatta biex i\u017c\u017comm l-apparat essenzjali tieg\u0127ek kollu u \u017c\u017commu protett mill-elementi. Il-ba\u017ci tal-polikarboniku tag\u0127milha impermeabbli g\u0127al art umda, blat, skart u trab tar-range.<\/p>\n<p>Il-kompartiment prin\u010bipali jinkludi partituri mudullati u mg\u0127ammra sabiex i\u017comm o\u0121\u0121etti medi\u010bi, g\u0127odod, tag\u0127mir tal-kamera, u tag\u0127mir tar-range sigur u organizzat. Il-kompartiment tal-ba\u017ci fil-ba\u017ci huwa perfett g\u0127al pistoli, g\u0127odod, jew anke karabina kompatta.<\/p>\n<h2>Dimensjonijiet<\/h2>\n<p>Volum: 2062.5 c.i. \/ 33.80L<br \/>\nPi\u017c: 4 lb<br \/>\nDimensjonijiet: 10.25H x 21W x 10D<br \/>\nSpe\u010bifikazzjonijiet tal-kompartiment tal-ba\u017ci 21.5&#8243; L x 9.5&#8243; W x 2&#8243; D<\/p>\n<h2>Karatteristi\u010bi<\/h2>\n<ul>\n<li>G\u0127adda tal-polikarboniku fil-qieg\u0127<\/li>\n<li>Kompartiment prin\u010bipali mg\u0127ammar bi \u0127ruq<\/li>\n<li>\u010ainturin tal-ispalla regolabbli<\/li>\n<li>Partituri tal-organizzazzjoni personalizzabbli<\/li>\n<li>Kompartiment tal-ba\u017ci g\u0127al \u0127a\u017cna sigura<\/li>\n<\/ul>\n","protected":false},"excerpt":{"rendered":"<p>Il-Bor\u017ca tal-Firxa Bang-Bang hija bor\u017ca kompatta u \u0127adida b&#8217;ba\u017ci tal-poliqarbonatu u interur li jista&#8217; ji\u0121i kkonfigurat biex tipprote\u0121i l-o\u0121\u0121etti essenzjali tieg\u0127ek.<\/p>\n","protected":false},"featured_media":697575,"template":"","meta":{"_acf_changed":false},"product_brand":[15150],"product_cat":[14098],"product_tag":[],"class_list":{"0":"post-697540","1":"product","2":"type-product","3":"status-publish","4":"has-post-thumbnail","6":"product_brand-eberlestock","7":"product_cat-boroz-tal-kamp","9":"first","10":"instock","11":"taxable","12":"shipping-taxable","13":"purchasable","14":"product-type-variable","15":"wvs-archive-product-wrapper"},"acf":[],"_links":{"self":[{"href":"https:\/\/nbg.eu\/mt\/wp-json\/wp\/v2\/product\/697540","targetHints":{"allow":["GET"]}}],"collection":[{"href":"https:\/\/nbg.eu\/mt\/wp-json\/wp\/v2\/product"}],"about":[{"href":"https:\/\/nbg.eu\/mt\/wp-json\/wp\/v2\/types\/product"}],"wp:featuredmedia":[{"embeddable":true,"href":"https:\/\/nbg.eu\/mt\/wp-json\/wp\/v2\/media\/697575"}],"wp:attachment":[{"href":"https:\/\/nbg.eu\/mt\/wp-json\/wp\/v2\/media?parent=697540"}],"wp:term":[{"taxonomy":"product_brand","embeddable":true,"href":"https:\/\/nbg.eu\/mt\/wp-json\/wp\/v2\/product_brand?post=697540"},{"taxonomy":"product_cat","embeddable":true,"href":"https:\/\/nbg.eu\/mt\/wp-json\/wp\/v2\/product_cat?post=697540"},{"taxonomy":"product_tag","embeddable":true,"href":"https:\/\/nbg.eu\/mt\/wp-json\/wp\/v2\/product_tag?post=697540"}],"curies":[{"name":"wp","href":"https:\/\/api.w.org\/{rel}","templated":true}]}}